{"id":3887,"date":"2016-01-22T03:46:42","date_gmt":"2016-01-22T03:46:42","guid":{"rendered":"https:\/\/brudylab.net\/profesionales\/aplicaciones\/"},"modified":"2023-10-30T11:37:17","modified_gmt":"2023-10-30T11:37:17","slug":"aplicaciones","status":"publish","type":"page","link":"https:\/\/brudylab.net\/profesionales\/pt-pt\/aplicaciones\/","title":{"rendered":"Aplica\u00e7\u00f5es"},"content":{"rendered":"<p>[vc_row rt_row_background_width=&#8221;fullwidth&#8221; rt_row_content_width=&#8221;default&#8221; rt_row_style=&#8221;default-style&#8221; rt_row_borders=&#8221;&#8221; rt_row_shadows=&#8221;&#8221; rt_row_paddings=&#8221;true&#8221; rt_bg_effect=&#8221;parallax&#8221; rt_bg_parallax_effect=&#8221;1&#8243; rt_bg_image_repeat=&#8221;repeat&#8221; rt_bg_size=&#8221;auto auto&#8221; rt_bg_position=&#8221;right top&#8221; rt_bg_video_format=&#8221;self-hosted&#8221; rt_row_width=&#8221;default&#8221; rt_row_placement=&#8221;true&#8221; rt_grid=&#8221;&#8221; rt_padding_top=&#8221;60&#8243; rt_padding_bottom=&#8221;60&#8243;][vc_column width=&#8221;1\/4&#8243; rt_column_shadow=&#8221;&#8221; rt_bg_image_repeat=&#8221;repeat&#8221; rt_bg_size=&#8221;auto auto&#8221; rt_bg_attachment=&#8221;scroll&#8221;]<div class=\"rt_heading_wrapper style-1\">\n\t\t\t\t\t\t<a href=\"\/profesionales\/aplicaciones\/area-de-salud-ocular\/\" target=\"_self\" title=\"\"><h4 class=\"rt_heading  with_punchline style-1\" ><span class=\"punchline\">01<\/span>\u00c1rea de sa\u00fade ocular<\/h4><\/a>\n\t\t\t\t\t<\/div>[vc_column_text]<\/p>\n<div>Triglic\u00e9rido de DHA no s\u00edndrome de olho seco<\/div>\n<div>Triglic\u00e9rido de DHA na retinopatia diab\u00e9tica<\/div>\n<div>Triglic\u00e9rido DHA na uve\u00edte anterior n\u00e3o infecciosa<\/div>\n<div>Triglic\u00e9rido DHA e lute\u00edna<\/div>\n<p>[\/vc_column_text][vc_empty_space height=&#8221;5px&#8221;]<a  href=\"\/profesionales\/aplicaciones\/area-de-salud-ocular\/\" target=\"_self\" title=\"Link Title\" class=\"read_more class name text small align\">Continuar lendo<\/a>[\/vc_column][vc_column width=&#8221;1\/4&#8243; rt_column_shadow=&#8221;&#8221; rt_bg_image_repeat=&#8221;repeat&#8221; rt_bg_size=&#8221;auto auto&#8221; rt_bg_attachment=&#8221;scroll&#8221;]<div class=\"rt_heading_wrapper style-1\">\n\t\t\t\t\t\t<a href=\"\/profesionales\/aplicaciones\/otras-areas-de-salud\/\" target=\"_self\" title=\"\"><h4 class=\"rt_heading  with_punchline style-1\" ><span class=\"punchline\">02<\/span>Outras \u00e1reas da sa\u00fade<\/h4><\/a>\n\t\t\t\t\t<\/div>[vc_column_text]<\/p>\n<div>Triglic\u00e9rido DHA e d\u00e9ficit de atenci\u00f3n com\/sem hiperatividade<\/div>\n<div>DHA no letie materno e prematuridade<\/div>\n<div>Triglicerido DHA e fertilidade<\/div>\n<div>Triglicerido DHA no desporto e exerc\u00edcio fisico<\/div>\n<div>Triglicerido DHA no metabolismo lip\u00eddico<\/div>\n<div>Triglic\u00e9rido DHA na esteatose hep\u00e1tica n\u00e3o alco\u00f3lica<br \/>\nDHA na fibrose c\u00edstica infantil<\/div>\n<p>[\/vc_column_text][vc_empty_space height=&#8221;5px&#8221;]<a  href=\"\/profesionales\/aplicaciones\/otras-areas-de-salud\/\" target=\"_self\" title=\"Link Title\" class=\"read_more class name text small align\">Continuar lendo<\/a>[\/vc_column][vc_column width=&#8221;1\/4&#8243; rt_column_shadow=&#8221;&#8221; rt_bg_image_repeat=&#8221;repeat&#8221; rt_bg_size=&#8221;auto auto&#8221; rt_bg_attachment=&#8221;scroll&#8221;][\/vc_column][vc_column width=&#8221;1\/4&#8243; rt_column_shadow=&#8221;&#8221; rt_bg_image_repeat=&#8221;repeat&#8221; rt_bg_size=&#8221;auto auto&#8221; rt_bg_attachment=&#8221;scroll&#8221;][\/vc_column][\/vc_row]<\/p>\n","protected":false},"excerpt":{"rendered":"<p>[vc_row rt_row_background_width=&#8221;fullwidth&#8221; rt_row_content_width=&#8221;default&#8221; rt_row_style=&#8221;default-style&#8221; rt_row_borders=&#8221;&#8221; rt_row_shadows=&#8221;&#8221; rt_row_paddings=&#8221;true&#8221; rt_bg_effect=&#8221;parallax&#8221; rt_bg_parallax_effect=&#8221;1&#8243; rt_bg_image_repeat=&#8221;repeat&#8221; rt_bg_size=&#8221;auto auto&#8221; rt_bg_position=&#8221;right top&#8221; rt_bg_video_format=&#8221;self-hosted&#8221; rt_row_width=&#8221;default&#8221; rt_row_placement=&#8221;true&#8221; rt_grid=&#8221;&#8221; rt_padding_top=&#8221;60&#8243; rt_padding_bottom=&#8221;60&#8243;][vc_column width=&#8221;1\/4&#8243; rt_column_shadow=&#8221;&#8221; rt_bg_image_repeat=&#8221;repeat&#8221; rt_bg_size=&#8221;auto auto&#8221; rt_bg_attachment=&#8221;scroll&#8221;][vc_column_text] Triglic\u00e9rido de DHA no s\u00edndrome de olho seco Triglic\u00e9rido de DHA na retinopatia diab\u00e9tica Triglic\u00e9rido DHA na uve\u00edte anterior n\u00e3o infecciosa Triglic\u00e9rido DHA e lute\u00edna [\/vc_column_text][vc_empty_space height=&#8221;5px&#8221;][\/vc_column][vc_column width=&#8221;1\/4&#8243; rt_column_shadow=&#8221;&#8221; &#8230; <a class=\"more-link\" href=\"https:\/\/brudylab.net\/profesionales\/pt-pt\/aplicaciones\/\">Continue reading<\/a><\/p>\n","protected":false},"author":1,"featured_media":0,"parent":0,"menu_order":0,"comment_status":"closed","ping_status":"closed","template":"","meta":{"inline_featured_image":false,"footnotes":""},"class_list":["post-3887","page","type-page","status-publish","hentry"],"_links":{"self":[{"href":"https:\/\/brudylab.net\/profesionales\/pt-pt\/wp-json\/wp\/v2\/pages\/3887","targetHints":{"allow":["GET"]}}],"collection":[{"href":"https:\/\/brudylab.net\/profesionales\/pt-pt\/wp-json\/wp\/v2\/pages"}],"about":[{"href":"https:\/\/brudylab.net\/profesionales\/pt-pt\/wp-json\/wp\/v2\/types\/page"}],"author":[{"embeddable":true,"href":"https:\/\/brudylab.net\/profesionales\/pt-pt\/wp-json\/wp\/v2\/users\/1"}],"replies":[{"embeddable":true,"href":"https:\/\/brudylab.net\/profesionales\/pt-pt\/wp-json\/wp\/v2\/comments?post=3887"}],"version-history":[{"count":12,"href":"https:\/\/brudylab.net\/profesionales\/pt-pt\/wp-json\/wp\/v2\/pages\/3887\/revisions"}],"predecessor-version":[{"id":4875,"href":"https:\/\/brudylab.net\/profesionales\/pt-pt\/wp-json\/wp\/v2\/pages\/3887\/revisions\/4875"}],"wp:attachment":[{"href":"https:\/\/brudylab.net\/profesionales\/pt-pt\/wp-json\/wp\/v2\/media?parent=3887"}],"curies":[{"name":"wp","href":"https:\/\/api.w.org\/{rel}","templated":true}]}}