{"id":3899,"date":"2022-11-11T10:32:10","date_gmt":"2022-11-11T10:32:10","guid":{"rendered":"https:\/\/brudylab.net\/profesionales\/aplicaciones\/otras-areas-de-salud\/"},"modified":"2023-11-02T10:20:23","modified_gmt":"2023-11-02T10:20:23","slug":"otras-areas-de-salud","status":"publish","type":"page","link":"https:\/\/brudylab.net\/profesionales\/pt-pt\/aplicaciones\/otras-areas-de-salud\/","title":{"rendered":"Outras \u00e1reas da sa\u00fade"},"content":{"rendered":"<p>[vc_row rt_row_background_width=&#8221;fullwidth&#8221; rt_row_content_width=&#8221;default&#8221; rt_row_style=&#8221;default-style&#8221; rt_row_borders=&#8221;&#8221; rt_row_shadows=&#8221;&#8221; rt_row_paddings=&#8221;true&#8221; rt_bg_effect=&#8221;classic&#8221; rt_bg_image_repeat=&#8221;repeat&#8221; rt_bg_size=&#8221;cover&#8221; rt_bg_position=&#8221;right top&#8221; rt_bg_attachment=&#8221;scroll&#8221; rt_bg_video_format=&#8221;self-hosted&#8221;][vc_column rt_column_shadow=&#8221;&#8221; rt_bg_image_repeat=&#8221;repeat&#8221; rt_bg_size=&#8221;auto auto&#8221; rt_bg_attachment=&#8221;scroll&#8221;][vc_column_text]<\/p>\n<div id=\"attachment_10\" style=\"width: 310px\" class=\"wp-caption alignright\"><img loading=\"lazy\" decoding=\"async\" aria-describedby=\"caption-attachment-10\" class=\"wp-image-10 size-medium\" src=\"https:\/\/brudylab.net\/profesionales\/wp-content\/uploads\/sites\/3\/2022\/11\/nin%CC%83o_jugando.jpg\" alt=\"ni\u00f1o_jugando\" width=\"300\" height=\"300\" \/><p id=\"caption-attachment-10\" class=\"wp-caption-text\">Ojo seco inflamado<\/p><\/div>\n<h2 class=\"border-left-blue\" style=\"margin-top: 30px\"><strong>TRIGLICERIDO DHA E D\u00c9FICIT DE ATEN\u00c7\u00c3O COM\/SEM HIPERATIVIDADE<\/strong><\/h2>\n<p>Efeitos da suplementa\u00e7\u00e3o de triglicer\u00eddos DHA em crian\u00e7as com transtorno de d\u00e9ficit de aten\u00e7\u00e3o com ou sem hiperatividade (TDAH).<\/p>\n\t \n\t\t<div  class=\"bullet-list style-1  check\">\n\t\t<ul>\n<li>1- Na Faculdade de Psicologia de Oviedo, foi realizado um estudo cl\u00ednico com 95 meninos e meninas, de 6 a 18 anos com diagn\u00f3stico de TDAH (DSM-5) de qualquer subtipo, com ou sem tratamento com psicoestimulantes, em duplo-cego e controlado por placebo, com seguimento de 6 meses. O grupo experimental recebeu um alimento para uso m\u00e9dico especial baseado em 1 ou 2 g\/dia de triglic\u00e9rides DHA, dependendo do peso corporal da crian\u00e7a. A aten\u00e7\u00e3o seletiva foi avaliada pelo teste d2 e a aten\u00e7\u00e3o sustentada pelo teste AULA Nesplora, bem como medidas baseadas na observa\u00e7\u00e3o do comportamento usando as escalas EDAH e a escala de Conners para pais, comparando a situa\u00e7\u00e3o inicial com a situa\u00e7\u00e3o final aos 6 meses. O tratamento farmacol\u00f3gico n\u00e3o teve efeito nas an\u00e1lises das vari\u00e1veis de teste. A magnitude das diferen\u00e7as intragrupos nas vari\u00e1veis do teste d2 e do teste AULA Nesplora foram maiores no grupo DHA do que no grupo Placebo, mas as diferen\u00e7as intergrupos n\u00e3o foram significativas. Nas vari\u00e1veis comportamentais, foram observadas diferen\u00e7as significativas em termos de d\u00e9ficit de aten\u00e7\u00e3o, e em termos de d\u00e9ficit de aten\u00e7\u00e3o e hiperatividade, e na escala de Conners houve diferen\u00e7as significativas intragrupos, mas n\u00e3o intergrupos, embora no grupo DHA os sintomas de TDAH tenham diminu\u00eddo , enquanto no grupo placebo os sintomas pioraram. A magnitude das melhorias intragrupo em vari\u00e1veis cognitivas e diferen\u00e7as intergrupo em vari\u00e1veis comportamentais suportam o benef\u00edcio da suplementa\u00e7\u00e3o. Os resultados indicam que a suplementa\u00e7\u00e3o alimentar pode constituir uma estrat\u00e9gia complementar n\u00e3o farmacol\u00f3gica eficaz em crian\u00e7as e adolescentes acometidos pelo TDAH.<em style=\"margin-top: 20px\">&#8211; Celestino Rodr\u00edguez, et al; Supplementation with High Content Docosahexaenoic Acid Triglyceride in Attention Deficit Hyperactivity Disorder: A Randomized Double-Blind Placebo-Controlled Trial; Neuropsychiatric Disease and Treatment 2019; 15: 1193-1209<\/em><br \/>\n<a class=\"btn btn-informe\" href=\"https:\/\/brudylab.net\/profesionales\/pt-pt\/estudios-e-informes\/#trastorno\" target=\"_blank\" rel=\"noopener\">Leia o estudio originais<\/a><\/li>\n<\/ul>\n\n\t\t<\/div>\n\t\n<div id=\"attachment_10\" style=\"width: 310px\" class=\"wp-caption alignright\"><img loading=\"lazy\" decoding=\"async\" aria-describedby=\"caption-attachment-10\" class=\"wp-image-10 size-medium\" src=\"https:\/\/brudylab.net\/profesionales\/wp-content\/uploads\/sites\/3\/2022\/11\/bebe_incubadora.jpg\" alt=\"bebe_incubadora\" width=\"300\" height=\"300\" \/><p id=\"caption-attachment-10\" class=\"wp-caption-text\">Ojo seco inflamado<\/p><\/div>\n<h2 class=\"border-left-blue\" style=\"margin-top: 30px\"><strong>DHA NO LEITE MATERNO E PREMATURIDADE<\/strong><\/h2>\n<p>Compara\u00e7\u00e3o dos n\u00edveis de DHA presentes no leite materno e no leite de doadoras (banco de leite) de crian\u00e7as nascidas prematuras.<\/p>\n\t \n\t\t<div  class=\"bullet-list style-1  check\">\n\t\t<ul>\n<li>1- Utilizando cromatografia gasosa e espectrometria de massa, foram analisadas amostras de leite de 118 m\u00e3es de crian\u00e7as nascidas prematuramente com menos de 32 semanas de idade gestacional, amostras em diferentes fases do per\u00edodo de lacta\u00e7\u00e3o. Tamb\u00e9m foram analisadas 10 amostras de doadoras (banco de leite). O estudo mostra que o leite colostro desde a primeira semana \u00e9 o que atinge os n\u00edveis mais altos de DHA (0,66% do total de \u00e1cidos gordos presentes), enquanto que \u00e0 medida que o leite amadurece: leite de transi\u00e7\u00e3o das primeiras 2 semanas (0,50%) e leite maduro at\u00e9 a quarta semana (0,50%), os n\u00edveis de DHA s\u00e3o reduzidos, atingindo n\u00edveis pr\u00f3ximos ao n\u00edvel sub\u00f3timo (&lt;&lt;0,4% do total de \u00e1cidos gordos presentes) ap\u00f3s 4 semanas do in\u00edcio da lacta\u00e7\u00e3o (0,49%). Os n\u00edveis detectados no leite da doadora (banco de leite) s\u00e3o significativamente menores (0,31%), o que significa 53% menos presen\u00e7a de DHA do que no colostro da pr\u00f3pria m\u00e3e. Isto indica que o uso de leite pasteurizado de doadora exclusivamente ou em combina\u00e7\u00e3o com a amamenta\u00e7\u00e3o proporciona n\u00edveis inadequados de DHA em beb\u00e9s nascidos prematuros. Tamb\u00e9m sugere que o leite do banco de doadores deve ser fortificado com uma quantidade adicional de DHA para garantir o fornecimento adequado a estes prematuros. Fica claro que as m\u00e3es lactantes devem aumentar sua ingest\u00e3o de DHA, seja atrav\u00e9s do consumo de peixes ou suplementos fortificados com DHA.<em style=\"margin-top: 20px\">&#8211; F\u00e9lix Castillo, et al; Inadequate Content of Docosahexaenoic Acid (DHA) of Donor Human Milk for Feeding Preterm Infants: A Comparison with Mother\u2019s Own Milk at Different Stages of Lactation, Nutrients 2021, 13, 1300.<\/em><br \/>\n<a class=\"btn btn-informe\" href=\"https:\/\/brudylab.net\/profesionales\/pt-pt\/estudios-e-informes\/#lactancia\" target=\"_blank\" rel=\"noopener\">Leia o estudio originais<\/a><\/li>\n<li>2- Erythrocyte Membrane Docosahexaenoic Acid (DHA) and Lipid Profile in Preterm Infants at Birth and Over the First Month of Life: A Comparative Study with Infants at Term<em style=\"margin-top: 20px\">&#8211; F\u00e9lix Castillo Salinas, Alicia Montaner Ram\u00f3n, F\u00e9lix-Joel Castillo Ferrer, Adri\u00e0 Domingo-Carnice, Bego\u00f1a Cordobilla, Joan Carles Domingo.<\/em><br \/>\n<a class=\"btn btn-informe\" href=\"https:\/\/doi.org\/10.3390\/nu14234956\" target=\"_blank\" rel=\"noopener\">Leia o estudio originais<\/a><\/li>\n<\/ul>\n\n\t\t<\/div>\n\t\n<div id=\"attachment_10\" style=\"width: 310px\" class=\"wp-caption alignright\"><img loading=\"lazy\" decoding=\"async\" aria-describedby=\"caption-attachment-10\" class=\"wp-image-10 size-medium\" src=\"https:\/\/brudylab.net\/profesionales\/wp-content\/uploads\/sites\/3\/2022\/11\/espermas_fluorescentes.jpg\" alt=\"espermas_fluorescentes\" width=\"300\" height=\"300\" \/><p id=\"caption-attachment-10\" class=\"wp-caption-text\">Ojo seco inflamado<\/p><\/div>\n<h2 class=\"border-left-blue\" style=\"margin-top: 30px\"><strong>TRIGLICERIDO DHA E FERTILIDADE<\/strong><\/h2>\n<p>Estudamos os efeitos antioxidantes do triglicer\u00eddo DHA na fragmenta\u00e7\u00e3o oxidativa do DNA do esperma e no fluido seminal de doentes do sexo masculino tendo dificuldade em conceber.<\/p>\n\t \n\t\t<div  class=\"bullet-list style-1  check\">\n\t\t<ul>\n<li>1- Suplementa\u00e7\u00e3o de TG-DHA-TG administrada a 54 doentes mostrando uma porcentagem anormal, taxa patol\u00f3gica de 27% de fragmenta\u00e7\u00e3o do DNA do esperma devido ao stress oxidativo, medida pelo ensaio de marca\u00e7\u00e3o terminal UTP desoxigenado nucleotidil-transferase de fluoresc\u00eancia (t\u00e9cnica TUNEL), uma redu\u00e7\u00e3o significativa na taxa de fragmenta\u00e7\u00e3o do DNA para n\u00edveis considerados normais em jovens (&lt;&lt;10%) \u00e9 observada ap\u00f3s 10 semanas de administra\u00e7\u00e3o de 1g\/dia de TG-DHA; tamb\u00e9m melhorou significativamente o status antioxidante do fluido seminal, em compara\u00e7\u00e3o com pacientes controlados por placebo.<em style=\"margin-top: 20px\">&#8211; Juan Carlos Martinez-Soto, et al; Dietary supplementation with docosahexaenoic acid (DHA) improves seminal antioxidant status and decreases sperm DNA fragmentation; Systems Biology in Reproductive Medicine, 62 (6):387-395.<\/em><br \/>\n<a class=\"btn btn-informe\" href=\"https:\/\/brudylab.net\/profesionales\/pt-pt\/estudios-e-informes\/#fertilidad\" target=\"_blank\" rel=\"noopener\">Leia o estudio originais<\/a><\/li>\n<\/ul>\n\n\t\t<\/div>\n\t\n<div id=\"attachment_10\" style=\"width: 310px\" class=\"wp-caption alignright\"><img loading=\"lazy\" decoding=\"async\" aria-describedby=\"caption-attachment-10\" class=\"wp-image-10 size-medium\" src=\"https:\/\/brudylab.net\/profesionales\/wp-content\/uploads\/sites\/3\/2022\/11\/ciclista.jpg\" alt=\"ciclista\" width=\"300\" height=\"300\" \/><p id=\"caption-attachment-10\" class=\"wp-caption-text\">Ojo seco inflamado<\/p><\/div>\n<h2 class=\"border-left-blue\" style=\"margin-top: 30px\"><strong>TRIGLICERIDO DHA NO DESPORTO E EXERC\u00cdCIO FISICO<\/strong><\/h2>\n<p>Foram estudados os efeitos da suplementa\u00e7\u00e3o com triglic\u00e9rido de DHA em deportistas com a finalidade de avaliar sua influ\u00eancia na prote\u00e7\u00e3o antioxidante , nas possiveis melhorias e efic\u00e1cia durante o exercicio aerobico, nos marcadores de les\u00e3o muscular no exercicio, bem como varia\u00e7\u00f5es no tempo de rea\u00e7\u00e3o complexo durante o exerc\u00edcio.<\/p>\n\t \n\t\t<div  class=\"bullet-list style-1  check\">\n\t\t<ul>\n<li>1- A suplementa\u00e7\u00e3o com DHA-TG reesterificado exerce uma atividade antioxidante end\u00f3gena dependente da dose contra o exerc\u00edcio aer\u00f3bico de intensidade moderada e de longa dura\u00e7\u00e3o, pois fornece pelo menos 1050 mg por dia durante 4 semanas.<em style=\"margin-top: 20px\">-Lydia de Salazar, et al; Oxidative Stress in Endurance Cycling Is Reduced Dose-Dependently after One Month of Re-Esterified DHA Supplementation; Antioxidants 2020, 9: 1145.<\/em><\/li>\n<li>2- A suplementa\u00e7\u00e3o com DHA-TG reesterificado (2,1 g\/dia) com \u00e1cido eicosapentaenoico (240 mg\/dia) reduz significativamente a express\u00e3o das citoquinas pr\u00f3-inflamat\u00f3rias (IL-1\uf062 e IL-6), como os marcadores do dano muscular (CPK y LDH-5) e uma diminui\u00e7\u00e3o da dor muscular depois do exerc\u00edcio em atletas de resist\u00eancia comparado ao grupo placebo controlado.<em style=\"margin-top: 20px\">-Domingo J. Ramos-Campo, et al; Supplementation of Re-Esterified Docosahexaenoic and Eicosapentaenoic Acids Reduce Inflammatory and Muscle Damage Markers after Exercise in Endurance Athletes: A Randomized, Controlled Crossover Trial; Nutrients 2020, 12, 719.<\/em><\/li>\n<li>3-A suplementa\u00e7\u00e3o com doses altas de DHA-TG durante 3 meses se associou com uma melhor condi\u00e7\u00e3o aer\u00f3bica tanto em ciclistas que realizam ejercicio f\u00edsico como em ciclistas n\u00e3o competitivos. Isso \u00e9 relevante devido \u00e0 influ\u00eancia potencial para melhorar a o exerc\u00edcio de resist\u00eancia.<em style=\"margin-top: 20px\">&#8211; Francisco J Lopez-Roman, et al; Effect of docosahexaenoic acid supplementation on differences of endurance exercise performance in competitive and non-competitive male cyclists; Gazzetta Medica Italiana-Archivo per la Scienze Mediche 2019 June; 178 (6): 411-6.<\/em><\/li>\n<li>4- A suplementa\u00e7\u00e3o de jogadoras de futebol de elite com DHA-TG durante 10 semanas est\u00e1 melhorando a fun\u00e7\u00e3o neuromotora como o tempo de rea\u00e7\u00e3o completo, produzindo benef\u00edcios perceptivo-motores em compara\u00e7\u00e3o com jugadoras controladas com placebo. Este dado \u00e9 importante em desportes onde a tomada de decis\u00e3o e a eficiencia do tempo de reac\u00e7\u00e3o s\u00e3o importantes.<em style=\"margin-top: 20px\">-Jos\u00e9 F. Guzman, et al; DHA- rich fish oil improves complex reaction time in female elite soccer players; Journal of Sports Science and Medicine (2011) 10, 301-305.<\/em><\/li>\n<li>5- A suplementa\u00e7\u00e3o com DHA-TG durante 30 dias em ciclistas amadores est\u00e1 melhorando o rendimento em ciclismo ao aumentar a produ\u00e7\u00e3o de pot\u00eancia no ventilador umbral anaer\u00f3bico 2, que \u00e9 sin\u00f3nimo de uma maior efic\u00e1cia aer\u00f3bica.<em style=\"margin-top: 20px\">-Vicente Avila-Gandia, et al; Re-esterified DHA improves ventilatory threshold 2 in competitive amateur cyclists; Journal of the International Society of Sports Nutrition (2020) 17:51.<\/em><br \/>\n<a class=\"btn btn-informe\" href=\"https:\/\/brudylab.net\/profesionales\/pt-pt\/estudios-e-informes\/#ejercicio\" target=\"_blank\" rel=\"noopener\">Leia o estudio originais<\/a><\/li>\n<\/ul>\n\n\t\t<\/div>\n\t\n<div id=\"attachment_10\" style=\"width: 310px\" class=\"wp-caption alignright\"><img loading=\"lazy\" decoding=\"async\" aria-describedby=\"caption-attachment-10\" class=\"wp-image-10 size-medium\" src=\"https:\/\/brudylab.net\/profesionales\/wp-content\/uploads\/sites\/3\/2022\/11\/enfermera_extraccion.jpg\" alt=\"enfermera_extraccion\" width=\"300\" height=\"300\" \/><p id=\"caption-attachment-10\" class=\"wp-caption-text\">Ojo seco inflamado<\/p><\/div>\n<h2 class=\"border-left-blue\" style=\"margin-top: 30px\"><strong>TRIGLICERIDO DHA NO METABOLISMO LIP\u00cdDICO<\/strong><\/h2>\n<p>Influ\u00eancia da suplementa\u00e7\u00e3o de TG-DHA nos n\u00edveis plasm\u00e1ticos de triglicer\u00eddos em jejum.<\/p>\n\t \n\t\t<div  class=\"bullet-list style-1  check\">\n\t\t<ul>\n<li>1- A suplementa\u00e7\u00e3o de DHA-TG por 12 meses em doentes infectados pelo HIV bem controlados, oferece uma redu\u00e7\u00e3o significativa, pronunciada e sustentada nos n\u00edveis de triglicer\u00eddeos no sangue em jejum (entre -31% e -56%) quando comparados o grupo de doentes controlados versus placebo.<em style=\"margin-top: 20px\">-Pere Domingo, et al; Effects of docosahexanoic acid on metabolic and fat parameters in HIV-infected patients on cART: A randomized, double-blind, placebo-controlled study; Clinical Nutrition 2018; 37(4):1340-47.<\/em><\/li>\n<li>-A suplementa\u00e7\u00e3o de 2-DHA-TG por 6 meses reduz a express\u00e3o g\u00e9nica do tecido adiposo inflamat\u00f3rio subcut\u00e2neo e sist\u00eamico (SAT) em doentes infectados pelo HIV bem controlados, sem qualquer efeito na adipog\u00e9nese e nos genes relacionados \u00e0 mitoc\u00f4ndria. Seu impacto nos marcadores inflamat\u00f3rios sist\u00eamicos foi restrito \u00e0 diminui\u00e7\u00e3o dos n\u00edveis de PCR de alta sensibilidade e dos n\u00edveis de \u00e1cido araquid\u00f3nico.<em style=\"margin-top: 20px\">-Pere Domingo, et al; Effects of docosahexanoic acid supplementation on inflammatory and subcutaneous adipose tissue gene expression in HIV-infected patients on combination antiretroviral therapy (cART). A sub-study of a randomized, double-blind, placebo-controlled study; Cytokine 105 (2018) 73\u201379.<\/em><br \/>\n<a class=\"btn btn-informe\" href=\"https:\/\/brudylab.net\/profesionales\/pt-pt\/estudios-e-informes\/#tmetabolicos\" target=\"_blank\" rel=\"noopener\">Leia o estudio originais<\/a><\/li>\n<\/ul>\n\n\t\t<\/div>\n\t\n<div id=\"attachment_10\" style=\"width: 310px\" class=\"wp-caption alignright\"><img loading=\"lazy\" decoding=\"async\" aria-describedby=\"caption-attachment-10\" class=\"wp-image-10 size-medium\" src=\"https:\/\/brudylab.net\/profesionales\/wp-content\/uploads\/sites\/3\/2022\/11\/higado_humano.jpg\" alt=\"higado_humano\" width=\"300\" height=\"300\" \/><p id=\"caption-attachment-10\" class=\"wp-caption-text\">Ojo seco inflamado<\/p><\/div>\n<h2 class=\"border-left-blue\" style=\"margin-top: 30px\"><strong>TRIGLICERIDOS DHA NA ESTEATOSE HEP\u00c1TICA N\u00c3O ALCO\u00d3LICA<\/strong><\/h2>\n<p>Estudo experimental em ratos para avaliar os efeitos da suplementa\u00e7\u00e3o de DHA na esteatose hep\u00e1tica n\u00e3o alco\u00f3lica.<\/p>\n\t \n\t\t<div  class=\"bullet-list style-1  check\">\n\t\t<ul>\n<li>1- A suplementa\u00e7\u00e3o de triglicer\u00eddeos DHA versus placebo a dois grupos randomizados, um de ratos cirr\u00f3ticos e outro de controle (saud\u00e1veis), por duas semanas, mostra: melhorIa no perfil pr\u00f3-inflamat\u00f3rio dos \u00e1cidos gordos hep\u00e1ticos de ratos cirr\u00f3ticos e n\u00e3o cirr\u00f3ticos, em rela\u00e7\u00e3o aos suplementados com placebo. A administra\u00e7\u00e3o de DHA corrige significativamente o desequil\u00edbrio entre \u03c9-6\/\u03c9-3, diminuindo a raz\u00e3o tanto no rato saud\u00e1vel quanto no cirr\u00f3tico; da mesma forma, em ratos cirr\u00f3ticos, \u00e9 observada uma melhora significativa no n\u00edvel de press\u00e3o portal, uma redu\u00e7\u00e3o significativa no n\u00edvel de aspartato aminotransferase circulante (AST) no sangue, uma melhora no stress oxidativo intra-hep\u00e1tico (nos hepat\u00f3citos), uma redu\u00e7\u00e3o significativa na express\u00e3o de citocinas IL-1\uf062, IL-10 e IL-6, bem como uma redu\u00e7\u00e3o significativa nos marcadores de ativa\u00e7\u00e3o da c\u00e9lula estrelada hep\u00e1tica de rato e da c\u00e9lula estrelada hep\u00e1tica humana.<em style=\"margin-top: 20px\">-Zoe Boyer-Diaz, et al; A Nutraceutical Rich in Docosahexaenoic Acid Improves Portal Hypertension in a Preclinical Model of Advanced Chronic Liver Disease; Nutrients 2019; 11:2358.<\/em><br \/>\n<a class=\"btn btn-informe\" href=\"https:\/\/brudylab.net\/profesionales\/pt-pt\/estudios-e-informes\/#hepatologia\" target=\"_blank\" rel=\"noopener\">Leia o estudio originais<\/a><\/li>\n<\/ul>\n\n\t\t<\/div>\n\t\n<h2 class=\"border-left-blue\" style=\"margin-top: 30px\"><strong>DHA NA FIBROSE C\u00cdSTICA INFANTIL<\/strong><\/h2>\n\t \n\t\t<div  class=\"bullet-list style-1  check\">\n\t\t<ul>\n<li>1-Estudo duplo-cego, controlado por placebo sobre os efeitos da suplementa\u00e7\u00e3o de triglicer\u00eddeos DHA na membrana eritrocit\u00e1ria de crian\u00e7as afetadas por fibrose c\u00edstica (N = 22).Pode-se observar que ap\u00f3s 12 meses de acompanhamento ocorrem altera\u00e7\u00f5es significativas na concentra\u00e7\u00e3o da membrana eritrocit\u00e1ria dos \u00e1cidos graxos poliinsaturados \u00f4mega-3 (DHA e EPA) e \u00f4mega-6 (ARA), exclusivamente em favor do grupo suplementado com DHA triglicer\u00eddeos, mas sem altera\u00e7\u00f5es significativas no grupo placebo. A administra\u00e7\u00e3o prolongada de DHA durante um ano foi segura e bem tolerada. A administra\u00e7\u00e3o de um suplemento rico em DHA na dose de 50 mg\/kg\/dia durante um ano pode corrigir o desequil\u00edbrio AA\/DHA dos eritr\u00f3citos e reduzir os \u00e1cidos graxos marcadores inflamat\u00f3rios.<em style=\"margin-top: 20px\">-Roser Ayats-Vidal, et al; Changes of Erythrocyte Fatty Acids after Supplementation with Highly Concentrated Docosahexaenoic Acid (DHA) in Pediatric Cystic Fibrosis: A Randomized Double-Blind Controlled Trial; J. Clin. Med. 2023, 12, 3704.<\/em><br \/>\n<a class=\"btn btn-informe\" href=\"https:\/\/www.ncbi.nlm.nih.gov\/pmc\/articles\/PMC10253750\/\" target=\" rel=\" rel=\"noopener\">Leia o estudo original<\/a>\u00a0 <a class=\"btn btn-informe\" href=\"https:\/\/brudylab.net\/profesionales\/pt-pt\/fibrose_cistica\/\" target=\" rel=\" rel=\"noopener\">Ver v\u00eddeo<\/a><\/li>\n<\/ul>\n\n\t\t<\/div>\n\t[\/vc_column_text][\/vc_column][\/vc_row]<\/p>\n","protected":false},"excerpt":{"rendered":"<p>[vc_row rt_row_background_width=&#8221;fullwidth&#8221; rt_row_content_width=&#8221;default&#8221; rt_row_style=&#8221;default-style&#8221; rt_row_borders=&#8221;&#8221; rt_row_shadows=&#8221;&#8221; rt_row_paddings=&#8221;true&#8221; rt_bg_effect=&#8221;classic&#8221; rt_bg_image_repeat=&#8221;repeat&#8221; rt_bg_size=&#8221;cover&#8221; rt_bg_position=&#8221;right top&#8221; rt_bg_attachment=&#8221;scroll&#8221; rt_bg_video_format=&#8221;self-hosted&#8221;][vc_column rt_column_shadow=&#8221;&#8221; rt_bg_image_repeat=&#8221;repeat&#8221; rt_bg_size=&#8221;auto auto&#8221; rt_bg_attachment=&#8221;scroll&#8221;][vc_column_text] TRIGLICERIDO DHA E D\u00c9FICIT DE ATEN\u00c7\u00c3O COM\/SEM HIPERATIVIDADE Efeitos da suplementa\u00e7\u00e3o de triglicer\u00eddos DHA em crian\u00e7as com transtorno de d\u00e9ficit de aten\u00e7\u00e3o com ou sem hiperatividade (TDAH). DHA NO LEITE MATERNO E PREMATURIDADE Compara\u00e7\u00e3o dos n\u00edveis &#8230; <a class=\"more-link\" href=\"https:\/\/brudylab.net\/profesionales\/pt-pt\/aplicaciones\/otras-areas-de-salud\/\">Continue reading<\/a><\/p>\n","protected":false},"author":1,"featured_media":0,"parent":3887,"menu_order":0,"comment_status":"closed","ping_status":"closed","template":"","meta":{"inline_featured_image":false,"footnotes":""},"class_list":["post-3899","page","type-page","status-publish","hentry"],"_links":{"self":[{"href":"https:\/\/brudylab.net\/profesionales\/pt-pt\/wp-json\/wp\/v2\/pages\/3899","targetHints":{"allow":["GET"]}}],"collection":[{"href":"https:\/\/brudylab.net\/profesionales\/pt-pt\/wp-json\/wp\/v2\/pages"}],"about":[{"href":"https:\/\/brudylab.net\/profesionales\/pt-pt\/wp-json\/wp\/v2\/types\/page"}],"author":[{"embeddable":true,"href":"https:\/\/brudylab.net\/profesionales\/pt-pt\/wp-json\/wp\/v2\/users\/1"}],"replies":[{"embeddable":true,"href":"https:\/\/brudylab.net\/profesionales\/pt-pt\/wp-json\/wp\/v2\/comments?post=3899"}],"version-history":[{"count":9,"href":"https:\/\/brudylab.net\/profesionales\/pt-pt\/wp-json\/wp\/v2\/pages\/3899\/revisions"}],"predecessor-version":[{"id":4903,"href":"https:\/\/brudylab.net\/profesionales\/pt-pt\/wp-json\/wp\/v2\/pages\/3899\/revisions\/4903"}],"up":[{"embeddable":true,"href":"https:\/\/brudylab.net\/profesionales\/pt-pt\/wp-json\/wp\/v2\/pages\/3887"}],"wp:attachment":[{"href":"https:\/\/brudylab.net\/profesionales\/pt-pt\/wp-json\/wp\/v2\/media?parent=3899"}],"curies":[{"name":"wp","href":"https:\/\/api.w.org\/{rel}","templated":true}]}}