{"id":3943,"date":"2022-11-08T10:47:50","date_gmt":"2022-11-08T10:47:50","guid":{"rendered":"https:\/\/brudylab.net\/profesionales\/politica-de-calidad\/"},"modified":"2024-04-10T08:57:19","modified_gmt":"2024-04-10T08:57:19","slug":"politica-de-calidad","status":"publish","type":"page","link":"https:\/\/brudylab.net\/profesionales\/pt-pt\/politica-de-calidad\/","title":{"rendered":"Pol\u00edtica de qualidade"},"content":{"rendered":"<p>[vc_row rt_row_background_width=&#8221;fullwidth&#8221; rt_row_content_width=&#8221;default&#8221; rt_row_style=&#8221;default-style&#8221; rt_row_borders=&#8221;&#8221; rt_row_shadows=&#8221;&#8221; rt_row_paddings=&#8221;true&#8221; rt_bg_effect=&#8221;classic&#8221; rt_bg_image_repeat=&#8221;repeat&#8221; rt_bg_size=&#8221;cover&#8221; rt_bg_position=&#8221;right top&#8221; rt_bg_attachment=&#8221;scroll&#8221; rt_bg_video_format=&#8221;self-hosted&#8221;][vc_column rt_column_shadow=&#8221;&#8221; rt_bg_image_repeat=&#8221;repeat&#8221; rt_bg_size=&#8221;auto auto&#8221; rt_bg_attachment=&#8221;scroll&#8221;][vc_column_text css=&#8221;.vc_custom_1712739437743{margin-bottom: 40px !important;}&#8221;]<\/p>\n<h3><strong>MISS\u00c3O<\/strong><\/h3>\n<p>Oferecemos solu\u00e7\u00f5es inovadoras adaptadas \u00e0s necessidades atuais para complementar o d\u00e9ficit de \u00d4mega 3 em n\u00edvel global, com o objetivo de melhorar a qualidade de vida de todas as pessoas e contribuir para o tratamento de doen\u00e7as associadas ao estresse oxidativo e \u00e0 inflama\u00e7\u00e3o.<\/p>\n<p>&nbsp;<\/p>\n<h3><strong>VIS\u00c3O<\/strong><\/h3>\n<p>Ser uma refer\u00eancia nacional e internacional no campo dos \u00e1cidos graxos \u00d4mega 3, oferecendo produtos relacionados \u00e0 nutri\u00e7\u00e3o, cosm\u00e9tica e sa\u00fade.<\/p>\n<p>&nbsp;<\/p>\n<h3><strong>VALORES<\/strong><\/h3>\n<ul>\n<li>Nos esfor\u00e7amos constantemente para melhorar nossos processos, a qualidade e o design de nossos produtos, atendendo aos mais altos padr\u00f5es e expectativas do mercado.<\/li>\n<li>Oferecemos produtos e servi\u00e7os adaptados para atender \u00e0s necessidades do mercado nos campos da nutri\u00e7\u00e3o, cosm\u00e9tica e sa\u00fade.<\/li>\n<li>Estabelecemos padr\u00f5es de qualidade em todos os nossos processos para garantir conformidade legal e regulat\u00f3ria de nossos produtos, bem como ader\u00eancia a especifica\u00e7\u00f5es t\u00e9cnicas e requisitos acordados com nossos clientes.<\/li>\n<li>Nossa equipe \u00e9 qualificada e est\u00e1 em constante forma\u00e7\u00e3o, e contamos com consultores especializados para garantir um sistema de qualidade.<\/li>\n<li>Focamos na inova\u00e7\u00e3o empresarial para nos tornarmos uma empresa cada vez mais competitiva, eficiente na realiza\u00e7\u00e3o de nossos objetivos e antecipando as necessidades do mercado, explorando oportunidades de crescimento.<\/li>\n<\/ul>\n<p>[\/vc_column_text][\/vc_column][\/vc_row]<\/p>\n","protected":false},"excerpt":{"rendered":"<p>[vc_row rt_row_background_width=&#8221;fullwidth&#8221; rt_row_content_width=&#8221;default&#8221; rt_row_style=&#8221;default-style&#8221; rt_row_borders=&#8221;&#8221; rt_row_shadows=&#8221;&#8221; rt_row_paddings=&#8221;true&#8221; rt_bg_effect=&#8221;classic&#8221; rt_bg_image_repeat=&#8221;repeat&#8221; rt_bg_size=&#8221;cover&#8221; rt_bg_position=&#8221;right top&#8221; rt_bg_attachment=&#8221;scroll&#8221; rt_bg_video_format=&#8221;self-hosted&#8221;][vc_column rt_column_shadow=&#8221;&#8221; rt_bg_image_repeat=&#8221;repeat&#8221; rt_bg_size=&#8221;auto auto&#8221; rt_bg_attachment=&#8221;scroll&#8221;][vc_column_text css=&#8221;.vc_custom_1712739437743{margin-bottom: 40px !important;}&#8221;] MISS\u00c3O Oferecemos solu\u00e7\u00f5es inovadoras adaptadas \u00e0s necessidades atuais para complementar o d\u00e9ficit de \u00d4mega 3 em n\u00edvel global, com o objetivo de melhorar a qualidade de vida de todas as pessoas e contribuir &#8230; <a class=\"more-link\" href=\"https:\/\/brudylab.net\/profesionales\/pt-pt\/politica-de-calidad\/\">Continue reading<\/a><\/p>\n","protected":false},"author":1,"featured_media":0,"parent":0,"menu_order":0,"comment_status":"closed","ping_status":"closed","template":"","meta":{"inline_featured_image":false,"footnotes":""},"class_list":["post-3943","page","type-page","status-publish","hentry"],"_links":{"self":[{"href":"https:\/\/brudylab.net\/profesionales\/pt-pt\/wp-json\/wp\/v2\/pages\/3943","targetHints":{"allow":["GET"]}}],"collection":[{"href":"https:\/\/brudylab.net\/profesionales\/pt-pt\/wp-json\/wp\/v2\/pages"}],"about":[{"href":"https:\/\/brudylab.net\/profesionales\/pt-pt\/wp-json\/wp\/v2\/types\/page"}],"author":[{"embeddable":true,"href":"https:\/\/brudylab.net\/profesionales\/pt-pt\/wp-json\/wp\/v2\/users\/1"}],"replies":[{"embeddable":true,"href":"https:\/\/brudylab.net\/profesionales\/pt-pt\/wp-json\/wp\/v2\/comments?post=3943"}],"version-history":[{"count":3,"href":"https:\/\/brudylab.net\/profesionales\/pt-pt\/wp-json\/wp\/v2\/pages\/3943\/revisions"}],"predecessor-version":[{"id":5046,"href":"https:\/\/brudylab.net\/profesionales\/pt-pt\/wp-json\/wp\/v2\/pages\/3943\/revisions\/5046"}],"wp:attachment":[{"href":"https:\/\/brudylab.net\/profesionales\/pt-pt\/wp-json\/wp\/v2\/media?parent=3943"}],"curies":[{"name":"wp","href":"https:\/\/api.w.org\/{rel}","templated":true}]}}