{"id":6021,"date":"2025-01-20T09:39:32","date_gmt":"2025-01-20T09:39:32","guid":{"rendered":"https:\/\/brudylab.net\/publica\/?page_id=5890"},"modified":"2025-02-25T11:33:23","modified_gmt":"2025-02-25T11:33:23","slug":"cuidado-materno-infantil","status":"publish","type":"page","link":"https:\/\/brudylab.net\/profesionales\/pt-pt\/cuidado-materno-infantil\/","title":{"rendered":"Cuidado materno infantil"},"content":{"rendered":"<p>[vc_row rt_row_background_width=&#8221;fullwidth&#8221; rt_row_content_width=&#8221;default&#8221; rt_row_style=&#8221;default-style&#8221; rt_row_borders=&#8221;&#8221; rt_row_shadows=&#8221;&#8221; rt_column_view=&#8221;boxed_columns&#8221; rt_row_paddings=&#8221;true&#8221; rt_bg_effect=&#8221;classic&#8221; rt_bg_image_repeat=&#8221;repeat&#8221; rt_bg_size=&#8221;cover&#8221; rt_bg_position=&#8221;right top&#8221; rt_bg_attachment=&#8221;scroll&#8221; rt_bg_video_format=&#8221;self-hosted&#8221;][vc_column rt_column_shadow=&#8221;&#8221; rt_bg_image_repeat=&#8221;repeat&#8221; rt_bg_size=&#8221;auto auto&#8221; rt_bg_attachment=&#8221;scroll&#8221;]\n<div id=\"product-dynamicID-718994\" class=\"product_holder product-showcase clearfix  masonry\" data-column-width=\"3\" itemscope itemtype=\"http:\/\/schema.org\/Product\">\n<div class=\"col col-sm-4 isotope-item  cuidado-materno-infantil-pt-pt\">\n\n<div class=\"product_info_holder\">\n\n\t\t\t<!-- product image -->\n\t\t<div class=\"featured_image\"> \n\t\t\t<a href=\"https:\/\/brudylab.net\/profesionales\/pt-pt\/productos\/brudyfertil-aox\/\" title=\"BRUDYFERTIL-AOX\" rel=\"bookmark\" data-image-count=\"1\"><img decoding=\"async\" src=\"https:\/\/brudylab.net\/profesionales\/wp-content\/uploads\/sites\/3\/2022\/11\/Brudyfertil-Aox-480x480.jpg\" alt=\"Brudyfertil-Aox\" class=\"active-image\" \/><\/a> \n\t\t\t\t\n\t\t\t\t\t\t<\/div>\n\t\n\n\t\n\t\t\t\t\t\t\n\t\t<div class=\"product_info\">\n\n\t\t\t\t\t\t\t\t<!-- title-->\n\t\t\t\t<h5 class=\"product-title clean_heading\"><a href=\"https:\/\/brudylab.net\/profesionales\/pt-pt\/productos\/brudyfertil-aox\/\" title=\"BRUDYFERTIL-AOX\" rel=\"bookmark\">BRUDYFERTIL-AOX<\/a><\/h5>\n\t\t\t\t\n\t\t\t\t<!-- text-->\n\t\t\t\t<p>O BRUDYFERTIL-AOX\u00ae foi projetado para complementar as necessidades di\u00e1rias de \u00e1cidos gordos essenciais da fam\u00edlia \u00f3mega-3 e incluindo o grupo de vitaminas, minerais, glutati\u00e3o e caroten\u00f3ides.<\/p>\t\t<\/div>\n\n\t\t\n\n\t\n<\/div>\n\n<div class=\"product_info_footer clearfix\"><div class=\"action_buttons\"><a href=\"https:\/\/brudylab.net\/profesionales\/pt-pt\/productos\/brudyfertil-aox\/\" title=\"BRUDYFERTIL-AOX\" class=\"details icon-angle-right\">Details<\/a><\/div><\/div> \t<\/div>\n<div class=\"col col-sm-4 isotope-item  cuidado-materno-infantil-pt-pt\">\n\n<div class=\"product_info_holder\">\n\n\t\t\t<!-- product image -->\n\t\t<div class=\"featured_image\"> \n\t\t\t<a href=\"https:\/\/brudylab.net\/profesionales\/pt-pt\/productos\/brudygesta\/\" title=\"BRUDYGESTA\" rel=\"bookmark\" data-image-count=\"1\"><img decoding=\"async\" src=\"https:\/\/brudylab.net\/profesionales\/wp-content\/uploads\/sites\/3\/2022\/11\/Brudygesta-480x480.jpg\" alt=\"Brudygesta\" class=\"active-image\" \/><\/a> \n\t\t\t\t\n\t\t\t\t\t\t<\/div>\n\t\n\n\t\n\t\t\t\t\t\t\n\t\t<div class=\"product_info\">\n\n\t\t\t\t\t\t\t\t<!-- title-->\n\t\t\t\t<h5 class=\"product-title clean_heading\"><a href=\"https:\/\/brudylab.net\/profesionales\/pt-pt\/productos\/brudygesta\/\" title=\"BRUDYGESTA\" rel=\"bookmark\">BRUDYGESTA<\/a><\/h5>\n\t\t\t\t\n\t\t\t\t<!-- text-->\n\t\t\t\t<p>BRUDYGESTA foi concebido para complementar as necessidades di\u00e1rias de \u00e1cidos gordos essenciais da fam\u00edlia \u00f3mega-3 e do grupo inclu\u00eddo de vitaminas e minerais, quer durante o per\u00edodo anterior \u00e0 gravidez em que se est\u00e1 a tentar a conce\u00e7\u00e3o, quer durante a pr\u00f3pria gravidez, situa\u00e7\u00f5es em que as necessidades destes nutrientes s\u00e3o maiores.<\/p>\t\t<\/div>\n\n\t\t\n\n\t\n<\/div>\n\n<div class=\"product_info_footer clearfix\"><div class=\"action_buttons\"><a href=\"https:\/\/brudylab.net\/profesionales\/pt-pt\/productos\/brudygesta\/\" title=\"BRUDYGESTA\" class=\"details icon-angle-right\">Details<\/a><\/div><\/div> \t<\/div>\n<div class=\"col col-sm-4 isotope-item  cuidado-materno-infantil-pt-pt\">\n\n<div class=\"product_info_holder\">\n\n\t\t\t<!-- product image -->\n\t\t<div class=\"featured_image\"> \n\t\t\t<a href=\"https:\/\/brudylab.net\/profesionales\/pt-pt\/productos\/brudylactancia\/\" title=\"BRUDYLACTANCIA\" rel=\"bookmark\" data-image-count=\"1\"><img decoding=\"async\" src=\"https:\/\/brudylab.net\/profesionales\/wp-content\/uploads\/sites\/3\/2022\/11\/Brudylactancia-480x480.jpg\" alt=\"Brudylactancia\" class=\"active-image\" \/><\/a> \n\t\t\t\t\n\t\t\t\t\t\t<\/div>\n\t\n\n\t\n\t\t\t\t\t\t\n\t\t<div class=\"product_info\">\n\n\t\t\t\t\t\t\t\t<!-- title-->\n\t\t\t\t<h5 class=\"product-title clean_heading\"><a href=\"https:\/\/brudylab.net\/profesionales\/pt-pt\/productos\/brudylactancia\/\" title=\"BRUDYLACTANCIA\" rel=\"bookmark\">BRUDYLACTANCIA<\/a><\/h5>\n\t\t\t\t\n\t\t\t\t<!-- text-->\n\t\t\t\t<p>BRUDYLACTANCIA foi concebido para complementar as necessidades di\u00e1rias de \u00e1cidos gordos essenciais da fam\u00edlia \u00f3mega-3 e do grupo inclu\u00eddo de vitaminas e minerais durante o per\u00edodo de aleitamento materno, situa\u00e7\u00e3o em que as necessidades destes nutrientes s\u00e3o maiores.<\/p>\t\t<\/div>\n\n\t\t\n\n\t\n<\/div>\n\n<div class=\"product_info_footer clearfix\"><div class=\"action_buttons\"><a href=\"https:\/\/brudylab.net\/profesionales\/pt-pt\/productos\/brudylactancia\/\" title=\"BRUDYLACTANCIA\" class=\"details icon-angle-right\">Details<\/a><\/div><\/div> \t<\/div>\n<div class=\"col col-sm-4 isotope-item  cuidado-materno-infantil-pt-pt\">\n\n<div class=\"product_info_holder\">\n\n\t\t\t<!-- product image -->\n\t\t<div class=\"featured_image\"> \n\t\t\t<a href=\"https:\/\/brudylab.net\/profesionales\/pt-pt\/productos\/brudydha-gel-kids\/\" title=\"BRUDYDHA GEL KIDS\" rel=\"bookmark\" data-image-count=\"1\"><img decoding=\"async\" src=\"https:\/\/brudylab.net\/profesionales\/wp-content\/uploads\/sites\/3\/2022\/11\/Brudy_DHA_Gel_kids-480x480.jpg\" alt=\"Brudy_DHA_Gel_kids\" class=\"active-image\" \/><\/a> \n\t\t\t\t\n\t\t\t\t\t\t<\/div>\n\t\n\n\t\n\t\t\t\t\t\t\n\t\t<div class=\"product_info\">\n\n\t\t\t\t\t\t\t\t<!-- title-->\n\t\t\t\t<h5 class=\"product-title clean_heading\"><a href=\"https:\/\/brudylab.net\/profesionales\/pt-pt\/productos\/brudydha-gel-kids\/\" title=\"BRUDYDHA GEL KIDS\" rel=\"bookmark\">BRUDYDHA GEL KIDS<\/a><\/h5>\n\t\t\t\t\n\t\t\t\t<!-- text-->\n\t\t\t\t<p>Para a gest\u00e3o nutricional de situa\u00e7\u00f5es em que \u00e9 necess\u00e1rio um m\u00f3dulo de DHA (Tridocosahexano\u00edna-AOX\u00ae) ou um enriquecimento da dieta com este triglic\u00e9rido.<\/p>\t\t<\/div>\n\n\t\t\n\n\t\n<\/div>\n\n<div class=\"product_info_footer clearfix\"><div class=\"action_buttons\"><a href=\"https:\/\/brudylab.net\/profesionales\/pt-pt\/productos\/brudydha-gel-kids\/\" title=\"BRUDYDHA GEL KIDS\" class=\"details icon-angle-right\">Details<\/a><\/div><\/div> \t<\/div>\n<div class=\"col col-sm-4 isotope-item  cuidado-materno-infantil-pt-pt\">\n\n<div class=\"product_info_holder\">\n\n\t\t\t<!-- product image -->\n\t\t<div class=\"featured_image\"> \n\t\t\t<a href=\"https:\/\/brudylab.net\/profesionales\/pt-pt\/productos\/brudygyne-dry\/\" title=\"BRUDYGYNE DRY\" rel=\"bookmark\" data-image-count=\"1\"><img decoding=\"async\" src=\"https:\/\/brudylab.net\/profesionales\/wp-content\/uploads\/sites\/3\/2022\/11\/BrudyGyne_Dry-480x480.jpg\" alt=\"BrudyGyne_Dry\" class=\"active-image\" \/><\/a> \n\t\t\t\t\n\t\t\t\t\t\t<\/div>\n\t\n\n\t\n\t\t\t\t\t\t\n\t\t<div class=\"product_info\">\n\n\t\t\t\t\t\t\t\t<!-- title-->\n\t\t\t\t<h5 class=\"product-title clean_heading\"><a href=\"https:\/\/brudylab.net\/profesionales\/pt-pt\/productos\/brudygyne-dry\/\" title=\"BRUDYGYNE DRY\" rel=\"bookmark\">BRUDYGYNE DRY<\/a><\/h5>\n\t\t\t\t\n\t\t\t\t<!-- text-->\n\t\t\t\t<p>BRUDYGYNE DRY foi desenvolvido para complementar as necessidades di\u00e1rias de \u00e1cidos gordos essenciais da fam\u00edlia Omega 3 e do grupo inclu\u00eddo de vitaminas, minerais e glutationa. <\/p>\t\t<\/div>\n\n\t\t\n\n\t\n<\/div>\n\n<div class=\"product_info_footer clearfix\"><div class=\"action_buttons\"><a href=\"https:\/\/brudylab.net\/profesionales\/pt-pt\/productos\/brudygyne-dry\/\" title=\"BRUDYGYNE DRY\" class=\"details icon-angle-right\">Details<\/a><\/div><\/div> \t<\/div>\n<\/div>\n[vc_empty_space height=&#8221;42px&#8221;][\/vc_column][\/vc_row]<\/p>\n","protected":false},"excerpt":{"rendered":"<p>[vc_row rt_row_background_width=&#8221;fullwidth&#8221; rt_row_content_width=&#8221;default&#8221; rt_row_style=&#8221;default-style&#8221; rt_row_borders=&#8221;&#8221; rt_row_shadows=&#8221;&#8221; rt_column_view=&#8221;boxed_columns&#8221; rt_row_paddings=&#8221;true&#8221; rt_bg_effect=&#8221;classic&#8221; rt_bg_image_repeat=&#8221;repeat&#8221; rt_bg_size=&#8221;cover&#8221; rt_bg_position=&#8221;right top&#8221; rt_bg_attachment=&#8221;scroll&#8221; rt_bg_video_format=&#8221;self-hosted&#8221;][vc_column rt_column_shadow=&#8221;&#8221; rt_bg_image_repeat=&#8221;repeat&#8221; rt_bg_size=&#8221;auto auto&#8221; rt_bg_attachment=&#8221;scroll&#8221;][vc_empty_space height=&#8221;42px&#8221;][\/vc_column][\/vc_row&#8230; <a class=\"more-link\" href=\"https:\/\/brudylab.net\/profesionales\/pt-pt\/productos\/brudygyne-dry\/\">Continue reading<\/a><\/p>\n","protected":false},"author":122,"featured_media":0,"parent":0,"menu_order":0,"comment_status":"closed","ping_status":"closed","template":"","meta":{"inline_featured_image":false,"footnotes":""},"class_list":["post-6021","page","type-page","status-publish","hentry"],"_links":{"self":[{"href":"https:\/\/brudylab.net\/profesionales\/pt-pt\/wp-json\/wp\/v2\/pages\/6021","targetHints":{"allow":["GET"]}}],"collection":[{"href":"https:\/\/brudylab.net\/profesionales\/pt-pt\/wp-json\/wp\/v2\/pages"}],"about":[{"href":"https:\/\/brudylab.net\/profesionales\/pt-pt\/wp-json\/wp\/v2\/types\/page"}],"author":[{"embeddable":true,"href":"https:\/\/brudylab.net\/profesionales\/pt-pt\/wp-json\/wp\/v2\/users\/122"}],"replies":[{"embeddable":true,"href":"https:\/\/brudylab.net\/profesionales\/pt-pt\/wp-json\/wp\/v2\/comments?post=6021"}],"version-history":[{"count":2,"href":"https:\/\/brudylab.net\/profesionales\/pt-pt\/wp-json\/wp\/v2\/pages\/6021\/revisions"}],"predecessor-version":[{"id":6075,"href":"https:\/\/brudylab.net\/profesionales\/pt-pt\/wp-json\/wp\/v2\/pages\/6021\/revisions\/6075"}],"wp:attachment":[{"href":"https:\/\/brudylab.net\/profesionales\/pt-pt\/wp-json\/wp\/v2\/media?parent=6021"}],"curies":[{"name":"wp","href":"https:\/\/api.w.org\/{rel}","templated":true}]}}