{"id":6024,"date":"2025-01-20T10:01:56","date_gmt":"2025-01-20T10:01:56","guid":{"rendered":"https:\/\/brudylab.net\/publica\/?page_id=5895"},"modified":"2025-02-25T11:32:18","modified_gmt":"2025-02-25T11:32:18","slug":"de-acordo-com-as-suas-necessidades","status":"publish","type":"page","link":"https:\/\/brudylab.net\/profesionales\/pt-pt\/de-acordo-com-as-suas-necessidades\/","title":{"rendered":"De acordo com as suas necessidades"},"content":{"rendered":"<p>[vc_row rt_row_background_width=&#8221;fullwidth&#8221; rt_row_content_width=&#8221;default&#8221; rt_row_style=&#8221;default-style&#8221; rt_row_borders=&#8221;&#8221; rt_row_shadows=&#8221;&#8221; rt_column_view=&#8221;boxed_columns&#8221; rt_row_paddings=&#8221;true&#8221; rt_bg_effect=&#8221;classic&#8221; rt_bg_image_repeat=&#8221;repeat&#8221; rt_bg_size=&#8221;cover&#8221; rt_bg_position=&#8221;right top&#8221; rt_bg_attachment=&#8221;scroll&#8221; rt_bg_video_format=&#8221;self-hosted&#8221;][vc_column rt_column_shadow=&#8221;&#8221; rt_bg_image_repeat=&#8221;repeat&#8221; rt_bg_size=&#8221;auto auto&#8221; rt_bg_attachment=&#8221;scroll&#8221;]\n<div id=\"product-dynamicID-144874\" class=\"product_holder product-showcase clearfix  masonry\" data-column-width=\"3\" itemscope itemtype=\"http:\/\/schema.org\/Product\">\n<div class=\"col col-sm-4 isotope-item  de-acordo-com-as-suas-necessidades\">\n\n<div class=\"product_info_holder\">\n\n\t\t\t<!-- product image -->\n\t\t<div class=\"featured_image\"> \n\t\t\t<a href=\"https:\/\/brudylab.net\/profesionales\/pt-pt\/productos\/brudyplus\/\" title=\"BRUDYPLUS\" rel=\"bookmark\" data-image-count=\"1\"><img decoding=\"async\" src=\"https:\/\/brudylab.net\/profesionales\/wp-content\/uploads\/sites\/3\/2022\/11\/Brudyplus-480x480.jpg\" alt=\"Brudyplus\" class=\"active-image\" \/><\/a> \n\t\t\t\t\n\t\t\t\t\t\t<\/div>\n\t\n\n\t\n\t\t\t\t\t\t\n\t\t<div class=\"product_info\">\n\n\t\t\t\t\t\t\t\t<!-- title-->\n\t\t\t\t<h5 class=\"product-title clean_heading\"><a href=\"https:\/\/brudylab.net\/profesionales\/pt-pt\/productos\/brudyplus\/\" title=\"BRUDYPLUS\" rel=\"bookmark\">BRUDYPLUS<\/a><\/h5>\n\t\t\t\t\n\t\t\t\t<!-- text-->\n\t\t\t\t<p>Brudy Plus foi desenvolvido para complementar as necessidades di\u00e1rias de \u00e1cidos graxos essenciais da fam\u00edlia \u00f4mega-3. A Brudy desenvolveu e patenteou uma fonte \u00fanica e exclusiva de \u00e1cido docosahexaen\u00f3ico (DHA), diferente de outros produtos com DHA do mercado: Tricosahexaeno\u00edna-AOX\u00ae.<\/p>\t\t<\/div>\n\n\t\t\n\n\t\n<\/div>\n\n<div class=\"product_info_footer clearfix\"><div class=\"action_buttons\"><a href=\"https:\/\/brudylab.net\/profesionales\/pt-pt\/productos\/brudyplus\/\" title=\"BRUDYPLUS\" class=\"details icon-angle-right\">Details<\/a><\/div><\/div> \t<\/div>\n<div class=\"col col-sm-4 isotope-item  de-acordo-com-as-suas-necessidades\">\n\n<div class=\"product_info_holder\">\n\n\t\t\t<!-- product image -->\n\t\t<div class=\"featured_image\"> \n\t\t\t<a href=\"https:\/\/brudylab.net\/profesionales\/pt-pt\/productos\/brudy-nutraceutics-onco\/\" title=\"BRUDY NUTRACEUTICS ONCO\" rel=\"bookmark\" data-image-count=\"1\"><img decoding=\"async\" src=\"https:\/\/brudylab.net\/profesionales\/wp-content\/uploads\/sites\/3\/2025\/02\/BONCO_0125-480x480.jpg\" alt=\"BONCO_0125\" class=\"active-image\" \/><\/a> \n\t\t\t\t\n\t\t\t\t\t\t<\/div>\n\t\n\n\t\n\t\t\t\t\t\t\n\t\t<div class=\"product_info\">\n\n\t\t\t\t\t\t\t\t<!-- title-->\n\t\t\t\t<h5 class=\"product-title clean_heading\"><a href=\"https:\/\/brudylab.net\/profesionales\/pt-pt\/productos\/brudy-nutraceutics-onco\/\" title=\"BRUDY NUTRACEUTICS ONCO\" rel=\"bookmark\">BRUDY NUTRACEUTICS ONCO<\/a><\/h5>\n\t\t\t\t\n\t\t\t\t<!-- text-->\n\t\t\t\t<p>BRUDY NUTRACEUTICS ONCO \u00e9 um alimento para usos m\u00e9dicos especiais M\u00f3dulo de triglicer\u00eddeos \u00f4mega-3 de cadeia muito longa (DHA).<\/p>\t\t<\/div>\n\n\t\t\n\n\t\n<\/div>\n\n<div class=\"product_info_footer clearfix\"><div class=\"action_buttons\"><a href=\"https:\/\/brudylab.net\/profesionales\/pt-pt\/productos\/brudy-nutraceutics-onco\/\" title=\"BRUDY NUTRACEUTICS ONCO\" class=\"details icon-angle-right\">Details<\/a><\/div><\/div> \t<\/div>\n<div class=\"col col-sm-4 isotope-item  de-acordo-com-as-suas-necessidades\">\n\n<div class=\"product_info_holder\">\n\n\t\t\t<!-- product image -->\n\t\t<div class=\"featured_image\"> \n\t\t\t<a href=\"https:\/\/brudylab.net\/profesionales\/pt-pt\/productos\/brudygreen\/\" title=\"BRUDY GREEN\" rel=\"bookmark\" data-image-count=\"1\"><img decoding=\"async\" src=\"https:\/\/brudylab.net\/profesionales\/wp-content\/uploads\/sites\/3\/2025\/02\/BGREEN_0125-480x480.jpg\" alt=\"BGREEN_0125\" class=\"active-image\" \/><\/a> \n\t\t\t\t\n\t\t\t\t\t\t<\/div>\n\t\n\n\t\n\t\t\t\t\t\t\n\t\t<div class=\"product_info\">\n\n\t\t\t\t\t\t\t\t<!-- title-->\n\t\t\t\t<h5 class=\"product-title clean_heading\"><a href=\"https:\/\/brudylab.net\/profesionales\/pt-pt\/productos\/brudygreen\/\" title=\"BRUDY GREEN\" rel=\"bookmark\">BRUDY GREEN<\/a><\/h5>\n\t\t\t\t\n\t\t\t\t<!-- text-->\n\t\t\t\t<p>BRUDY GREEN \u00e9 um suplemento alimentar com \u00e1cidos gordos \u00f3mega 3 veganos na forma de triglic\u00e9ridos.<\/p>\t\t<\/div>\n\n\t\t\n\n\t\n<\/div>\n\n<div class=\"product_info_footer clearfix\"><div class=\"action_buttons\"><a href=\"https:\/\/brudylab.net\/profesionales\/pt-pt\/productos\/brudygreen\/\" title=\"BRUDY GREEN\" class=\"details icon-angle-right\">Details<\/a><\/div><\/div> \t<\/div>\n<\/div>\n[vc_empty_space height=&#8221;42px&#8221;][\/vc_column][\/vc_row]<\/p>\n","protected":false},"excerpt":{"rendered":"<p>[vc_row rt_row_background_width=&#8221;fullwidth&#8221; rt_row_content_width=&#8221;default&#8221; rt_row_style=&#8221;default-style&#8221; rt_row_borders=&#8221;&#8221; rt_row_shadows=&#8221;&#8221; rt_column_view=&#8221;boxed_columns&#8221; rt_row_paddings=&#8221;true&#8221; rt_bg_effect=&#8221;classic&#8221; rt_bg_image_repeat=&#8221;repeat&#8221; rt_bg_size=&#8221;cover&#8221; rt_bg_position=&#8221;right top&#8221; rt_bg_attachment=&#8221;scroll&#8221; rt_bg_video_format=&#8221;self-hosted&#8221;][vc_column rt_column_shadow=&#8221;&#8221; rt_bg_image_repeat=&#8221;repeat&#8221; rt_bg_size=&#8221;auto auto&#8221; rt_bg_attachment=&#8221;scroll&#8221;][vc_empty_space height=&#8221;42px&#8221;][\/vc_column][\/vc_row&#8230; <a class=\"more-link\" href=\"https:\/\/brudylab.net\/profesionales\/pt-pt\/productos\/brudygreen\/\">Continue reading<\/a><\/p>\n","protected":false},"author":122,"featured_media":0,"parent":0,"menu_order":0,"comment_status":"closed","ping_status":"closed","template":"","meta":{"inline_featured_image":false,"footnotes":""},"class_list":["post-6024","page","type-page","status-publish","hentry"],"_links":{"self":[{"href":"https:\/\/brudylab.net\/profesionales\/pt-pt\/wp-json\/wp\/v2\/pages\/6024","targetHints":{"allow":["GET"]}}],"collection":[{"href":"https:\/\/brudylab.net\/profesionales\/pt-pt\/wp-json\/wp\/v2\/pages"}],"about":[{"href":"https:\/\/brudylab.net\/profesionales\/pt-pt\/wp-json\/wp\/v2\/types\/page"}],"author":[{"embeddable":true,"href":"https:\/\/brudylab.net\/profesionales\/pt-pt\/wp-json\/wp\/v2\/users\/122"}],"replies":[{"embeddable":true,"href":"https:\/\/brudylab.net\/profesionales\/pt-pt\/wp-json\/wp\/v2\/comments?post=6024"}],"version-history":[{"count":2,"href":"https:\/\/brudylab.net\/profesionales\/pt-pt\/wp-json\/wp\/v2\/pages\/6024\/revisions"}],"predecessor-version":[{"id":6072,"href":"https:\/\/brudylab.net\/profesionales\/pt-pt\/wp-json\/wp\/v2\/pages\/6024\/revisions\/6072"}],"wp:attachment":[{"href":"https:\/\/brudylab.net\/profesionales\/pt-pt\/wp-json\/wp\/v2\/media?parent=6024"}],"curies":[{"name":"wp","href":"https:\/\/api.w.org\/{rel}","templated":true}]}}