{"id":2360,"date":"2016-01-22T03:46:42","date_gmt":"2016-01-22T03:46:42","guid":{"rendered":"http:\/\/rttheme20.rtthemes.com\/?page_id=2360"},"modified":"2024-11-14T06:05:44","modified_gmt":"2024-11-14T06:05:44","slug":"aplicaciones","status":"publish","type":"page","link":"https:\/\/brudylab.net\/profesionales\/aplicaciones\/","title":{"rendered":"Aplicaciones"},"content":{"rendered":"<p>[vc_row rt_row_background_width=&#8221;fullwidth&#8221; rt_row_content_width=&#8221;default&#8221; rt_row_style=&#8221;default-style&#8221; rt_row_borders=&#8221;&#8221; rt_row_shadows=&#8221;&#8221; rt_row_paddings=&#8221;true&#8221; rt_bg_effect=&#8221;parallax&#8221; rt_bg_parallax_effect=&#8221;1&#8243; rt_bg_image_repeat=&#8221;repeat&#8221; rt_bg_size=&#8221;auto auto&#8221; rt_bg_position=&#8221;right top&#8221; rt_bg_video_format=&#8221;self-hosted&#8221; rt_row_width=&#8221;default&#8221; rt_row_placement=&#8221;true&#8221; rt_grid=&#8221;&#8221; rt_padding_top=&#8221;60&#8243; rt_padding_bottom=&#8221;60&#8243;][vc_column width=&#8221;1\/4&#8243; rt_column_shadow=&#8221;&#8221; rt_bg_image_repeat=&#8221;repeat&#8221; rt_bg_size=&#8221;auto auto&#8221; rt_bg_attachment=&#8221;scroll&#8221;]<div class=\"rt_heading_wrapper style-1\">\n\t\t\t\t\t\t<a href=\"\/profesionales\/aplicaciones\/area-de-salud-ocular\/\" target=\"_self\" title=\"\"><h4 class=\"rt_heading  with_punchline style-1\" ><span class=\"punchline\">01<\/span>\u00c1rea de salud ocular<\/h4><\/a>\n\t\t\t\t\t<\/div>[vc_column_text]<\/p>\n<div>Triglic\u00e9rido de DHA en el s\u00edndrome del ojo seco<\/div>\n<div>Triglic\u00e9rido de DHA en la retinopat\u00eda diab\u00e9tica<\/div>\n<div>Triglic\u00e9rido de DHA en la uveitis anterior no infecciosa<\/div>\n<div>Triglic\u00e9rido de DHA y lute\u00edna<\/div>\n<p>[\/vc_column_text][vc_empty_space height=&#8221;5px&#8221;]<a  href=\"\/profesionales\/aplicaciones\/area-de-salud-ocular\/\" target=\"_self\" title=\"Link Title\" class=\"read_more class name text small align\">Seguir leyendo<\/a>[\/vc_column][vc_column width=&#8221;1\/4&#8243; rt_column_shadow=&#8221;&#8221; rt_bg_image_repeat=&#8221;repeat&#8221; rt_bg_size=&#8221;auto auto&#8221; rt_bg_attachment=&#8221;scroll&#8221;]<div class=\"rt_heading_wrapper style-1\">\n\t\t\t\t\t\t<a href=\"\/profesionales\/aplicaciones\/otras-areas-de-salud\/\" target=\"_self\" title=\"\"><h4 class=\"rt_heading  with_punchline style-1\" ><span class=\"punchline\">02<\/span>Otras \u00e1reas de salud<\/h4><\/a>\n\t\t\t\t\t<\/div>[vc_column_text]<\/p>\n<div>Triglic\u00e9rido de DHA y d\u00e9ficit de atenci\u00f3n con\/sin hiperatividad<\/div>\n<div>DHA en leche materna y prematuridad<\/div>\n<div>Triglic\u00e9rido de DHA y fertilidad<\/div>\n<div>Triglic\u00e9rido de DHA en el ejercicio y el deporte<\/div>\n<div>Triglic\u00e9rido de DHA en el metabolismo lip\u00eddico<\/div>\n<div>Triglic\u00e9rido de DHA en la esteatosis hep\u00e1tica no alcoh\u00f3lica<\/div>\n<div>DHA en la fibrosis qu\u00edstica infantil<\/div>\n<p>[\/vc_column_text][vc_empty_space height=&#8221;5px&#8221;]<a  href=\"\/profesionales\/aplicaciones\/otras-areas-de-salud\/\" target=\"_self\" title=\"Link Title\" class=\"read_more class name text small align\">Seguir leyendo<\/a>[\/vc_column][vc_column width=&#8221;1\/4&#8243; rt_column_shadow=&#8221;&#8221; rt_bg_image_repeat=&#8221;repeat&#8221; rt_bg_size=&#8221;auto auto&#8221; rt_bg_attachment=&#8221;scroll&#8221;][\/vc_column][vc_column width=&#8221;1\/4&#8243; rt_column_shadow=&#8221;&#8221; rt_bg_image_repeat=&#8221;repeat&#8221; rt_bg_size=&#8221;auto auto&#8221; rt_bg_attachment=&#8221;scroll&#8221;][\/vc_column][\/vc_row]<\/p>\n","protected":false},"excerpt":{"rendered":"<p>[vc_row rt_row_background_width=&#8221;fullwidth&#8221; rt_row_content_width=&#8221;default&#8221; rt_row_style=&#8221;default-style&#8221; rt_row_borders=&#8221;&#8221; rt_row_shadows=&#8221;&#8221; rt_row_paddings=&#8221;true&#8221; rt_bg_effect=&#8221;parallax&#8221; rt_bg_parallax_effect=&#8221;1&#8243; rt_bg_image_repeat=&#8221;repeat&#8221; rt_bg_size=&#8221;auto auto&#8221; rt_bg_position=&#8221;right top&#8221; rt_bg_video_format=&#8221;self-hosted&#8221; rt_row_width=&#8221;default&#8221; rt_row_placement=&#8221;true&#8221; rt_grid=&#8221;&#8221; rt_padding_top=&#8221;60&#8243; rt_padding_bottom=&#8221;60&#8243;][vc_column width=&#8221;1\/4&#8243; rt_column_shadow=&#8221;&#8221; rt_bg_image_repeat=&#8221;repeat&#8221; rt_bg_size=&#8221;auto auto&#8221; rt_bg_attachment=&#8221;scroll&#8221;][vc_column_text] Triglic\u00e9rido de DHA en el s\u00edndrome del ojo seco Triglic\u00e9rido de DHA en la retinopat\u00eda diab\u00e9tica Triglic\u00e9rido de DHA en la uveitis anterior no infecciosa Triglic\u00e9rido de DHA y &#8230; <a class=\"more-link\" href=\"https:\/\/brudylab.net\/profesionales\/aplicaciones\/\">Continue reading<\/a><\/p>\n","protected":false},"author":122,"featured_media":0,"parent":0,"menu_order":0,"comment_status":"closed","ping_status":"closed","template":"","meta":{"inline_featured_image":false,"footnotes":""},"class_list":["post-2360","page","type-page","status-publish","hentry"],"_links":{"self":[{"href":"https:\/\/brudylab.net\/profesionales\/wp-json\/wp\/v2\/pages\/2360","targetHints":{"allow":["GET"]}}],"collection":[{"href":"https:\/\/brudylab.net\/profesionales\/wp-json\/wp\/v2\/pages"}],"about":[{"href":"https:\/\/brudylab.net\/profesionales\/wp-json\/wp\/v2\/types\/page"}],"author":[{"embeddable":true,"href":"https:\/\/brudylab.net\/profesionales\/wp-json\/wp\/v2\/users\/122"}],"replies":[{"embeddable":true,"href":"https:\/\/brudylab.net\/profesionales\/wp-json\/wp\/v2\/comments?post=2360"}],"version-history":[{"count":6,"href":"https:\/\/brudylab.net\/profesionales\/wp-json\/wp\/v2\/pages\/2360\/revisions"}],"predecessor-version":[{"id":4866,"href":"https:\/\/brudylab.net\/profesionales\/wp-json\/wp\/v2\/pages\/2360\/revisions\/4866"}],"wp:attachment":[{"href":"https:\/\/brudylab.net\/profesionales\/wp-json\/wp\/v2\/media?parent=2360"}],"curies":[{"name":"wp","href":"https:\/\/api.w.org\/{rel}","templated":true}]}}