{"id":3209,"date":"2022-11-05T15:09:12","date_gmt":"2022-11-05T15:09:12","guid":{"rendered":"https:\/\/brudylab.net\/profesionales\/?page_id=3209"},"modified":"2022-11-10T11:50:31","modified_gmt":"2022-11-10T11:50:31","slug":"lagrimas-artificiales","status":"publish","type":"page","link":"https:\/\/brudylab.net\/profesionales\/lagrimas-artificiales\/","title":{"rendered":"L\u00e1grimas artificiales"},"content":{"rendered":"<p>[vc_row rt_row_background_width=&#8221;fullwidth&#8221; rt_row_content_width=&#8221;default&#8221; rt_row_style=&#8221;default-style&#8221; rt_row_borders=&#8221;&#8221; rt_row_shadows=&#8221;&#8221; rt_column_view=&#8221;boxed_columns&#8221; rt_row_paddings=&#8221;true&#8221; rt_bg_effect=&#8221;classic&#8221; rt_bg_image_repeat=&#8221;repeat&#8221; rt_bg_size=&#8221;cover&#8221; rt_bg_position=&#8221;right top&#8221; rt_bg_attachment=&#8221;scroll&#8221; rt_bg_video_format=&#8221;self-hosted&#8221;][vc_column rt_column_shadow=&#8221;&#8221; rt_bg_image_repeat=&#8221;repeat&#8221; rt_bg_size=&#8221;auto auto&#8221; rt_bg_attachment=&#8221;scroll&#8221;][vc_column_text]Las soluciones de \u00e1cido hialur\u00f3nico son id\u00f3neas para mitigar las molestias derivadas de la sequedad ocular, por los siguientes motivos:<\/p>\n<ul>\n<li>Absoluta histocompatibilidad con los tejidos humanos, que no genera<br \/>\nsensibilizaciones al\u00e9rgicas.<\/li>\n<li>Una concentraci\u00f3n adecuada de entre el 0,10 y el 0,30% para favorecer una \u00f3ptima tolabilidad.<\/li>\n<li>Una mol\u00e9cula higrosc\u00f3pica con alto poder hidratante.<\/li>\n<li>De alto peso molecular (1200 a 1700 KDalton) para ofrecer una necesaria<br \/>\nviscoelasticidad y efectivas propiedades lubrificantes que permitan reducir el roce del parpadeo, as\u00ed como prolongar su permanencia sobre la superficie ocular.<\/li>\n<li>Con un pH fisiol\u00f3gico de 7,3 para maximizar la tolerancia t\u00f3pica<\/li>\n<li>Con la tonicidad fisiol\u00f3gica de la l\u00e1grima natural, de unos 300 mOsm\/Kg en la l\u00ednea BRUDYAL y una hipotonicidad de 150mOsm en la l\u00ednea Vismed.<\/li>\n<li>Con envase transparente, de tipo multiuso, y con un volumen suficiente para un uso prolongado en el tiempo de hasta 3 meses despu\u00e9s de la primera apertura.<\/li>\n<li>Sin l\u00edmite de uso diario y apto para usuarios de lentes de contacto.<\/li>\n<li>Est\u00e9ril y sin conservantes.<\/li>\n<\/ul>\n<p>En BRUDYLAB apostamos por ello.[\/vc_column_text][vc_empty_space height=&#8221;42px&#8221;][\/vc_column][\/vc_row][vc_row rt_row_background_width=&#8221;fullwidth&#8221; rt_row_content_width=&#8221;default&#8221; rt_row_style=&#8221;default-style&#8221; rt_row_borders=&#8221;&#8221; rt_row_shadows=&#8221;&#8221; rt_column_view=&#8221;boxed_columns&#8221; rt_row_paddings=&#8221;true&#8221; rt_bg_effect=&#8221;classic&#8221; rt_bg_image_repeat=&#8221;repeat&#8221; rt_bg_size=&#8221;cover&#8221; rt_bg_position=&#8221;right top&#8221; rt_bg_attachment=&#8221;scroll&#8221; rt_bg_video_format=&#8221;self-hosted&#8221;][vc_column rt_column_shadow=&#8221;&#8221; rt_bg_image_repeat=&#8221;repeat&#8221; rt_bg_size=&#8221;auto auto&#8221; rt_bg_attachment=&#8221;scroll&#8221;]\n<div id=\"product-dynamicID-409384\" class=\"product_holder product-showcase clearfix  masonry\" data-column-width=\"3\" itemscope itemtype=\"http:\/\/schema.org\/Product\">\n<div class=\"col col-sm-4 isotope-item  lagrimas-artificiales\">\n\n<div class=\"product_info_holder\">\n\n\t\t\t<!-- product image -->\n\t\t<div class=\"featured_image\"> \n\t\t\t<a href=\"https:\/\/brudylab.net\/profesionales\/productos\/brudyal-20-mon\/\" title=\"BRUDYAL 20 monodosis\" rel=\"bookmark\" data-image-count=\"1\"><img decoding=\"async\" src=\"https:\/\/brudylab.net\/profesionales\/wp-content\/uploads\/sites\/3\/2022\/11\/Brudyal-480x480.jpg\" alt=\"BRUDYAL 20 Monodosis\" class=\"active-image\" \/><\/a> \n\t\t\t\t\n\t\t\t\t\t\t<\/div>\n\t\n\n\t\n\t\t\t\t\t\t\n\t\t<div class=\"product_info\">\n\n\t\t\t\t\t\t\t\t<!-- title-->\n\t\t\t\t<h5 class=\"product-title clean_heading\"><a href=\"https:\/\/brudylab.net\/profesionales\/productos\/brudyal-20-mon\/\" title=\"BRUDYAL 20 monodosis\" rel=\"bookmark\">BRUDYAL 20 monodosis<\/a><\/h5>\n\t\t\t\t\n\t\t\t\t<!-- text-->\n\t\t\t\t<p>BRUDYAL es una soluci\u00f3n humectante ocular de \u00e1cido hialur\u00f3nico al 0,1% est\u00e9ril, sin conservantes, de alto peso molecular, envasada en monodosis.<\/p>\t\t<\/div>\n\n\t\t\n\n\t\n<\/div>\n\n<div class=\"product_info_footer clearfix\">\n\t\t\t<!-- product price -->\n\t\t\t<p class=\"price icon-\">\t\n\t\t\t\t<del><span class=\"amount\">\u20ac25<\/span><\/del> <ins><span class=\"amount\">\u20ac15<\/span><\/ins>\n\t\t\t<\/p> \n\t\t<div class=\"action_buttons\"><a href=\"https:\/\/brudylab.net\/profesionales\/productos\/brudyal-20-mon\/\" title=\"BRUDYAL 20 monodosis\" class=\"details icon-angle-right\">Details<\/a><\/div><\/div> \t<\/div>\n<div class=\"col col-sm-4 isotope-item  lagrimas-artificiales\">\n\n<div class=\"product_info_holder\">\n\n\t\t\t<!-- product image -->\n\t\t<div class=\"featured_image\"> \n\t\t\t<a href=\"https:\/\/brudylab.net\/profesionales\/productos\/brudyal-plus-multi\/\" title=\"BRUDYAL PLUS MULTI\" rel=\"bookmark\" data-image-count=\"1\"><img decoding=\"async\" src=\"https:\/\/brudylab.net\/profesionales\/wp-content\/uploads\/sites\/3\/2022\/11\/Brudyal_Plus_Multi-480x480.jpg\" alt=\"BRUDYAL PLUS MULTI\" class=\"active-image\" \/><\/a> \n\t\t\t\t\n\t\t\t\t\t\t<\/div>\n\t\n\n\t\n\t\t\t\t\t\t\n\t\t<div class=\"product_info\">\n\n\t\t\t\t\t\t\t\t<!-- title-->\n\t\t\t\t<h5 class=\"product-title clean_heading\"><a href=\"https:\/\/brudylab.net\/profesionales\/productos\/brudyal-plus-multi\/\" title=\"BRUDYAL PLUS MULTI\" rel=\"bookmark\">BRUDYAL PLUS MULTI<\/a><\/h5>\n\t\t\t\t\n\t\t\t\t<!-- text-->\n\t\t\t\t<p>Es una soluci\u00f3n humectante y lubricante ocular, est\u00e9ril, y con un pH fisi\u00f3l\u00f3gico, a base de hialuronato s\u00f3dico 0,10% y agua destilada de aciano azul y manzanilla, en envase multidosis, con capacidad nominal para 10ml, sin conservantes.<\/p>\t\t<\/div>\n\n\t\t\n\n\t\n<\/div>\n\n<div class=\"product_info_footer clearfix\">\n\t\t\t<!-- product price -->\n\t\t\t<p class=\"price icon-\">\t\n\t\t\t\t<del><span class=\"amount\">\u20ac25<\/span><\/del> <ins><span class=\"amount\">\u20ac15<\/span><\/ins>\n\t\t\t<\/p> \n\t\t<div class=\"action_buttons\"><a href=\"https:\/\/brudylab.net\/profesionales\/productos\/brudyal-plus-multi\/\" title=\"BRUDYAL PLUS MULTI\" class=\"details icon-angle-right\">Details<\/a><\/div><\/div> \t<\/div>\n<div class=\"col col-sm-4 isotope-item  lagrimas-artificiales\">\n\n<div class=\"product_info_holder\">\n\n\t\t\t<!-- product image -->\n\t\t<div class=\"featured_image\"> \n\t\t\t<a href=\"https:\/\/brudylab.net\/profesionales\/productos\/vismed-20-mon\/\" title=\"VISMED 20 monodosis\" rel=\"bookmark\" data-image-count=\"1\"><img decoding=\"async\" src=\"https:\/\/brudylab.net\/profesionales\/wp-content\/uploads\/sites\/3\/2022\/11\/Vismed-480x480.jpg\" alt=\"VISMED 20 Monodosis\" class=\"active-image\" \/><\/a> \n\t\t\t\t\n\t\t\t\t\t\t<\/div>\n\t\n\n\t\n\t\t\t\t\t\t\n\t\t<div class=\"product_info\">\n\n\t\t\t\t\t\t\t\t<!-- title-->\n\t\t\t\t<h5 class=\"product-title clean_heading\"><a href=\"https:\/\/brudylab.net\/profesionales\/productos\/vismed-20-mon\/\" title=\"VISMED 20 monodosis\" rel=\"bookmark\">VISMED 20 monodosis<\/a><\/h5>\n\t\t\t\t\n\t\t\t\t<!-- text-->\n\t\t\t\t<p>L\u00e1grima artificial como producto sanitario (CE) sin conservantes con elevada viscoelasticidad y mucomimesis para una optima lubrificaci\u00f3n y una prolongada permamencia y recubrimiento de la superficie ocular.<\/p>\t\t<\/div>\n\n\t\t\n\n\t\n<\/div>\n\n<div class=\"product_info_footer clearfix\">\n\t\t\t<!-- product price -->\n\t\t\t<p class=\"price icon-\">\t\n\t\t\t\t<del><span class=\"amount\">\u20ac25<\/span><\/del> <ins><span class=\"amount\">\u20ac15<\/span><\/ins>\n\t\t\t<\/p> \n\t\t<div class=\"action_buttons\"><a href=\"https:\/\/brudylab.net\/profesionales\/productos\/vismed-20-mon\/\" title=\"VISMED 20 monodosis\" class=\"details icon-angle-right\">Details<\/a><\/div><\/div> \t<\/div>\n<div class=\"col col-sm-4 isotope-item  lagrimas-artificiales\">\n\n<div class=\"product_info_holder\">\n\n\t\t\t<!-- product image -->\n\t\t<div class=\"featured_image\"> \n\t\t\t<a href=\"https:\/\/brudylab.net\/profesionales\/productos\/vismed-gel\/\" title=\"VISMED GEL\" rel=\"bookmark\" data-image-count=\"1\"><img decoding=\"async\" src=\"https:\/\/brudylab.net\/profesionales\/wp-content\/uploads\/sites\/3\/2022\/11\/Vismed_Gel-480x480.jpg\" alt=\"VISMED GEL 20 Monodosis\" class=\"active-image\" \/><\/a> \n\t\t\t\t\n\t\t\t\t\t\t<\/div>\n\t\n\n\t\n\t\t\t\t\t\t\n\t\t<div class=\"product_info\">\n\n\t\t\t\t\t\t\t\t<!-- title-->\n\t\t\t\t<h5 class=\"product-title clean_heading\"><a href=\"https:\/\/brudylab.net\/profesionales\/productos\/vismed-gel\/\" title=\"VISMED GEL\" rel=\"bookmark\">VISMED GEL<\/a><\/h5>\n\t\t\t\t\n\t\t\t\t<!-- text-->\n\t\t\t\t<p>Es un hidrogel formulado a mayor concentraci\u00f3n que VISMED\u00ae como producto sanitario (CE); se trata de una soluci\u00f3n de \u00e1cido hialur\u00f3nico al 0,30% para una lubrificaci\u00f3n y una m\u00e1s prolongada permanencia sobre la superficie ocular.<\/p>\t\t<\/div>\n\n\t\t\n\n\t\n<\/div>\n\n<div class=\"product_info_footer clearfix\">\n\t\t\t<!-- product price -->\n\t\t\t<p class=\"price icon-\">\t\n\t\t\t\t<del><span class=\"amount\">\u20ac25<\/span><\/del> <ins><span class=\"amount\">\u20ac15<\/span><\/ins>\n\t\t\t<\/p> \n\t\t<div class=\"action_buttons\"><a href=\"https:\/\/brudylab.net\/profesionales\/productos\/vismed-gel\/\" title=\"VISMED GEL\" class=\"details icon-angle-right\">Details<\/a><\/div><\/div> \t<\/div>\n<div class=\"col col-sm-4 isotope-item  lagrimas-artificiales\">\n\n<div class=\"product_info_holder\">\n\n\t\t\t<!-- product image -->\n\t\t<div class=\"featured_image\"> \n\t\t\t<a href=\"https:\/\/brudylab.net\/profesionales\/productos\/vismed-multi\/\" title=\"VISMED MULTI\" rel=\"bookmark\" data-image-count=\"1\"><img decoding=\"async\" src=\"https:\/\/brudylab.net\/profesionales\/wp-content\/uploads\/sites\/3\/2022\/11\/Vismed_Multi-480x480.jpg\" alt=\"VISMED MULTI\" class=\"active-image\" \/><\/a> \n\t\t\t\t\n\t\t\t\t\t\t<\/div>\n\t\n\n\t\n\t\t\t\t\t\t\n\t\t<div class=\"product_info\">\n\n\t\t\t\t\t\t\t\t<!-- title-->\n\t\t\t\t<h5 class=\"product-title clean_heading\"><a href=\"https:\/\/brudylab.net\/profesionales\/productos\/vismed-multi\/\" title=\"VISMED MULTI\" rel=\"bookmark\">VISMED MULTI<\/a><\/h5>\n\t\t\t\t\n\t\t\t\t<!-- text-->\n\t\t\t\t<p>VISMED MULTI es una soluci\u00f3n de \u00e1cido hialur\u00f3nico al 0,18% de alto peso molecular, con los iones naturales presentes en la l\u00e1grima, en envase multiuso de 10ml, sin conservantes, con m\u00e1s de 250 gotas.<\/p>\t\t<\/div>\n\n\t\t\n\n\t\n<\/div>\n\n<div class=\"product_info_footer clearfix\">\n\t\t\t<!-- product price -->\n\t\t\t<p class=\"price icon-\">\t\n\t\t\t\t<del><span class=\"amount\">\u20ac25<\/span><\/del> <ins><span class=\"amount\">\u20ac15<\/span><\/ins>\n\t\t\t<\/p> \n\t\t<div class=\"action_buttons\"><a href=\"https:\/\/brudylab.net\/profesionales\/productos\/vismed-multi\/\" title=\"VISMED MULTI\" class=\"details icon-angle-right\">Details<\/a><\/div><\/div> \t<\/div>\n<div class=\"col col-sm-4 isotope-item  lagrimas-artificiales\">\n\n<div class=\"product_info_holder\">\n\n\t\t\t<!-- product image -->\n\t\t<div class=\"featured_image\"> \n\t\t\t<a href=\"https:\/\/brudylab.net\/profesionales\/productos\/brudyal_video_monodosis\/\" title=\"Aplicador Brudyal\" rel=\"bookmark\" data-image-count=\"1\"><img decoding=\"async\" src=\"https:\/\/brudylab.net\/profesionales\/wp-content\/uploads\/sites\/3\/2022\/11\/Brudyal-480x480.jpg\" alt=\"BRUDYAL 20 Monodosis\" class=\"active-image\" \/><\/a> \n\t\t\t\t\n\t\t\t\t\t\t<\/div>\n\t\n\n\t\n\t\t\t\t\t\t\n\t\t<div class=\"product_info\">\n\n\t\t\t\t\t\t\t\t<!-- title-->\n\t\t\t\t<h5 class=\"product-title clean_heading\"><a href=\"https:\/\/brudylab.net\/profesionales\/productos\/brudyal_video_monodosis\/\" title=\"Aplicador Brudyal\" rel=\"bookmark\">Aplicador Brudyal<\/a><\/h5>\n\t\t\t\t\n\t\t\t\t<!-- text-->\n\t\t\t\t<p>BRUDYAL es una soluci\u00f3n humectante ocular de \u00e1cido hialur\u00f3nico al 0,1% est\u00e9ril, sin conservantes, de alto peso molecular, envasada en monodosis.<\/p>\t\t<\/div>\n\n\t\t\n\n\t\n<\/div>\n\n<div class=\"product_info_footer clearfix\">\n\t\t\t<!-- product price -->\n\t\t\t<p class=\"price icon-\">\t\n\t\t\t\t<del><span class=\"amount\">\u20ac25<\/span><\/del> <ins><span class=\"amount\">\u20ac15<\/span><\/ins>\n\t\t\t<\/p> \n\t\t<div class=\"action_buttons\"><a href=\"https:\/\/brudylab.net\/profesionales\/productos\/brudyal_video_monodosis\/\" title=\"Aplicador Brudyal\" class=\"details icon-angle-right\">Details<\/a><\/div><\/div> \t<\/div>\n<\/div>\n<button href=\"#\" class=\"load_more button_ medium color aligncenter\" autocomplete=\"off\" data-atts=\"id%2Aproduct-dynamicID-409384%7Clist_layout%2A1%2F3%7Clayout_style%2Amasonry%7Cpagination%2Atrue%7Cajax_pagination%2Atrue%7Cfeatured_image_resize%2Atrue%7Cfeatured_image_max_width%2A0%7Cfeatured_image_max_height%2A0%7Cfeatured_image_crop%2Afalse%7Clist_orderby%2Adate%7Clist_order%2AASC%7Citem_per_page%2A6%7Ccategories%2A47%7Cajax%2Afalse%7Cpaged%2A0%7Cwpml_lang%2A%7Cdisplay_descriptions%2Atrue%7Cdisplay_titles%2Atrue%7Cdisplay_price%2Atrue%7Cids%2A%7Cpurpose%2Aproducts\" data-page_count=\"2\" data-current_page=\"1\" data-listid=\"product-dynamicID-409384\"><span class=\"icon-angle-double-down\"><\/span>LOAD MORE<\/button>[vc_empty_space height=&#8221;42px&#8221;][\/vc_column][\/vc_row]<\/p>\n","protected":false},"excerpt":{"rendered":"<p>[vc_row rt_row_background_width=&#8221;fullwidth&#8221; rt_row_content_width=&#8221;default&#8221; rt_row_style=&#8221;default-style&#8221; rt_row_borders=&#8221;&#8221; rt_row_shadows=&#8221;&#8221; rt_column_view=&#8221;boxed_columns&#8221; rt_row_paddings=&#8221;true&#8221; rt_bg_effect=&#8221;classic&#8221; rt_bg_image_repeat=&#8221;repeat&#8221; rt_bg_size=&#8221;cover&#8221; rt_bg_position=&#8221;right top&#8221; rt_bg_attachment=&#8221;scroll&#8221; rt_bg_video_format=&#8221;self-hosted&#8221;][vc_column rt_column_shadow=&#8221;&#8221; rt_bg_image_repeat=&#8221;repeat&#8221; rt_bg_size=&#8221;auto auto&#8221; rt_bg_attachment=&#8221;scroll&#8221;][vc_column_text]Las soluciones de \u00e1cido hialur\u00f3nico son id\u00f3neas para mitigar las molestias derivadas de la sequedad ocular, por los siguientes motivos: Absoluta histocompatibilidad con los tejidos humanos, que no genera sensibilizaciones al\u00e9rgicas. Una concentraci\u00f3n adecuada de entre &#8230; <a class=\"more-link\" href=\"https:\/\/brudylab.net\/profesionales\/productos\/brudyal_video_monodosis\/\">Continue reading<\/a><\/p>\n","protected":false},"author":1,"featured_media":0,"parent":0,"menu_order":0,"comment_status":"closed","ping_status":"closed","template":"","meta":{"inline_featured_image":false,"footnotes":""},"class_list":["post-3209","page","type-page","status-publish","hentry"],"_links":{"self":[{"href":"https:\/\/brudylab.net\/profesionales\/wp-json\/wp\/v2\/pages\/3209","targetHints":{"allow":["GET"]}}],"collection":[{"href":"https:\/\/brudylab.net\/profesionales\/wp-json\/wp\/v2\/pages"}],"about":[{"href":"https:\/\/brudylab.net\/profesionales\/wp-json\/wp\/v2\/types\/page"}],"author":[{"embeddable":true,"href":"https:\/\/brudylab.net\/profesionales\/wp-json\/wp\/v2\/users\/1"}],"replies":[{"embeddable":true,"href":"https:\/\/brudylab.net\/profesionales\/wp-json\/wp\/v2\/comments?post=3209"}],"version-history":[{"count":4,"href":"https:\/\/brudylab.net\/profesionales\/wp-json\/wp\/v2\/pages\/3209\/revisions"}],"predecessor-version":[{"id":3469,"href":"https:\/\/brudylab.net\/profesionales\/wp-json\/wp\/v2\/pages\/3209\/revisions\/3469"}],"wp:attachment":[{"href":"https:\/\/brudylab.net\/profesionales\/wp-json\/wp\/v2\/media?parent=3209"}],"curies":[{"name":"wp","href":"https:\/\/api.w.org\/{rel}","templated":true}]}}