{"id":3810,"date":"2022-11-16T22:33:36","date_gmt":"2022-11-16T22:33:36","guid":{"rendered":"https:\/\/brudylab.net\/profesionales\/?page_id=3810"},"modified":"2022-11-16T22:33:36","modified_gmt":"2022-11-16T22:33:36","slug":"multimedia-hepatologia","status":"publish","type":"page","link":"https:\/\/brudylab.net\/profesionales\/multimedia-hepatologia\/","title":{"rendered":"Multimedia: Hepatolog\u00eda"},"content":{"rendered":"<p>[vc_row rt_row_background_width=&#8221;fullwidth&#8221; rt_row_content_width=&#8221;default&#8221; rt_row_style=&#8221;default-style&#8221; rt_row_borders=&#8221;&#8221; rt_row_shadows=&#8221;&#8221; rt_row_paddings=&#8221;true&#8221; rt_bg_effect=&#8221;classic&#8221; rt_bg_image_repeat=&#8221;repeat&#8221; rt_bg_size=&#8221;cover&#8221; rt_bg_position=&#8221;right top&#8221; rt_bg_attachment=&#8221;scroll&#8221; rt_bg_video_format=&#8221;self-hosted&#8221;][vc_column rt_column_shadow=&#8221;&#8221; rt_bg_image_repeat=&#8221;repeat&#8221; rt_bg_size=&#8221;auto auto&#8221; rt_bg_attachment=&#8221;scroll&#8221;]<div class=\"rt_heading_wrapper no-style\">\n\t\t\t\t\t\t<h3 class=\"rt_heading border-left-blue no-style\" >Estudio en modelo precl\u00ednico de ratas con enfermedad hep\u00e1tica avanzada tratadas con triglic\u00e9rido de DHA versus placebo<\/h3>\n\t\t\t\t\t<\/div>[\/vc_column][\/vc_row][vc_row rt_row_background_width=&#8221;fullwidth&#8221; rt_row_content_width=&#8221;default&#8221; rt_row_style=&#8221;default-style&#8221; rt_row_borders=&#8221;&#8221; rt_row_shadows=&#8221;&#8221; rt_row_paddings=&#8221;true&#8221; rt_bg_effect=&#8221;classic&#8221; rt_bg_image_repeat=&#8221;repeat&#8221; rt_bg_size=&#8221;cover&#8221; rt_bg_position=&#8221;right top&#8221; rt_bg_attachment=&#8221;scroll&#8221; rt_bg_video_format=&#8221;self-hosted&#8221; rt_padding_bottom=&#8221;30&#8243;][vc_column width=&#8221;1\/6&#8243; rt_column_shadow=&#8221;&#8221; rt_bg_image_repeat=&#8221;repeat&#8221; rt_bg_size=&#8221;auto auto&#8221; rt_bg_attachment=&#8221;scroll&#8221;][\/vc_column][vc_column width=&#8221;2\/3&#8243; rt_column_shadow=&#8221;&#8221; rt_bg_image_repeat=&#8221;repeat&#8221; rt_bg_size=&#8221;auto auto&#8221; rt_bg_attachment=&#8221;scroll&#8221;][vc_column_text]https:\/\/brudylab.net\/wp-content\/themes\/rt-theme-20-child\/videos\/Enfermedad_Hepatica_Avanzada.mp4[\/vc_column_text][vc_btn title=&#8221;VOLVER&#8221; color=&#8221;primary&#8221; link=&#8221;url:https%3A%2F%2Fbrudylab.net%2Fprofesionales%2Fmultimedia%2F|title:Multimedia&#8221; css=&#8221;.vc_custom_1668636384624{margin-top: 20px !important;}&#8221;][\/vc_column][vc_column width=&#8221;1\/6&#8243; rt_column_shadow=&#8221;&#8221; rt_bg_image_repeat=&#8221;repeat&#8221; rt_bg_size=&#8221;auto auto&#8221; rt_bg_attachment=&#8221;scroll&#8221;][\/vc_column][\/vc_row]<\/p>\n","protected":false},"excerpt":{"rendered":"<p>[vc_row rt_row_background_width=&#8221;fullwidth&#8221; rt_row_content_width=&#8221;default&#8221; rt_row_style=&#8221;default-style&#8221; rt_row_borders=&#8221;&#8221; rt_row_shadows=&#8221;&#8221; rt_row_paddings=&#8221;true&#8221; rt_bg_effect=&#8221;classic&#8221; rt_bg_image_repeat=&#8221;repeat&#8221; rt_bg_size=&#8221;cover&#8221; rt_bg_position=&#8221;right top&#8221; rt_bg_attachment=&#8221;scroll&#8221; rt_bg_video_format=&#8221;self-hosted&#8221;][vc_column rt_column_shadow=&#8221;&#8221; rt_bg_image_repeat=&#8221;repeat&#8221; rt_bg_size=&#8221;auto auto&#8221; rt_bg_attachment=&#8221;scroll&#8221;][\/vc_column][\/vc_row][vc_row rt_row_background_width=&#8221;fullwidth&#8221; rt_row_content_width=&#8221;default&#8221; rt_row_style=&#8221;default-style&#8221; rt_row_borders=&#8221;&#8221; rt_row_shadows=&#8221;&#8221; rt_row_paddings=&#8221;true&#8221; rt_bg_effect=&#8221;classic&#8221; rt_bg_image_repeat=&#8221;repeat&#8221; rt_bg_size=&#8221;cover&#8221; rt_bg_position=&#8221;right top&#8221; rt_bg_attachment=&#8221;scroll&#8221; rt_bg_video_format=&#8221;self-hosted&#8221; rt_padding_bottom=&#8221;30&#8243;][vc_column width=&#8221;1\/6&#8243; rt_column_shadow=&#8221;&#8221; rt_bg_image_repeat=&#8221;repeat&#8221; rt_bg_size=&#8221;auto auto&#8221; rt_bg_attachment=&#8221;scroll&#8221;][\/vc_column][vc_column width=&#8221;2\/3&#8243; rt_column_shadow=&#8221;&#8221; rt_bg_image_repeat=&#8221;repeat&#8221; rt_bg_size=&#8221;auto auto&#8221; rt_bg_attachment=&#8221;scroll&#8221;][vc_column_text]https:\/\/brudylab.net\/wp-content\/themes\/rt-theme-20-child\/videos\/Enfermedad_Hepatica_Avanzada.mp4[\/vc_column_text][vc_btn title=&#8221;VOLVER&#8221; color=&#8221;primary&#8221; link=&#8221;url:https%3A%2F%2Fbrudylab.net%2Fprofesionales%2Fmultimedia%2F|title:Multimedia&#8221; css=&#8221;.vc_custom_1668636384624{margin-top: 20px !important;}&#8221;][\/vc_column][vc_column width=&#8221;1\/6&#8243; rt_column_shadow=&#8221;&#8221; rt_bg_image_repeat=&#8221;repeat&#8221; rt_bg_size=&#8221;auto &#8230; <a class=\"more-link\" href=\"https:\/\/brudylab.net\/profesionales\/multimedia-hepatologia\/\">Continue reading<\/a><\/p>\n","protected":false},"author":1,"featured_media":0,"parent":0,"menu_order":0,"comment_status":"closed","ping_status":"closed","template":"","meta":{"inline_featured_image":false,"footnotes":""},"class_list":["post-3810","page","type-page","status-publish","hentry"],"_links":{"self":[{"href":"https:\/\/brudylab.net\/profesionales\/wp-json\/wp\/v2\/pages\/3810","targetHints":{"allow":["GET"]}}],"collection":[{"href":"https:\/\/brudylab.net\/profesionales\/wp-json\/wp\/v2\/pages"}],"about":[{"href":"https:\/\/brudylab.net\/profesionales\/wp-json\/wp\/v2\/types\/page"}],"author":[{"embeddable":true,"href":"https:\/\/brudylab.net\/profesionales\/wp-json\/wp\/v2\/users\/1"}],"replies":[{"embeddable":true,"href":"https:\/\/brudylab.net\/profesionales\/wp-json\/wp\/v2\/comments?post=3810"}],"version-history":[{"count":1,"href":"https:\/\/brudylab.net\/profesionales\/wp-json\/wp\/v2\/pages\/3810\/revisions"}],"predecessor-version":[{"id":3811,"href":"https:\/\/brudylab.net\/profesionales\/wp-json\/wp\/v2\/pages\/3810\/revisions\/3811"}],"wp:attachment":[{"href":"https:\/\/brudylab.net\/profesionales\/wp-json\/wp\/v2\/media?parent=3810"}],"curies":[{"name":"wp","href":"https:\/\/api.w.org\/{rel}","templated":true}]}}