{"id":6019,"date":"2025-01-20T09:39:32","date_gmt":"2025-01-20T09:39:32","guid":{"rendered":"https:\/\/brudylab.net\/publica\/?page_id=5887"},"modified":"2025-02-25T11:32:34","modified_gmt":"2025-02-25T11:32:34","slug":"cuidado-materno-infantil","status":"publish","type":"page","link":"https:\/\/brudylab.net\/profesionales\/cuidado-materno-infantil\/","title":{"rendered":"Cuidado Materno Infantil"},"content":{"rendered":"<p>[vc_row rt_row_background_width=&#8221;fullwidth&#8221; rt_row_content_width=&#8221;default&#8221; rt_row_style=&#8221;default-style&#8221; rt_row_borders=&#8221;&#8221; rt_row_shadows=&#8221;&#8221; rt_column_view=&#8221;boxed_columns&#8221; rt_row_paddings=&#8221;true&#8221; rt_bg_effect=&#8221;classic&#8221; rt_bg_image_repeat=&#8221;repeat&#8221; rt_bg_size=&#8221;cover&#8221; rt_bg_position=&#8221;right top&#8221; rt_bg_attachment=&#8221;scroll&#8221; rt_bg_video_format=&#8221;self-hosted&#8221;][vc_column rt_column_shadow=&#8221;&#8221; rt_bg_image_repeat=&#8221;repeat&#8221; rt_bg_size=&#8221;auto auto&#8221; rt_bg_attachment=&#8221;scroll&#8221;]\n<div id=\"product-dynamicID-708897\" class=\"product_holder product-showcase clearfix  masonry\" data-column-width=\"3\" itemscope itemtype=\"http:\/\/schema.org\/Product\">\n<div class=\"col col-sm-4 isotope-item  cuidado-materno-infantil\">\n\n<div class=\"product_info_holder\">\n\n\t\t\t<!-- product image -->\n\t\t<div class=\"featured_image\"> \n\t\t\t<a href=\"https:\/\/brudylab.net\/profesionales\/productos\/brudyfertil-aox\/\" title=\"BRUDYFERTIL-AOX\" rel=\"bookmark\" data-image-count=\"1\"><img decoding=\"async\" src=\"https:\/\/brudylab.net\/profesionales\/wp-content\/uploads\/sites\/3\/2022\/11\/Brudyfertil-Aox-480x480.jpg\" alt=\"BRUDYFERTIL-AOX\" class=\"active-image\" \/><\/a> \n\t\t\t\t\n\t\t\t\t\t\t<\/div>\n\t\n\n\t\n\t\t\t\t\t\t\n\t\t<div class=\"product_info\">\n\n\t\t\t\t\t\t\t\t<!-- title-->\n\t\t\t\t<h5 class=\"product-title clean_heading\"><a href=\"https:\/\/brudylab.net\/profesionales\/productos\/brudyfertil-aox\/\" title=\"BRUDYFERTIL-AOX\" rel=\"bookmark\">BRUDYFERTIL-AOX<\/a><\/h5>\n\t\t\t\t\n\t\t\t\t<!-- text-->\n\t\t\t\t<p>BRUDYFERTIL-AOX\u00ae ha sido ideado para complementar las necesidades diarias de \u00e1cidos grasos esenciales de la familia omega-3 y del grupo incluido de vitaminas, minerales, glutati\u00f3n y carotenoides.<\/p>\t\t<\/div>\n\n\t\t\n\n\t\n<\/div>\n\n<div class=\"product_info_footer clearfix\">\n\t\t\t<!-- product price -->\n\t\t\t<p class=\"price icon-\">\t\n\t\t\t\t<del><span class=\"amount\">\u20ac25<\/span><\/del> <ins><span class=\"amount\">\u20ac15<\/span><\/ins>\n\t\t\t<\/p> \n\t\t<div class=\"action_buttons\"><a href=\"https:\/\/brudylab.net\/profesionales\/productos\/brudyfertil-aox\/\" title=\"BRUDYFERTIL-AOX\" class=\"details icon-angle-right\">Details<\/a><\/div><\/div> \t<\/div>\n<div class=\"col col-sm-4 isotope-item  cuidado-materno-infantil\">\n\n<div class=\"product_info_holder\">\n\n\t\t\t<!-- product image -->\n\t\t<div class=\"featured_image\"> \n\t\t\t<a href=\"https:\/\/brudylab.net\/profesionales\/productos\/brudygesta\/\" title=\"BRUDYGESTA\" rel=\"bookmark\" data-image-count=\"1\"><img decoding=\"async\" src=\"https:\/\/brudylab.net\/profesionales\/wp-content\/uploads\/sites\/3\/2022\/11\/Brudygesta-480x480.jpg\" alt=\"BRUDYGESTA\" class=\"active-image\" \/><\/a> \n\t\t\t\t\n\t\t\t\t\t\t<\/div>\n\t\n\n\t\n\t\t\t\t\t\t\n\t\t<div class=\"product_info\">\n\n\t\t\t\t\t\t\t\t<!-- title-->\n\t\t\t\t<h5 class=\"product-title clean_heading\"><a href=\"https:\/\/brudylab.net\/profesionales\/productos\/brudygesta\/\" title=\"BRUDYGESTA\" rel=\"bookmark\">BRUDYGESTA<\/a><\/h5>\n\t\t\t\t\n\t\t\t\t<!-- text-->\n\t\t\t\t<p>BRUDYGESTA ha sido ideado para complementar las necesidades diarias de \u00e1cidos grasos esenciales de la familia Omega 3 y del grupo incluido de vitaminas y minerales, tanto durante el per\u00edodo previo al embarazo en el que se est\u00e1 buscando la concepci\u00f3n, como durante el embarazo efectivo.<\/p>\t\t<\/div>\n\n\t\t\n\n\t\n<\/div>\n\n<div class=\"product_info_footer clearfix\">\n\t\t\t<!-- product price -->\n\t\t\t<p class=\"price icon-\">\t\n\t\t\t\t<del><span class=\"amount\">\u20ac25<\/span><\/del> <ins><span class=\"amount\">\u20ac15<\/span><\/ins>\n\t\t\t<\/p> \n\t\t<div class=\"action_buttons\"><a href=\"https:\/\/brudylab.net\/profesionales\/productos\/brudygesta\/\" title=\"BRUDYGESTA\" class=\"details icon-angle-right\">Details<\/a><\/div><\/div> \t<\/div>\n<div class=\"col col-sm-4 isotope-item  cuidado-materno-infantil\">\n\n<div class=\"product_info_holder\">\n\n\t\t\t<!-- product image -->\n\t\t<div class=\"featured_image\"> \n\t\t\t<a href=\"https:\/\/brudylab.net\/profesionales\/productos\/brudylactancia\/\" title=\"BRUDYLACTANCIA\" rel=\"bookmark\" data-image-count=\"1\"><img decoding=\"async\" src=\"https:\/\/brudylab.net\/profesionales\/wp-content\/uploads\/sites\/3\/2022\/11\/Brudylactancia-480x480.jpg\" alt=\"BRUDYLACTANCIA\" class=\"active-image\" \/><\/a> \n\t\t\t\t\n\t\t\t\t\t\t<\/div>\n\t\n\n\t\n\t\t\t\t\t\t\n\t\t<div class=\"product_info\">\n\n\t\t\t\t\t\t\t\t<!-- title-->\n\t\t\t\t<h5 class=\"product-title clean_heading\"><a href=\"https:\/\/brudylab.net\/profesionales\/productos\/brudylactancia\/\" title=\"BRUDYLACTANCIA\" rel=\"bookmark\">BRUDYLACTANCIA<\/a><\/h5>\n\t\t\t\t\n\t\t\t\t<!-- text-->\n\t\t\t\t<p>BRUDYLACTANCIA ha sido ideado para complementar las necesidades diarias, de \u00e1cidos grasos esenciales de la familia omega-3 y del grupo incluido de vitaminas y minerales durante el per\u00edodo de lactancia materna, situaci\u00f3n en la que las necesidades de \u00e9stos nutrientes se encuentran aumentadas.<\/p>\t\t<\/div>\n\n\t\t\n\n\t\n<\/div>\n\n<div class=\"product_info_footer clearfix\">\n\t\t\t<!-- product price -->\n\t\t\t<p class=\"price icon-\">\t\n\t\t\t\t<del><span class=\"amount\">\u20ac25<\/span><\/del> <ins><span class=\"amount\">\u20ac15<\/span><\/ins>\n\t\t\t<\/p> \n\t\t<div class=\"action_buttons\"><a href=\"https:\/\/brudylab.net\/profesionales\/productos\/brudylactancia\/\" title=\"BRUDYLACTANCIA\" class=\"details icon-angle-right\">Details<\/a><\/div><\/div> \t<\/div>\n<div class=\"col col-sm-4 isotope-item  cuidado-materno-infantil\">\n\n<div class=\"product_info_holder\">\n\n\t\t\t<!-- product image -->\n\t\t<div class=\"featured_image\"> \n\t\t\t<a href=\"https:\/\/brudylab.net\/profesionales\/productos\/brudydha-gel-kids\/\" title=\"BRUDYDHA GEL KIDS\" rel=\"bookmark\" data-image-count=\"1\"><img decoding=\"async\" src=\"https:\/\/brudylab.net\/profesionales\/wp-content\/uploads\/sites\/3\/2022\/11\/Brudy_DHA_Gel_kids-480x480.jpg\" alt=\"BRUDY DHA GEL KIDS 30 sobres\" class=\"active-image\" \/><\/a> \n\t\t\t\t\n\t\t\t\t\t\t<\/div>\n\t\n\n\t\n\t\t\t\t\t\t\n\t\t<div class=\"product_info\">\n\n\t\t\t\t\t\t\t\t<!-- title-->\n\t\t\t\t<h5 class=\"product-title clean_heading\"><a href=\"https:\/\/brudylab.net\/profesionales\/productos\/brudydha-gel-kids\/\" title=\"BRUDYDHA GEL KIDS\" rel=\"bookmark\">BRUDYDHA GEL KIDS<\/a><\/h5>\n\t\t\t\t\n\t\t\t\t<!-- text-->\n\t\t\t\t<p>Para el manejo diet\u00e9tico de aquellas situaciones en las que se precise un m\u00f3dulo de DHA (Tridocosahexaeno\u00edna-AOX) o un enriquecimiento de la dieta con este triglic\u00e9rido.<\/p>\t\t<\/div>\n\n\t\t\n\n\t\n<\/div>\n\n<div class=\"product_info_footer clearfix\">\n\t\t\t<!-- product price -->\n\t\t\t<p class=\"price icon-\">\t\n\t\t\t\t<del><span class=\"amount\">\u20ac25<\/span><\/del> <ins><span class=\"amount\">\u20ac15<\/span><\/ins>\n\t\t\t<\/p> \n\t\t<div class=\"action_buttons\"><a href=\"https:\/\/brudylab.net\/profesionales\/productos\/brudydha-gel-kids\/\" title=\"BRUDYDHA GEL KIDS\" class=\"details icon-angle-right\">Details<\/a><\/div><\/div> \t<\/div>\n<div class=\"col col-sm-4 isotope-item  cuidado-materno-infantil\">\n\n<div class=\"product_info_holder\">\n\n\t\t\t<!-- product image -->\n\t\t<div class=\"featured_image\"> \n\t\t\t<a href=\"https:\/\/brudylab.net\/profesionales\/productos\/brudygyne-dry\/\" title=\"BRUDYGYNE DRY\" rel=\"bookmark\" data-image-count=\"1\"><img decoding=\"async\" src=\"https:\/\/brudylab.net\/profesionales\/wp-content\/uploads\/sites\/3\/2022\/11\/BrudyGyne_Dry-480x480.jpg\" alt=\"BrudyGyne_Dry\" class=\"active-image\" \/><\/a> \n\t\t\t\t\n\t\t\t\t\t\t<\/div>\n\t\n\n\t\n\t\t\t\t\t\t\n\t\t<div class=\"product_info\">\n\n\t\t\t\t\t\t\t\t<!-- title-->\n\t\t\t\t<h5 class=\"product-title clean_heading\"><a href=\"https:\/\/brudylab.net\/profesionales\/productos\/brudygyne-dry\/\" title=\"BRUDYGYNE DRY\" rel=\"bookmark\">BRUDYGYNE DRY<\/a><\/h5>\n\t\t\t\t\n\t\t\t\t<!-- text-->\n\t\t\t\t<p>BRUDYGYNE DRY ha sido ideado para complementar las necesidades diarias de \u00e1cidos grasos esenciales de la familia Omega 3, y del grupo incluido de vitaminas, minerales y glutati\u00f3n. <\/p>\t\t<\/div>\n\n\t\t\n\n\t\n<\/div>\n\n<div class=\"product_info_footer clearfix\">\n\t\t\t<!-- product price -->\n\t\t\t<p class=\"price icon-\">\t\n\t\t\t\t<del><span class=\"amount\">\u20ac25<\/span><\/del> <ins><span class=\"amount\">\u20ac15<\/span><\/ins>\n\t\t\t<\/p> \n\t\t<div class=\"action_buttons\"><a href=\"https:\/\/brudylab.net\/profesionales\/productos\/brudygyne-dry\/\" title=\"BRUDYGYNE DRY\" class=\"details icon-angle-right\">Details<\/a><\/div><\/div> \t<\/div>\n<div class=\"col col-sm-4 isotope-item  cuidado-materno-infantil\">\n\n<div class=\"product_info_holder\">\n\n\t\t\t<!-- product image -->\n\t\t<div class=\"featured_image\"> \n\t\t\t<a href=\"https:\/\/brudylab.net\/profesionales\/productos\/brudyneo\/\" title=\"BRUDYNEO\" rel=\"bookmark\" data-image-count=\"1\"><img decoding=\"async\" src=\"https:\/\/brudylab.net\/profesionales\/wp-content\/uploads\/sites\/3\/2024\/05\/Brudyneo-480x480.jpg\" alt=\"BRUDYNEO\" class=\"active-image\" \/><\/a> \n\t\t\t\t\n\t\t\t\t\t\t<\/div>\n\t\n\n\t\n\t\t\t\t\t\t\n\t\t<div class=\"product_info\">\n\n\t\t\t\t\t\t\t\t<!-- title-->\n\t\t\t\t<h5 class=\"product-title clean_heading\"><a href=\"https:\/\/brudylab.net\/profesionales\/productos\/brudyneo\/\" title=\"BRUDYNEO\" rel=\"bookmark\">BRUDYNEO<\/a><\/h5>\n\t\t\t\t\n\t\t\t\t<!-- text-->\n\t\t\t\t<p>BRUDYNEO Fortificando con DHA y ARA la leche materna para lactantes prematuros<\/p>\t\t<\/div>\n\n\t\t\n\n\t\n<\/div>\n\n<div class=\"product_info_footer clearfix\">\n\t\t\t<!-- product price -->\n\t\t\t<p class=\"price icon-\">\t\n\t\t\t\t<del><span class=\"amount\">\u20ac25<\/span><\/del> <ins><span class=\"amount\">\u20ac15<\/span><\/ins>\n\t\t\t<\/p> \n\t\t<div class=\"action_buttons\"><a href=\"https:\/\/brudylab.net\/profesionales\/productos\/brudyneo\/\" title=\"BRUDYNEO\" class=\"details icon-angle-right\">Details<\/a><\/div><\/div> \t<\/div>\n<\/div>\n<button href=\"#\" class=\"load_more button_ medium color aligncenter\" autocomplete=\"off\" data-atts=\"id%2Aproduct-dynamicID-708897%7Clist_layout%2A1%2F3%7Clayout_style%2Amasonry%7Cpagination%2Atrue%7Cajax_pagination%2Atrue%7Cfeatured_image_resize%2Atrue%7Cfeatured_image_max_width%2A0%7Cfeatured_image_max_height%2A0%7Cfeatured_image_crop%2Afalse%7Clist_orderby%2Adate%7Clist_order%2AASC%7Citem_per_page%2A6%7Ccategories%2A75%7Cajax%2Afalse%7Cpaged%2A0%7Cwpml_lang%2A%7Cdisplay_descriptions%2Atrue%7Cdisplay_titles%2Atrue%7Cdisplay_price%2Atrue%7Cids%2A%7Cpurpose%2Aproducts\" data-page_count=\"2\" data-current_page=\"1\" data-listid=\"product-dynamicID-708897\"><span class=\"icon-angle-double-down\"><\/span>LOAD MORE<\/button>[vc_empty_space height=&#8221;42px&#8221;][\/vc_column][\/vc_row]<\/p>\n","protected":false},"excerpt":{"rendered":"<p>[vc_row rt_row_background_width=&#8221;fullwidth&#8221; rt_row_content_width=&#8221;default&#8221; rt_row_style=&#8221;default-style&#8221; rt_row_borders=&#8221;&#8221; rt_row_shadows=&#8221;&#8221; rt_column_view=&#8221;boxed_columns&#8221; rt_row_paddings=&#8221;true&#8221; rt_bg_effect=&#8221;classic&#8221; rt_bg_image_repeat=&#8221;repeat&#8221; rt_bg_size=&#8221;cover&#8221; rt_bg_position=&#8221;right top&#8221; rt_bg_attachment=&#8221;scroll&#8221; rt_bg_video_format=&#8221;self-hosted&#8221;][vc_column rt_column_shadow=&#8221;&#8221; rt_bg_image_repeat=&#8221;repeat&#8221; rt_bg_size=&#8221;auto auto&#8221; rt_bg_attachment=&#8221;scroll&#8221;][vc_empty_space height=&#8221;42px&#8221;][\/vc_column][\/vc_row&#8230; <a class=\"more-link\" href=\"https:\/\/brudylab.net\/profesionales\/productos\/brudyneo\/\">Continue reading<\/a><\/p>\n","protected":false},"author":122,"featured_media":0,"parent":0,"menu_order":0,"comment_status":"closed","ping_status":"closed","template":"","meta":{"inline_featured_image":false,"footnotes":""},"class_list":["post-6019","page","type-page","status-publish","hentry"],"_links":{"self":[{"href":"https:\/\/brudylab.net\/profesionales\/wp-json\/wp\/v2\/pages\/6019","targetHints":{"allow":["GET"]}}],"collection":[{"href":"https:\/\/brudylab.net\/profesionales\/wp-json\/wp\/v2\/pages"}],"about":[{"href":"https:\/\/brudylab.net\/profesionales\/wp-json\/wp\/v2\/types\/page"}],"author":[{"embeddable":true,"href":"https:\/\/brudylab.net\/profesionales\/wp-json\/wp\/v2\/users\/122"}],"replies":[{"embeddable":true,"href":"https:\/\/brudylab.net\/profesionales\/wp-json\/wp\/v2\/comments?post=6019"}],"version-history":[{"count":1,"href":"https:\/\/brudylab.net\/profesionales\/wp-json\/wp\/v2\/pages\/6019\/revisions"}],"predecessor-version":[{"id":6073,"href":"https:\/\/brudylab.net\/profesionales\/wp-json\/wp\/v2\/pages\/6019\/revisions\/6073"}],"wp:attachment":[{"href":"https:\/\/brudylab.net\/profesionales\/wp-json\/wp\/v2\/media?parent=6019"}],"curies":[{"name":"wp","href":"https:\/\/api.w.org\/{rel}","templated":true}]}}