{"id":6022,"date":"2025-01-20T10:01:56","date_gmt":"2025-01-20T10:01:56","guid":{"rendered":"https:\/\/brudylab.net\/publica\/?page_id=5893"},"modified":"2025-02-25T11:31:47","modified_gmt":"2025-02-25T11:31:47","slug":"segun-tus-necesidades","status":"publish","type":"page","link":"https:\/\/brudylab.net\/profesionales\/segun-tus-necesidades\/","title":{"rendered":"Seg\u00fan tus necesidades"},"content":{"rendered":"<p>[vc_row rt_row_background_width=&#8221;fullwidth&#8221; rt_row_content_width=&#8221;default&#8221; rt_row_style=&#8221;default-style&#8221; rt_row_borders=&#8221;&#8221; rt_row_shadows=&#8221;&#8221; rt_column_view=&#8221;boxed_columns&#8221; rt_row_paddings=&#8221;true&#8221; rt_bg_effect=&#8221;classic&#8221; rt_bg_image_repeat=&#8221;repeat&#8221; rt_bg_size=&#8221;cover&#8221; rt_bg_position=&#8221;right top&#8221; rt_bg_attachment=&#8221;scroll&#8221; rt_bg_video_format=&#8221;self-hosted&#8221;][vc_column rt_column_shadow=&#8221;&#8221; rt_bg_image_repeat=&#8221;repeat&#8221; rt_bg_size=&#8221;auto auto&#8221; rt_bg_attachment=&#8221;scroll&#8221;]\n<div id=\"product-dynamicID-188136\" class=\"product_holder product-showcase clearfix  masonry\" data-column-width=\"3\" itemscope itemtype=\"http:\/\/schema.org\/Product\">\n<div class=\"col col-sm-4 isotope-item  segun-tus-necesidades\">\n\n<div class=\"product_info_holder\">\n\n\t\t\t<!-- product image -->\n\t\t<div class=\"featured_image\"> \n\t\t\t<a href=\"https:\/\/brudylab.net\/profesionales\/productos\/brudyplus\/\" title=\"BRUDYPLUS\" rel=\"bookmark\" data-image-count=\"1\"><img decoding=\"async\" src=\"https:\/\/brudylab.net\/profesionales\/wp-content\/uploads\/sites\/3\/2022\/11\/Brudyplus-480x480.jpg\" alt=\"BRUDYPLUS\" class=\"active-image\" \/><\/a> \n\t\t\t\t\n\t\t\t\t\t\t<\/div>\n\t\n\n\t\n\t\t\t\t\t\t\n\t\t<div class=\"product_info\">\n\n\t\t\t\t\t\t\t\t<!-- title-->\n\t\t\t\t<h5 class=\"product-title clean_heading\"><a href=\"https:\/\/brudylab.net\/profesionales\/productos\/brudyplus\/\" title=\"BRUDYPLUS\" rel=\"bookmark\">BRUDYPLUS<\/a><\/h5>\n\t\t\t\t\n\t\t\t\t<!-- text-->\n\t\t\t\t<p>BrudyPlus ha sido ideado para complementar las necesidades diarias de \u00e1cidos grasos esenciales de la familia omega-3. Brudy ha desarrollado y patentado una fuente \u00fanica y exclusiva de \u00e1cido docosahexaenoico (DHA), distinta a otros productos con DHA presentes en el mercado: la Tricosahexaeno\u00edna-AOX\u00ae.<\/p>\t\t<\/div>\n\n\t\t\n\n\t\n<\/div>\n\n<div class=\"product_info_footer clearfix\"><div class=\"action_buttons\"><a href=\"https:\/\/brudylab.net\/profesionales\/productos\/brudyplus\/\" title=\"BRUDYPLUS\" class=\"details icon-angle-right\">Details<\/a><\/div><\/div> \t<\/div>\n<div class=\"col col-sm-4 isotope-item  segun-tus-necesidades\">\n\n<div class=\"product_info_holder\">\n\n\t\t\t<!-- product image -->\n\t\t<div class=\"featured_image\"> \n\t\t\t<a href=\"https:\/\/brudylab.net\/profesionales\/productos\/brudy-dha-1200\/\" title=\"BRUDY DHA 1200\" rel=\"bookmark\" data-image-count=\"1\"><img decoding=\"async\" src=\"https:\/\/brudylab.net\/profesionales\/wp-content\/uploads\/sites\/3\/2022\/11\/Brudy_DHA_1200-480x480.jpg\" alt=\"BRUDY DHA 1200\" class=\"active-image\" \/><\/a> \n\t\t\t\t\n\t\t\t\t\t\t<\/div>\n\t\n\n\t\n\t\t\t\t\t\t\n\t\t<div class=\"product_info\">\n\n\t\t\t\t\t\t\t\t<!-- title-->\n\t\t\t\t<h5 class=\"product-title clean_heading\"><a href=\"https:\/\/brudylab.net\/profesionales\/productos\/brudy-dha-1200\/\" title=\"BRUDY DHA 1200\" rel=\"bookmark\">BRUDY DHA 1200<\/a><\/h5>\n\t\t\t\t\n\t\t\t\t<!-- text-->\n\t\t\t\t<p>Brudy DHA 1200 ha sido ideado para complementar las necesidades diarias de \u00e1cidos grasos esenciales de la familia omega-3. Brudy ha desarrollado y patentado una fuente \u00fanica y exclusiva de \u00e1cido docosahexaenoico (DHA), distinta a otros productos con DHA presentes en el mercado: la Tricosahexaeno\u00edna-AOX\u00ae.<\/p>\t\t<\/div>\n\n\t\t\n\n\t\n<\/div>\n\n<div class=\"product_info_footer clearfix\">\n\t\t\t<!-- product price -->\n\t\t\t<p class=\"price icon-\">\t\n\t\t\t\t<del><span class=\"amount\">\u20ac25<\/span><\/del> <ins><span class=\"amount\">\u20ac15<\/span><\/ins>\n\t\t\t<\/p> \n\t\t<div class=\"action_buttons\"><a href=\"https:\/\/brudylab.net\/profesionales\/productos\/brudy-dha-1200\/\" title=\"BRUDY DHA 1200\" class=\"details icon-angle-right\">Details<\/a><\/div><\/div> \t<\/div>\n<div class=\"col col-sm-4 isotope-item  segun-tus-necesidades\">\n\n<div class=\"product_info_holder\">\n\n\t\t\t<!-- product image -->\n\t\t<div class=\"featured_image\"> \n\t\t\t<a href=\"https:\/\/brudylab.net\/profesionales\/productos\/brudyimmuno\/\" title=\"BRUDYIMMUNO\" rel=\"bookmark\" data-image-count=\"1\"><img decoding=\"async\" src=\"https:\/\/brudylab.net\/profesionales\/wp-content\/uploads\/sites\/3\/2022\/11\/Brudyimmuno-480x480.jpg\" alt=\"BRUDYIMMUNO\" class=\"active-image\" \/><\/a> \n\t\t\t\t\n\t\t\t\t\t\t<\/div>\n\t\n\n\t\n\t\t\t\t\t\t\n\t\t<div class=\"product_info\">\n\n\t\t\t\t\t\t\t\t<!-- title-->\n\t\t\t\t<h5 class=\"product-title clean_heading\"><a href=\"https:\/\/brudylab.net\/profesionales\/productos\/brudyimmuno\/\" title=\"BRUDYIMMUNO\" rel=\"bookmark\">BRUDYIMMUNO<\/a><\/h5>\n\t\t\t\t\n\t\t\t\t<!-- text-->\n\t\t\t\t<p>BRUDYIMMUNO ha sido ideado para complementar las necesidades diarias de \u00e1cidos grasos esenciales de la familia omega-3 y del grupo incluido de vitaminas, minerales.<\/p>\t\t<\/div>\n\n\t\t\n\n\t\n<\/div>\n\n<div class=\"product_info_footer clearfix\">\n\t\t\t<!-- product price -->\n\t\t\t<p class=\"price icon-\">\t\n\t\t\t\t<del><span class=\"amount\">\u20ac25<\/span><\/del> <ins><span class=\"amount\">\u20ac15<\/span><\/ins>\n\t\t\t<\/p> \n\t\t<div class=\"action_buttons\"><a href=\"https:\/\/brudylab.net\/profesionales\/productos\/brudyimmuno\/\" title=\"BRUDYIMMUNO\" class=\"details icon-angle-right\">Details<\/a><\/div><\/div> \t<\/div>\n<div class=\"col col-sm-4 isotope-item  segun-tus-necesidades\">\n\n<div class=\"product_info_holder\">\n\n\t\t\t<!-- product image -->\n\t\t<div class=\"featured_image\"> \n\t\t\t<a href=\"https:\/\/brudylab.net\/profesionales\/productos\/brudyhepato\/\" title=\"BRUDYHEPATO\" rel=\"bookmark\" data-image-count=\"1\"><img decoding=\"async\" src=\"https:\/\/brudylab.net\/profesionales\/wp-content\/uploads\/sites\/3\/2022\/11\/Brudyhepato-480x480.jpg\" alt=\"BRUDYHEPATO\" class=\"active-image\" \/><\/a> \n\t\t\t\t\n\t\t\t\t\t\t<\/div>\n\t\n\n\t\n\t\t\t\t\t\t\n\t\t<div class=\"product_info\">\n\n\t\t\t\t\t\t\t\t<!-- title-->\n\t\t\t\t<h5 class=\"product-title clean_heading\"><a href=\"https:\/\/brudylab.net\/profesionales\/productos\/brudyhepato\/\" title=\"BRUDYHEPATO\" rel=\"bookmark\">BRUDYHEPATO<\/a><\/h5>\n\t\t\t\t\n\t\t\t\t<!-- text-->\n\t\t\t\t<p>Para el manejo diet\u00e9tico de aquellas enfermedades hep\u00e1ticas que cursan con desnutrici\u00f3n o con riesgo de desnutrici\u00f3n.<\/p>\t\t<\/div>\n\n\t\t\n\n\t\n<\/div>\n\n<div class=\"product_info_footer clearfix\">\n\t\t\t<!-- product price -->\n\t\t\t<p class=\"price icon-\">\t\n\t\t\t\t<del><span class=\"amount\">\u20ac25<\/span><\/del> <ins><span class=\"amount\">\u20ac15<\/span><\/ins>\n\t\t\t<\/p> \n\t\t<div class=\"action_buttons\"><a href=\"https:\/\/brudylab.net\/profesionales\/productos\/brudyhepato\/\" title=\"BRUDYHEPATO\" class=\"details icon-angle-right\">Details<\/a><\/div><\/div> \t<\/div>\n<div class=\"col col-sm-4 isotope-item  segun-tus-necesidades\">\n\n<div class=\"product_info_holder\">\n\n\t\t\t<!-- product image -->\n\t\t<div class=\"featured_image\"> \n\t\t\t<a href=\"https:\/\/brudylab.net\/profesionales\/productos\/brudy-nutraceutics-onco\/\" title=\"BRUDY NUTRACEUTICS ONCO\" rel=\"bookmark\" data-image-count=\"1\"><img decoding=\"async\" src=\"https:\/\/brudylab.net\/profesionales\/wp-content\/uploads\/sites\/3\/2025\/02\/BONCO_0125-480x480.jpg\" alt=\"BRUDY NUTRACEUTICS ONCO 30 sobres\" class=\"active-image\" \/><\/a> \n\t\t\t\t\n\t\t\t\t\t\t<\/div>\n\t\n\n\t\n\t\t\t\t\t\t\n\t\t<div class=\"product_info\">\n\n\t\t\t\t\t\t\t\t<!-- title-->\n\t\t\t\t<h5 class=\"product-title clean_heading\"><a href=\"https:\/\/brudylab.net\/profesionales\/productos\/brudy-nutraceutics-onco\/\" title=\"BRUDY NUTRACEUTICS ONCO\" rel=\"bookmark\">BRUDY NUTRACEUTICS ONCO<\/a><\/h5>\n\t\t\t\t\n\t\t\t\t<!-- text-->\n\t\t\t\t<p>BRUDY NUTRACEUTICS ONCO es un alimento para Usos M\u00e9dicos Especiales M\u00f3dulo de Triglic\u00e9ridos Omega-3 de cadena muy larga (DHA).<\/p>\t\t<\/div>\n\n\t\t\n\n\t\n<\/div>\n\n<div class=\"product_info_footer clearfix\"><div class=\"action_buttons\"><a href=\"https:\/\/brudylab.net\/profesionales\/productos\/brudy-nutraceutics-onco\/\" title=\"BRUDY NUTRACEUTICS ONCO\" class=\"details icon-angle-right\">Details<\/a><\/div><\/div> \t<\/div>\n<div class=\"col col-sm-4 isotope-item  segun-tus-necesidades\">\n\n<div class=\"product_info_holder\">\n\n\t\t\t<!-- product image -->\n\t\t<div class=\"featured_image\"> \n\t\t\t<a href=\"https:\/\/brudylab.net\/profesionales\/productos\/brudygreen\/\" title=\"BRUDY GREEN\" rel=\"bookmark\" data-image-count=\"1\"><img decoding=\"async\" src=\"https:\/\/brudylab.net\/profesionales\/wp-content\/uploads\/sites\/3\/2025\/02\/BGREEN_0125-480x480.jpg\" alt=\"BGREEN_0125\" class=\"active-image\" \/><\/a> \n\t\t\t\t\n\t\t\t\t\t\t<\/div>\n\t\n\n\t\n\t\t\t\t\t\t\n\t\t<div class=\"product_info\">\n\n\t\t\t\t\t\t\t\t<!-- title-->\n\t\t\t\t<h5 class=\"product-title clean_heading\"><a href=\"https:\/\/brudylab.net\/profesionales\/productos\/brudygreen\/\" title=\"BRUDY GREEN\" rel=\"bookmark\">BRUDY GREEN<\/a><\/h5>\n\t\t\t\t\n\t\t\t\t<!-- text-->\n\t\t\t\t<p>BRUDY GREEN es un complemento alimenticio con \u00e1cidos grasos Omega 3 vegano en forma de triglic\u00e9ridos.<\/p>\t\t<\/div>\n\n\t\t\n\n\t\n<\/div>\n\n<div class=\"product_info_footer clearfix\"><div class=\"action_buttons\"><a href=\"https:\/\/brudylab.net\/profesionales\/productos\/brudygreen\/\" title=\"BRUDY GREEN\" class=\"details icon-angle-right\">Details<\/a><\/div><\/div> \t<\/div>\n<\/div>\n<button href=\"#\" class=\"load_more button_ medium color aligncenter\" autocomplete=\"off\" data-atts=\"id%2Aproduct-dynamicID-188136%7Clist_layout%2A1%2F3%7Clayout_style%2Amasonry%7Cpagination%2Atrue%7Cajax_pagination%2Atrue%7Cfeatured_image_resize%2Atrue%7Cfeatured_image_max_width%2A0%7Cfeatured_image_max_height%2A0%7Cfeatured_image_crop%2Afalse%7Clist_orderby%2Adate%7Clist_order%2AASC%7Citem_per_page%2A6%7Ccategories%2A71%7Cajax%2Afalse%7Cpaged%2A0%7Cwpml_lang%2A%7Cdisplay_descriptions%2Atrue%7Cdisplay_titles%2Atrue%7Cdisplay_price%2Atrue%7Cids%2A%7Cpurpose%2Aproducts\" data-page_count=\"2\" data-current_page=\"1\" data-listid=\"product-dynamicID-188136\"><span class=\"icon-angle-double-down\"><\/span>LOAD MORE<\/button>[vc_empty_space height=&#8221;42px&#8221;][\/vc_column][\/vc_row]<\/p>\n","protected":false},"excerpt":{"rendered":"<p>[vc_row rt_row_background_width=&#8221;fullwidth&#8221; rt_row_content_width=&#8221;default&#8221; rt_row_style=&#8221;default-style&#8221; rt_row_borders=&#8221;&#8221; rt_row_shadows=&#8221;&#8221; rt_column_view=&#8221;boxed_columns&#8221; rt_row_paddings=&#8221;true&#8221; rt_bg_effect=&#8221;classic&#8221; rt_bg_image_repeat=&#8221;repeat&#8221; rt_bg_size=&#8221;cover&#8221; rt_bg_position=&#8221;right top&#8221; rt_bg_attachment=&#8221;scroll&#8221; rt_bg_video_format=&#8221;self-hosted&#8221;][vc_column rt_column_shadow=&#8221;&#8221; rt_bg_image_repeat=&#8221;repeat&#8221; rt_bg_size=&#8221;auto auto&#8221; rt_bg_attachment=&#8221;scroll&#8221;][vc_empty_space height=&#8221;42px&#8221;][\/vc_column][\/vc_row&#8230; <a class=\"more-link\" href=\"https:\/\/brudylab.net\/profesionales\/productos\/brudygreen\/\">Continue reading<\/a><\/p>\n","protected":false},"author":122,"featured_media":0,"parent":0,"menu_order":0,"comment_status":"closed","ping_status":"closed","template":"","meta":{"inline_featured_image":false,"footnotes":""},"class_list":["post-6022","page","type-page","status-publish","hentry"],"_links":{"self":[{"href":"https:\/\/brudylab.net\/profesionales\/wp-json\/wp\/v2\/pages\/6022","targetHints":{"allow":["GET"]}}],"collection":[{"href":"https:\/\/brudylab.net\/profesionales\/wp-json\/wp\/v2\/pages"}],"about":[{"href":"https:\/\/brudylab.net\/profesionales\/wp-json\/wp\/v2\/types\/page"}],"author":[{"embeddable":true,"href":"https:\/\/brudylab.net\/profesionales\/wp-json\/wp\/v2\/users\/122"}],"replies":[{"embeddable":true,"href":"https:\/\/brudylab.net\/profesionales\/wp-json\/wp\/v2\/comments?post=6022"}],"version-history":[{"count":1,"href":"https:\/\/brudylab.net\/profesionales\/wp-json\/wp\/v2\/pages\/6022\/revisions"}],"predecessor-version":[{"id":6070,"href":"https:\/\/brudylab.net\/profesionales\/wp-json\/wp\/v2\/pages\/6022\/revisions\/6070"}],"wp:attachment":[{"href":"https:\/\/brudylab.net\/profesionales\/wp-json\/wp\/v2\/media?parent=6022"}],"curies":[{"name":"wp","href":"https:\/\/api.w.org\/{rel}","templated":true}]}}