{"id":3729,"date":"2022-09-12T10:20:59","date_gmt":"2022-09-12T10:20:59","guid":{"rendered":"https:\/\/brudylab.net\/aplicacoes\/"},"modified":"2022-09-12T10:20:59","modified_gmt":"2022-09-12T10:20:59","slug":"aplicacoes","status":"publish","type":"page","link":"https:\/\/brudylab.net\/publica\/pt-pt\/aplicacoes\/","title":{"rendered":"Aplica\u00e7\u00f5es"},"content":{"rendered":"[vc_row rt_row_background_width=&#8221;fullwidth&#8221; rt_row_content_width=&#8221;default&#8221; rt_row_style=&#8221;default-style&#8221; rt_row_borders=&#8221;&#8221; rt_row_shadows=&#8221;&#8221; rt_column_view=&#8221;boxed_columns&#8221; rt_row_paddings=&#8221;true&#8221; rt_bg_effect=&#8221;classic&#8221; rt_bg_image_repeat=&#8221;repeat&#8221; rt_bg_size=&#8221;cover&#8221; rt_bg_position=&#8221;right top&#8221; rt_bg_attachment=&#8221;scroll&#8221; rt_bg_video_format=&#8221;self-hosted&#8221;][vc_column rt_column_shadow=&#8221;&#8221; rt_bg_image_repeat=&#8221;repeat&#8221; rt_bg_size=&#8221;auto auto&#8221; rt_bg_attachment=&#8221;scroll&#8221; rt_padding_top=&#8221;20&#8243; rt_padding_bottom=&#8221;20&#8243; rt_padding_left=&#8221;20&#8243; rt_padding_right=&#8221;20&#8243; rt_bg_color=&#8221;&#8221; rt_bg_overlay_color=&#8221;&#8221;][vc_column_text]\n<h2><strong>DHA NA SA\u00daDE HUMANA<\/strong><\/h2>\n<p>O \u00e1cido docosahexaen\u00f3ico (DHA) \u00e9 um \u00e1cido graxo poliinsaturado da fam\u00edlia dos \u00e1cidos graxos \u00f4mega-3, que vem da cadeia alimentar marinha.<\/p>\n<p>As microalgas do pl\u00e2ncton s\u00e3o as produtoras de DHA, e os animais marinhos que se alimentam delas enriquecem seus tecidos com ele. O consumo alimentar de peixes e mariscos \u00e9 a fonte b\u00e1sica de DHA para os seres humanos.<\/p>\n<p>Os humanos t\u00eam grande dificuldade em obt\u00ea-lo a partir do precursor \u00f4mega-3 presente em vegetais e sementes terrestres, como o \u00e1cido alfa-linol\u00eanico. A falta de certas enzimas em nosso corpo dificulta sua obten\u00e7\u00e3o e nos obriga a obt\u00ea-lo de frutos do mar.<\/p>\n<p>O DHA \u00e9 o \u00e1cido graxo poliinsaturado mais altamente concentrado nas membranas dos neur\u00f4nios do c\u00e9rebro e dos fotorreceptores da retina, e \u00e9 essencial para o desenvolvimento neurol\u00f3gico fetal adequado e a fun\u00e7\u00e3o visual e cerebral humana normal.[\/vc_column_text][vc_single_image image=&#8221;3194&#8243; img_size=&#8221;full&#8221;][vc_column_text]\n<h6>Diferentes imagens da estrutura do DHA, que possui 22 carbonos e 6 liga\u00e7\u00f5es duplas na posi\u00e7\u00e3o cis. O carbono est\u00e1 localizado na extremidade carbox\u00edlica (COOH) e o carbono \uf077 na extremidade metila (CH3).<\/h6>\n[\/vc_column_text][\/vc_column][\/vc_row][vc_row rt_row_background_width=&#8221;fullwidth&#8221; rt_row_content_width=&#8221;default&#8221; rt_row_style=&#8221;default-style&#8221; rt_row_borders=&#8221;&#8221; rt_row_shadows=&#8221;&#8221; rt_column_view=&#8221;boxed_columns&#8221; rt_row_paddings=&#8221;true&#8221; rt_bg_effect=&#8221;classic&#8221; rt_bg_image_repeat=&#8221;repeat&#8221; rt_bg_size=&#8221;cover&#8221; rt_bg_position=&#8221;right top&#8221; rt_bg_attachment=&#8221;scroll&#8221; rt_bg_video_format=&#8221;self-hosted&#8221;][vc_column rt_column_shadow=&#8221;&#8221; rt_bg_image_repeat=&#8221;repeat&#8221; rt_bg_size=&#8221;auto auto&#8221; rt_bg_attachment=&#8221;scroll&#8221; rt_padding_top=&#8221;20&#8243; rt_padding_bottom=&#8221;20&#8243; rt_padding_left=&#8221;20&#8243; rt_padding_right=&#8221;20&#8243; rt_bg_color=&#8221;&#8221; rt_bg_overlay_color=&#8221;&#8221;][vc_column_text]\n<h2>EFEITOS DO DHA PARA A SA\u00daDE<\/h2>\n<p>A Ag\u00eancia Europeia de Seguran\u00e7a Alimentar e a Comiss\u00e3o Europeia admitem os efeitos saud\u00e1veis do DHA para a sa\u00fade humana e permitem que sejam reivindicados e divulgados desde que o consumidor seja informado da quantidade di\u00e1ria necess\u00e1ria para obter esses efeitos saud\u00e1veis.[\/vc_column_text][vc_single_image image=&#8221;3343&#8243; img_size=&#8221;full&#8221;][vc_column_text]\n<h6>Efeitos saud\u00e1veis DHA aprovado pela Comiss\u00e3o Europeia.<\/h6>\n[\/vc_column_text][\/vc_column][\/vc_row][vc_row rt_row_background_width=&#8221;fullwidth&#8221; rt_row_content_width=&#8221;default&#8221; rt_row_style=&#8221;default-style&#8221; rt_row_borders=&#8221;&#8221; rt_row_shadows=&#8221;&#8221; rt_column_view=&#8221;boxed_columns&#8221; rt_row_paddings=&#8221;true&#8221; rt_bg_effect=&#8221;classic&#8221; rt_bg_image_repeat=&#8221;repeat&#8221; rt_bg_size=&#8221;cover&#8221; rt_bg_position=&#8221;right top&#8221; rt_bg_attachment=&#8221;scroll&#8221; rt_bg_video_format=&#8221;self-hosted&#8221;][vc_column rt_column_shadow=&#8221;&#8221; rt_bg_image_repeat=&#8221;repeat&#8221; rt_bg_size=&#8221;auto auto&#8221; rt_bg_attachment=&#8221;scroll&#8221; rt_padding_top=&#8221;20&#8243; rt_padding_bottom=&#8221;20&#8243; rt_padding_left=&#8221;20&#8243; rt_padding_right=&#8221;20&#8243; rt_bg_color=&#8221;&#8221; rt_bg_overlay_color=&#8221;&#8221;][vc_column_text]\n<h2>O QUE \u00c9 DHA TRIGLICERIDA DE BRUDY?<\/h2>\n<p>\u00c9 um triglicer\u00eddeo de \u00e1cidos graxos \u00f4mega-3 (70% DHA), que \u00e9 obtido ou isolado de um alimento com hist\u00f3rico de consumo seguro (peixe), por meio da a\u00e7\u00e3o de uma enzima autorizada que mant\u00e9m as propriedades dos triglicer\u00eddeos presentes no o \u00f3leo de peixe.<\/p>\n<p>Os triglicer\u00eddeos s\u00e3o estruturas formadas por uma mol\u00e9cula de glicerol \u00e0 qual est\u00e3o ligados at\u00e9 tr\u00eas \u00e1cidos graxos. S\u00e3o as formas fisiol\u00f3gicas em que os \u00e1cidos graxos circulam pelo nosso corpo.<\/p>\n<p>No leite materno humano existem apenas triglicer\u00eddeos, pois esta \u00e9 a forma qu\u00edmica ideal para ser absorvida pelo trato digestivo humano, al\u00e9m de facilitar sua convers\u00e3o em fosfolip\u00eddios, que s\u00e3o as formas qu\u00edmicas em que os \u00e1cidos graxos s\u00e3o encontrados formando as membranas do nosso c\u00e9lulas.[\/vc_column_text][vc_single_image image=&#8221;3198&#8243; img_size=&#8221;full&#8221;][vc_column_text]\n<h6>Imagem de uma membrana de neur\u00f4nio.<\/h6>\n[\/vc_column_text][\/vc_column][\/vc_row]\n","protected":false},"excerpt":{"rendered":"<p>[vc_row rt_row_background_width=&#8221;fullwidth&#8221; rt_row_content_width=&#8221;default&#8221; rt_row_style=&#8221;default-style&#8221; rt_row_borders=&#8221;&#8221; rt_row_shadows=&#8221;&#8221; rt_column_view=&#8221;boxed_columns&#8221; rt_row_paddings=&#8221;true&#8221; rt_bg_effect=&#8221;classic&#8221; rt_bg_image_repeat=&#8221;repeat&#8221; rt_bg_size=&#8221;cover&#8221; rt_bg_position=&#8221;right top&#8221; rt_bg_attachment=&#8221;scroll&#8221; rt_bg_video_format=&#8221;self-hosted&#8221;][vc_column rt_column_shadow=&#8221;&#8221; rt_bg_image_repeat=&#8221;repeat&#8221; rt_bg_size=&#8221;auto auto&#8221; rt_bg_attachment=&#8221;scroll&#8221; rt_padding_top=&#8221;20&#8243; rt_padding_bottom=&#8221;20&#8243; rt_padding_left=&#8221;20&#8243; rt_padding_right=&#8221;20&#8243; rt_bg_color=&#8221;&#8221; rt_bg_overlay_color=&#8221;&#8221;][vc_column_text] DHA NA SA\u00daDE HUMANA O \u00e1cido docosahexaen\u00f3ico (DHA) \u00e9 um \u00e1cido graxo poliinsaturado da fam\u00edlia dos \u00e1cidos graxos \u00f4mega-3, que vem da cadeia alimentar marinha. As microalgas do pl\u00e2ncton &#8230; <a class=\"more-link\" href=\"https:\/\/brudylab.net\/publica\/pt-pt\/aplicacoes\/\">Continue reading<\/a><\/p>\n","protected":false},"author":1,"featured_media":0,"parent":0,"menu_order":0,"comment_status":"closed","ping_status":"closed","template":"","meta":{"inline_featured_image":false,"footnotes":""},"class_list":["post-3729","page","type-page","status-publish","hentry"],"_links":{"self":[{"href":"https:\/\/brudylab.net\/publica\/pt-pt\/wp-json\/wp\/v2\/pages\/3729","targetHints":{"allow":["GET"]}}],"collection":[{"href":"https:\/\/brudylab.net\/publica\/pt-pt\/wp-json\/wp\/v2\/pages"}],"about":[{"href":"https:\/\/brudylab.net\/publica\/pt-pt\/wp-json\/wp\/v2\/types\/page"}],"author":[{"embeddable":true,"href":"https:\/\/brudylab.net\/publica\/pt-pt\/wp-json\/wp\/v2\/users\/1"}],"replies":[{"embeddable":true,"href":"https:\/\/brudylab.net\/publica\/pt-pt\/wp-json\/wp\/v2\/comments?post=3729"}],"version-history":[{"count":2,"href":"https:\/\/brudylab.net\/publica\/pt-pt\/wp-json\/wp\/v2\/pages\/3729\/revisions"}],"predecessor-version":[{"id":3731,"href":"https:\/\/brudylab.net\/publica\/pt-pt\/wp-json\/wp\/v2\/pages\/3729\/revisions\/3731"}],"wp:attachment":[{"href":"https:\/\/brudylab.net\/publica\/pt-pt\/wp-json\/wp\/v2\/media?parent=3729"}],"curies":[{"name":"wp","href":"https:\/\/api.w.org\/{rel}","templated":true}]}}