{"id":3742,"date":"2022-09-12T10:37:36","date_gmt":"2022-09-12T10:37:36","guid":{"rendered":"https:\/\/brudylab.net\/politica-de-qualidade\/"},"modified":"2024-04-10T08:51:24","modified_gmt":"2024-04-10T08:51:24","slug":"politica-de-qualidade","status":"publish","type":"page","link":"https:\/\/brudylab.net\/publica\/pt-pt\/politica-de-qualidade\/","title":{"rendered":"Pol\u00edtica de qualidade"},"content":{"rendered":"[vc_row rt_row_background_width=&#8221;fullwidth&#8221; rt_row_content_width=&#8221;default&#8221; rt_row_style=&#8221;default-style&#8221; rt_row_borders=&#8221;&#8221; rt_row_shadows=&#8221;&#8221; rt_row_paddings=&#8221;true&#8221; rt_bg_effect=&#8221;classic&#8221; rt_bg_image_repeat=&#8221;repeat&#8221; rt_bg_size=&#8221;cover&#8221; rt_bg_position=&#8221;right top&#8221; rt_bg_attachment=&#8221;scroll&#8221; rt_bg_video_format=&#8221;self-hosted&#8221;][vc_column rt_column_shadow=&#8221;&#8221; rt_bg_image_repeat=&#8221;repeat&#8221; rt_bg_size=&#8221;auto auto&#8221; rt_bg_attachment=&#8221;scroll&#8221;][vc_column_text css=&#8221;.vc_custom_1712739082172{margin-bottom: 40px !important;}&#8221;]\n<h3><strong>MISS\u00c3O<\/strong><\/h3>\n<p>Fornecer solu\u00e7\u00f5es para complementar as defici\u00eancias alimentares no mundo de hoje e contribuir para a melhoria no tratamento de doen\u00e7as associadas \u00e0 inflama\u00e7\u00e3o e ao stress oxidativo.<\/p>\n<p>&nbsp;<\/p>\n<h3><strong>VIS\u00c3O<\/strong><\/h3>\n<p>Tornarmo-nos uma refer\u00eancia internacional em \u00e1cidos gordos \u00f3mega-3, no campo de suplementos nutricionais e dispositivos m\u00e9dicos.<\/p>\n<p>&nbsp;<\/p>\n<h3><strong>VALORES<\/strong><\/h3>\n<ul>\n<li>Nos esfor\u00e7amos constantemente para melhorar nossos processos, a qualidade e o design de nossos produtos, atendendo aos mais altos padr\u00f5es e expectativas do mercado.<\/li>\n<li>Oferecemos produtos e servi\u00e7os adaptados para atender \u00e0s necessidades do mercado nos campos da nutri\u00e7\u00e3o, cosm\u00e9tica e sa\u00fade.<\/li>\n<li>Estabelecemos padr\u00f5es de qualidade em todos os nossos processos para garantir conformidade legal e regulat\u00f3ria de nossos produtos, bem como ader\u00eancia a especifica\u00e7\u00f5es t\u00e9cnicas e requisitos acordados com nossos clientes.<\/li>\n<li>Nossa equipe \u00e9 qualificada e est\u00e1 em constante forma\u00e7\u00e3o, e contamos com consultores especializados para garantir um sistema de qualidade.<\/li>\n<li>Focamos na inova\u00e7\u00e3o empresarial para nos tornarmos uma empresa cada vez mais competitiva, eficiente na realiza\u00e7\u00e3o de nossos objetivos e antecipando as necessidades do mercado, explorando oportunidades de crescimento.<\/li>\n<\/ul>\n[\/vc_column_text][\/vc_column][\/vc_row]\n","protected":false},"excerpt":{"rendered":"<p>[vc_row rt_row_background_width=&#8221;fullwidth&#8221; rt_row_content_width=&#8221;default&#8221; rt_row_style=&#8221;default-style&#8221; rt_row_borders=&#8221;&#8221; rt_row_shadows=&#8221;&#8221; rt_row_paddings=&#8221;true&#8221; rt_bg_effect=&#8221;classic&#8221; rt_bg_image_repeat=&#8221;repeat&#8221; rt_bg_size=&#8221;cover&#8221; rt_bg_position=&#8221;right top&#8221; rt_bg_attachment=&#8221;scroll&#8221; rt_bg_video_format=&#8221;self-hosted&#8221;][vc_column rt_column_shadow=&#8221;&#8221; rt_bg_image_repeat=&#8221;repeat&#8221; rt_bg_size=&#8221;auto auto&#8221; rt_bg_attachment=&#8221;scroll&#8221;][vc_column_text css=&#8221;.vc_custom_1712739082172{margin-bottom: 40px !important;}&#8221;] MISS\u00c3O Fornecer solu\u00e7\u00f5es para complementar as defici\u00eancias alimentares no mundo de hoje e contribuir para a melhoria no tratamento de doen\u00e7as associadas \u00e0 inflama\u00e7\u00e3o e ao stress oxidativo. &nbsp; VIS\u00c3O Tornarmo-nos uma refer\u00eancia &#8230; <a class=\"more-link\" href=\"https:\/\/brudylab.net\/publica\/pt-pt\/politica-de-qualidade\/\">Continue reading<\/a><\/p>\n","protected":false},"author":1,"featured_media":0,"parent":0,"menu_order":0,"comment_status":"closed","ping_status":"closed","template":"","meta":{"inline_featured_image":false,"footnotes":""},"class_list":["post-3742","page","type-page","status-publish","hentry"],"_links":{"self":[{"href":"https:\/\/brudylab.net\/publica\/pt-pt\/wp-json\/wp\/v2\/pages\/3742","targetHints":{"allow":["GET"]}}],"collection":[{"href":"https:\/\/brudylab.net\/publica\/pt-pt\/wp-json\/wp\/v2\/pages"}],"about":[{"href":"https:\/\/brudylab.net\/publica\/pt-pt\/wp-json\/wp\/v2\/types\/page"}],"author":[{"embeddable":true,"href":"https:\/\/brudylab.net\/publica\/pt-pt\/wp-json\/wp\/v2\/users\/1"}],"replies":[{"embeddable":true,"href":"https:\/\/brudylab.net\/publica\/pt-pt\/wp-json\/wp\/v2\/comments?post=3742"}],"version-history":[{"count":2,"href":"https:\/\/brudylab.net\/publica\/pt-pt\/wp-json\/wp\/v2\/pages\/3742\/revisions"}],"predecessor-version":[{"id":4776,"href":"https:\/\/brudylab.net\/publica\/pt-pt\/wp-json\/wp\/v2\/pages\/3742\/revisions\/4776"}],"wp:attachment":[{"href":"https:\/\/brudylab.net\/publica\/pt-pt\/wp-json\/wp\/v2\/media?parent=3742"}],"curies":[{"name":"wp","href":"https:\/\/api.w.org\/{rel}","templated":true}]}}