{"id":3753,"date":"2022-09-12T17:51:01","date_gmt":"2022-09-12T17:51:01","guid":{"rendered":"https:\/\/brudylab.net\/saude-ocular\/"},"modified":"2024-04-09T17:06:22","modified_gmt":"2024-04-09T17:06:22","slug":"saude-ocular","status":"publish","type":"page","link":"https:\/\/brudylab.net\/publica\/pt-pt\/saude-ocular\/","title":{"rendered":"Sa\u00fade ocular"},"content":{"rendered":"[vc_row rt_row_background_width=&#8221;fullwidth&#8221; rt_row_content_width=&#8221;default&#8221; rt_row_style=&#8221;default-style&#8221; rt_row_borders=&#8221;&#8221; rt_row_shadows=&#8221;&#8221; rt_column_view=&#8221;boxed_columns&#8221; rt_row_paddings=&#8221;true&#8221; rt_bg_effect=&#8221;classic&#8221; rt_bg_image_repeat=&#8221;repeat&#8221; rt_bg_size=&#8221;cover&#8221; rt_bg_position=&#8221;right top&#8221; rt_bg_attachment=&#8221;scroll&#8221; rt_bg_video_format=&#8221;self-hosted&#8221;][vc_column rt_column_shadow=&#8221;&#8221; rt_bg_image_repeat=&#8221;repeat&#8221; rt_bg_size=&#8221;auto auto&#8221; rt_bg_attachment=&#8221;scroll&#8221;]\n<div id=\"product-dynamicID-988110\" class=\"product_holder product-showcase clearfix  masonry\" data-column-width=\"3\" itemscope itemtype=\"http:\/\/schema.org\/Product\">\n<div class=\"col col-sm-4 isotope-item  saude-ocular\">\n\n<div class=\"product_info_holder\">\n\n\t\t\t<!-- product image -->\n\t\t<div class=\"featured_image\"> \n\t\t\t<a href=\"https:\/\/brudylab.net\/publica\/pt-pt\/productos\/brudyderm-dry-eye\/\" title=\"BRUDYDERM DRY EYE\" rel=\"bookmark\" data-image-count=\"1\"><img decoding=\"async\" src=\"https:\/\/brudylab.net\/publica\/wp-content\/uploads\/sites\/2\/2025\/02\/BDERMDRYEYE_0125-480x480.jpg\" alt=\"BDERMDRYEYE_0125\" class=\"active-image\" \/><\/a> \n\t\t\t\t\n\t\t\t\t\t\t<\/div>\n\t\n\n\t\n\t\t\t\t\t\t\n\t\t<div class=\"product_info\">\n\n\t\t\t\t\t\t\t\t<!-- title-->\n\t\t\t\t<h5 class=\"product-title clean_heading\"><a href=\"https:\/\/brudylab.net\/publica\/pt-pt\/productos\/brudyderm-dry-eye\/\" title=\"BRUDYDERM DRY EYE\" rel=\"bookmark\">BRUDYDERM DRY EYE<\/a><\/h5>\n\t\t\t\t\n\t\t\t\t<!-- text-->\n\t\t\t\t<p>Gel de p\u00e1lpebra para aplica\u00e7\u00e3o noturno em olhos secos<\/p>\t\t<\/div>\n\n\t\t\n\n\t\n<\/div>\n\n<div class=\"product_info_footer clearfix\"><div class=\"action_buttons\"><a href=\"https:\/\/brudylab.net\/publica\/pt-pt\/productos\/brudyderm-dry-eye\/\" title=\"BRUDYDERM DRY EYE\" class=\"details icon-angle-right\">Details<\/a><\/div><\/div> \t<\/div>\n<div class=\"col col-sm-4 isotope-item  saude-ocular\">\n\n<div class=\"product_info_holder\">\n\n\t\t\t<!-- product image -->\n\t\t<div class=\"featured_image\"> \n\t\t\t<a href=\"https:\/\/brudylab.net\/publica\/pt-pt\/productos\/brudyitis\/\" title=\"BRUDY ITIS\" rel=\"bookmark\" data-image-count=\"1\"><img decoding=\"async\" src=\"https:\/\/brudylab.net\/publica\/wp-content\/uploads\/sites\/2\/2025\/02\/BITIS30_0125-480x480.jpg\" alt=\"BITIS30_0125\" class=\"active-image\" \/><\/a> \n\t\t\t\t\n\t\t\t\t\t\t<\/div>\n\t\n\n\t\n\t\t\t\t\t\t\n\t\t<div class=\"product_info\">\n\n\t\t\t\t\t\t\t\t<!-- title-->\n\t\t\t\t<h5 class=\"product-title clean_heading\"><a href=\"https:\/\/brudylab.net\/publica\/pt-pt\/productos\/brudyitis\/\" title=\"BRUDY ITIS\" rel=\"bookmark\">BRUDY ITIS<\/a><\/h5>\n\t\t\t\t\n\t\t\t\t<!-- text-->\n\t\t\t\t<p>BRUDY ITIS foi concebido para complementar as necessidades di\u00e1rias de \u00e1cidos gordos essenciais da fam\u00edlia \u00f3mega 3 e do grupo inclu\u00eddo de minerais e de glutationa.<\/p>\t\t<\/div>\n\n\t\t\n\n\t\n<\/div>\n\n<div class=\"product_info_footer clearfix\"><div class=\"action_buttons\"><a href=\"https:\/\/brudylab.net\/publica\/pt-pt\/productos\/brudyitis\/\" title=\"BRUDY ITIS\" class=\"details icon-angle-right\">Details<\/a><\/div><\/div> \t<\/div>\n<div class=\"col col-sm-4 isotope-item  saude-ocular\">\n\n<div class=\"product_info_holder\">\n\n\t\t\t<!-- product image -->\n\t\t<div class=\"featured_image\"> \n\t\t\t<a href=\"https:\/\/brudylab.net\/publica\/pt-pt\/productos\/brudyretina\/\" title=\"BRUDY RETINA\" rel=\"bookmark\" data-image-count=\"1\"><img decoding=\"async\" src=\"https:\/\/brudylab.net\/publica\/wp-content\/uploads\/sites\/2\/2025\/02\/BRET90_catalent_0125-480x480.jpg\" alt=\"BRET90_catalent_0125\" class=\"active-image\" \/><\/a> \n\t\t\t\t\n\t\t\t\t\t\t<\/div>\n\t\n\n\t\n\t\t\t\t\t\t\n\t\t<div class=\"product_info\">\n\n\t\t\t\t\t\t\t\t<!-- title-->\n\t\t\t\t<h5 class=\"product-title clean_heading\"><a href=\"https:\/\/brudylab.net\/publica\/pt-pt\/productos\/brudyretina\/\" title=\"BRUDY RETINA\" rel=\"bookmark\">BRUDY RETINA<\/a><\/h5>\n\t\t\t\t\n\t\t\t\t<!-- text-->\n\t\t\t\t<p>BRUDY RETINA 1,5 g foi concebido para complementar as necessidades di\u00e1rias de \u00e1cidos gordos essenciais da fam\u00edlia \u00f3mega 3 e do grupo inclu\u00eddo de vitaminas, minerais, glutationa e carotenoides, como a lute\u00edna e a zeaxantina.<\/p>\t\t<\/div>\n\n\t\t\n\n\t\n<\/div>\n\n<div class=\"product_info_footer clearfix\"><div class=\"action_buttons\"><a href=\"https:\/\/brudylab.net\/publica\/pt-pt\/productos\/brudyretina\/\" title=\"BRUDY RETINA\" class=\"details icon-angle-right\">Details<\/a><\/div><\/div> \t<\/div>\n<div class=\"col col-sm-4 isotope-item  saude-ocular\">\n\n<div class=\"product_info_holder\">\n\n\t\t\t<!-- product image -->\n\t\t<div class=\"featured_image\"> \n\t\t\t<a href=\"https:\/\/brudylab.net\/publica\/pt-pt\/productos\/brudymacula\/\" title=\"BRUDY MACULA\" rel=\"bookmark\" data-image-count=\"1\"><img decoding=\"async\" src=\"https:\/\/brudylab.net\/publica\/wp-content\/uploads\/sites\/2\/2025\/02\/BMACULA60_0125-480x480.jpg\" alt=\"BMACULA60_0125\" class=\"active-image\" \/><\/a> \n\t\t\t\t\n\t\t\t\t\t\t<\/div>\n\t\n\n\t\n\t\t\t\t\t\t\n\t\t<div class=\"product_info\">\n\n\t\t\t\t\t\t\t\t<!-- title-->\n\t\t\t\t<h5 class=\"product-title clean_heading\"><a href=\"https:\/\/brudylab.net\/publica\/pt-pt\/productos\/brudymacula\/\" title=\"BRUDY MACULA\" rel=\"bookmark\">BRUDY MACULA<\/a><\/h5>\n\t\t\t\t\n\t\t\t\t<!-- text-->\n\t\t\t\t<p>BRUDY MACULA foi concebido para complementar as necessidades di\u00e1rias de \u00e1cidos gordos essenciais da fam\u00edlia \u00f3mega 3 e do grupo inclu\u00eddo de vitaminas, minerais e carotenoides, como a lute\u00edna e a zeaxantina<\/p>\t\t<\/div>\n\n\t\t\n\n\t\n<\/div>\n\n<div class=\"product_info_footer clearfix\"><div class=\"action_buttons\"><a href=\"https:\/\/brudylab.net\/publica\/pt-pt\/productos\/brudymacula\/\" title=\"BRUDY MACULA\" class=\"details icon-angle-right\">Details<\/a><\/div><\/div> \t<\/div>\n<div class=\"col col-sm-4 isotope-item  saude-ocular\">\n\n<div class=\"product_info_holder\">\n\n\t\t\t<!-- product image -->\n\t\t<div class=\"featured_image\"> \n\t\t\t<a href=\"https:\/\/brudylab.net\/publica\/pt-pt\/productos\/brudypio\/\" title=\"BRUDY PIO\" rel=\"bookmark\" data-image-count=\"1\"><img decoding=\"async\" src=\"https:\/\/brudylab.net\/publica\/wp-content\/uploads\/sites\/2\/2025\/02\/BPIO90_0125-480x480.jpg\" alt=\"BPIO90_0125\" class=\"active-image\" \/><\/a> \n\t\t\t\t\n\t\t\t\t\t\t<\/div>\n\t\n\n\t\n\t\t\t\t\t\t\n\t\t<div class=\"product_info\">\n\n\t\t\t\t\t\t\t\t<!-- title-->\n\t\t\t\t<h5 class=\"product-title clean_heading\"><a href=\"https:\/\/brudylab.net\/publica\/pt-pt\/productos\/brudypio\/\" title=\"BRUDY PIO\" rel=\"bookmark\">BRUDY PIO<\/a><\/h5>\n\t\t\t\t\n\t\t\t\t<!-- text-->\n\t\t\t\t<p>BRUDY PIO 1,5 g foi concebido para complementar as necessidades di\u00e1rias de \u00e1cidos gordos essenciais da fam\u00edlia \u00d3mega-3 e do grupo inclu\u00eddo de vitaminas e minerais, de carotenoides (lute\u00edna, zeaxantina, licopeno), de flavonoides de mirtilo e da folha de oliveira, entre outros componentes.<\/p>\t\t<\/div>\n\n\t\t\n\n\t\n<\/div>\n\n<div class=\"product_info_footer clearfix\"><div class=\"action_buttons\"><a href=\"https:\/\/brudylab.net\/publica\/pt-pt\/productos\/brudypio\/\" title=\"BRUDY PIO\" class=\"details icon-angle-right\">Details<\/a><\/div><\/div> \t<\/div>\n<div class=\"col col-sm-4 isotope-item  saude-ocular\">\n\n<div class=\"product_info_holder\">\n\n\t\t\t<!-- product image -->\n\t\t<div class=\"featured_image\"> \n\t\t\t<a href=\"https:\/\/brudylab.net\/publica\/pt-pt\/productos\/brudyopia\/\" title=\"BRUDY OPIA\" rel=\"bookmark\" data-image-count=\"1\"><img decoding=\"async\" src=\"https:\/\/brudylab.net\/publica\/wp-content\/uploads\/sites\/2\/2025\/02\/BOPIA30_0125-480x480.jpg\" alt=\"BOPIA30_0125\" class=\"active-image\" \/><\/a> \n\t\t\t\t\n\t\t\t\t\t\t<\/div>\n\t\n\n\t\n\t\t\t\t\t\t\n\t\t<div class=\"product_info\">\n\n\t\t\t\t\t\t\t\t<!-- title-->\n\t\t\t\t<h5 class=\"product-title clean_heading\"><a href=\"https:\/\/brudylab.net\/publica\/pt-pt\/productos\/brudyopia\/\" title=\"BRUDY OPIA\" rel=\"bookmark\">BRUDY OPIA<\/a><\/h5>\n\t\t\t\t\n\t\t\t\t<!-- text-->\n\t\t\t\t<p>BRUDY OPIA foi concebido para complementar as necessidades di\u00e1rias de \u00e1cidos gordos essenciais da fam\u00edlia \u00f3mega 3, de vitamina A, de carotenoides, como a lute\u00edna e a zeaxantina, e de polifen\u00f3is como o extrato natural de mirtilo.<\/p>\t\t<\/div>\n\n\t\t\n\n\t\n<\/div>\n\n<div class=\"product_info_footer clearfix\"><div class=\"action_buttons\"><a href=\"https:\/\/brudylab.net\/publica\/pt-pt\/productos\/brudyopia\/\" title=\"BRUDY OPIA\" class=\"details icon-angle-right\">Details<\/a><\/div><\/div> \t<\/div>\n<\/div>\n<button href=\"#\" class=\"load_more button_ medium color aligncenter\" autocomplete=\"off\" data-atts=\"id%2Aproduct-dynamicID-988110%7Clist_layout%2A1%2F3%7Clayout_style%2Amasonry%7Cpagination%2Atrue%7Cajax_pagination%2Atrue%7Cfeatured_image_resize%2Atrue%7Cfeatured_image_max_width%2A0%7Cfeatured_image_max_height%2A0%7Cfeatured_image_crop%2Afalse%7Clist_orderby%2Adate%7Clist_order%2AASC%7Citem_per_page%2A6%7Ccategories%2A55%7Cajax%2Afalse%7Cpaged%2A0%7Cwpml_lang%2A%7Cdisplay_descriptions%2Atrue%7Cdisplay_titles%2Atrue%7Cdisplay_price%2Atrue%7Cids%2A%7Cpurpose%2Aproducts\" data-page_count=\"2\" data-current_page=\"1\" data-listid=\"product-dynamicID-988110\"><span class=\"icon-angle-double-down\"><\/span>LOAD MORE<\/button>[vc_empty_space height=&#8221;42px&#8221;][\/vc_column][\/vc_row]\n","protected":false},"excerpt":{"rendered":"<p>[vc_row rt_row_background_width=&#8221;fullwidth&#8221; rt_row_content_width=&#8221;default&#8221; rt_row_style=&#8221;default-style&#8221; rt_row_borders=&#8221;&#8221; rt_row_shadows=&#8221;&#8221; rt_column_view=&#8221;boxed_columns&#8221; rt_row_paddings=&#8221;true&#8221; rt_bg_effect=&#8221;classic&#8221; rt_bg_image_repeat=&#8221;repeat&#8221; rt_bg_size=&#8221;cover&#8221; rt_bg_position=&#8221;right top&#8221; rt_bg_attachment=&#8221;scroll&#8221; rt_bg_video_format=&#8221;self-hosted&#8221;][vc_column rt_column_shadow=&#8221;&#8221; rt_bg_image_repeat=&#8221;repeat&#8221; rt_bg_size=&#8221;auto auto&#8221; rt_bg_attachment=&#8221;scroll&#8221;][vc_empty_space height=&#8221;42px&#8221;][\/vc_column][\/vc_row&#8230; <a class=\"more-link\" href=\"https:\/\/brudylab.net\/publica\/pt-pt\/productos\/brudyopia\/\">Continue reading<\/a><\/p>\n","protected":false},"author":1,"featured_media":0,"parent":0,"menu_order":0,"comment_status":"closed","ping_status":"closed","template":"","meta":{"inline_featured_image":false,"footnotes":""},"class_list":["post-3753","page","type-page","status-publish","hentry"],"_links":{"self":[{"href":"https:\/\/brudylab.net\/publica\/pt-pt\/wp-json\/wp\/v2\/pages\/3753","targetHints":{"allow":["GET"]}}],"collection":[{"href":"https:\/\/brudylab.net\/publica\/pt-pt\/wp-json\/wp\/v2\/pages"}],"about":[{"href":"https:\/\/brudylab.net\/publica\/pt-pt\/wp-json\/wp\/v2\/types\/page"}],"author":[{"embeddable":true,"href":"https:\/\/brudylab.net\/publica\/pt-pt\/wp-json\/wp\/v2\/users\/1"}],"replies":[{"embeddable":true,"href":"https:\/\/brudylab.net\/publica\/pt-pt\/wp-json\/wp\/v2\/comments?post=3753"}],"version-history":[{"count":1,"href":"https:\/\/brudylab.net\/publica\/pt-pt\/wp-json\/wp\/v2\/pages\/3753\/revisions"}],"predecessor-version":[{"id":3754,"href":"https:\/\/brudylab.net\/publica\/pt-pt\/wp-json\/wp\/v2\/pages\/3753\/revisions\/3754"}],"wp:attachment":[{"href":"https:\/\/brudylab.net\/publica\/pt-pt\/wp-json\/wp\/v2\/media?parent=3753"}],"curies":[{"name":"wp","href":"https:\/\/api.w.org\/{rel}","templated":true}]}}