{"id":3828,"date":"2022-09-12T21:47:53","date_gmt":"2022-09-12T21:47:53","guid":{"rendered":"https:\/\/brudylab.net\/lagrimas-artificiais\/"},"modified":"2024-04-09T17:00:24","modified_gmt":"2024-04-09T17:00:24","slug":"lagrimas-artificiais","status":"publish","type":"page","link":"https:\/\/brudylab.net\/publica\/pt-pt\/lagrimas-artificiais\/","title":{"rendered":"L\u00e1grimas artificiais"},"content":{"rendered":"[vc_row rt_row_background_width=&#8221;fullwidth&#8221; rt_row_content_width=&#8221;default&#8221; rt_row_style=&#8221;default-style&#8221; rt_row_borders=&#8221;&#8221; rt_row_shadows=&#8221;&#8221; rt_column_view=&#8221;boxed_columns&#8221; rt_row_paddings=&#8221;true&#8221; rt_bg_effect=&#8221;classic&#8221; rt_bg_image_repeat=&#8221;repeat&#8221; rt_bg_size=&#8221;cover&#8221; rt_bg_position=&#8221;right top&#8221; rt_bg_attachment=&#8221;scroll&#8221; rt_bg_video_format=&#8221;self-hosted&#8221;][vc_column rt_column_shadow=&#8221;&#8221; rt_bg_image_repeat=&#8221;repeat&#8221; rt_bg_size=&#8221;auto auto&#8221; rt_bg_attachment=&#8221;scroll&#8221;][vc_column_text]As solu\u00e7\u00f5es de \u00e1cido hialur\u00f4nico s\u00e3o ideais para atenuar o desconforto causado pelos olhos secos, pelos seguintes motivos:<\/p>\n<ul>\n<li>Histocompatibilidade absoluta com tecidos humanos, que n\u00e3o gera<br \/>\nsensibiliza\u00e7\u00e3o al\u00e9rgica.<\/li>\n<li>Uma concentra\u00e7\u00e3o adequada entre 0,10 e 0,30% para promover uma \u00f3tima tolerabilidade.<\/li>\n<li>Uma mol\u00e9cula higrosc\u00f3pica com alto poder hidratante.<\/li>\n<li>De alto peso molecular (1200 a 1700 KDalton) para oferecer a viscoelasticidade<br \/>\nnecess\u00e1ria e propriedades lubrificantes eficazes que reduzem o atrito do piscar, al\u00e9m de prolongar sua perman\u00eancia na superf\u00edcie ocular.<\/li>\n<li>Com um pH fisiol\u00f3gico de 7,3 para maximizar a toler\u00e2ncia t\u00f3pica<\/li>\n<li>Com a tonicidade fisiol\u00f3gica das l\u00e1grimas naturais, cerca de 300 mOsm\/Kg na linha BRUDYAL e uma hipotonicidade de 150mOsm na linha Vismed.<\/li>\n<li>Com recipiente transparente, multiuso e com volume suficiente para uso prolongado ao longo do tempo, at\u00e9 3 meses ap\u00f3s a primeira abertura.<\/li>\n<li>Sem limite de uso di\u00e1rio e adequado para usu\u00e1rios de lentes de contato.<\/li>\n<li>Est\u00e9ril e sem conservantes.<\/li>\n<\/ul>\n<p>Na BRUDYLAB estamos comprometidos com isso.[\/vc_column_text][vc_empty_space height=&#8221;42px&#8221;][\/vc_column][\/vc_row][vc_row rt_row_background_width=&#8221;fullwidth&#8221; rt_row_content_width=&#8221;default&#8221; rt_row_style=&#8221;default-style&#8221; rt_row_borders=&#8221;&#8221; rt_row_shadows=&#8221;&#8221; rt_column_view=&#8221;boxed_columns&#8221; rt_row_paddings=&#8221;true&#8221; rt_bg_effect=&#8221;classic&#8221; rt_bg_image_repeat=&#8221;repeat&#8221; rt_bg_size=&#8221;cover&#8221; rt_bg_position=&#8221;right top&#8221; rt_bg_attachment=&#8221;scroll&#8221; rt_bg_video_format=&#8221;self-hosted&#8221;][vc_column rt_column_shadow=&#8221;&#8221; rt_bg_image_repeat=&#8221;repeat&#8221; rt_bg_size=&#8221;auto auto&#8221; rt_bg_attachment=&#8221;scroll&#8221;]\n<div id=\"product-dynamicID-471343\" class=\"product_holder product-showcase clearfix  masonry\" data-column-width=\"3\" itemscope itemtype=\"http:\/\/schema.org\/Product\">\n<div class=\"col col-sm-4 isotope-item  lagrimas-artificiais-pt-pt\">\n\n<div class=\"product_info_holder\">\n\n\t\t\t<!-- product image -->\n\t\t<div class=\"featured_image\"> \n\t\t\t<a href=\"https:\/\/brudylab.net\/publica\/pt-pt\/productos\/vismed-gel\/\" title=\"Vismed Gel\" rel=\"bookmark\" data-image-count=\"1\"><img decoding=\"async\" src=\"https:\/\/brudylab.net\/publica\/wp-content\/uploads\/sites\/2\/2025\/02\/VISMEDGEL_0125-480x480.jpg\" alt=\"VISMEDGEL_0125\" class=\"active-image\" \/><\/a> \n\t\t\t\t\n\t\t\t\t\t\t<\/div>\n\t\n\n\t\n\t\t\t\t\t\t\n\t\t<div class=\"product_info\">\n\n\t\t\t\t\t\t\t\t<!-- title-->\n\t\t\t\t<h5 class=\"product-title clean_heading\"><a href=\"https:\/\/brudylab.net\/publica\/pt-pt\/productos\/vismed-gel\/\" title=\"Vismed Gel\" rel=\"bookmark\">Vismed Gel<\/a><\/h5>\n\t\t\t\t\n\t\t\t\t<!-- text-->\n\t\t\t\t<p>Es un hidrogel formulado a mayor concentraci\u00f3n que VISMED\u00ae como producto sanitario (CE); se trata de una soluci\u00f3n de \u00e1cido hialur\u00f3nico al 0,30% para una lubrificaci\u00f3n y una m\u00e1s prolongada permanencia sobre la superficie ocular.<\/p>\t\t<\/div>\n\n\t\t\n\n\t\n<\/div>\n\n<div class=\"product_info_footer clearfix\"><div class=\"action_buttons\"><a href=\"https:\/\/brudylab.net\/publica\/pt-pt\/productos\/vismed-gel\/\" title=\"Vismed Gel\" class=\"details icon-angle-right\">Details<\/a><\/div><\/div> \t<\/div>\n<div class=\"col col-sm-4 isotope-item  lagrimas-artificiais-pt-pt\">\n\n<div class=\"product_info_holder\">\n\n\t\t\t<!-- product image -->\n\t\t<div class=\"featured_image\"> \n\t\t\t<a href=\"https:\/\/brudylab.net\/publica\/pt-pt\/productos\/brudyal-20-mon\/\" title=\"BRUDYAL 20 Mon.\" rel=\"bookmark\" data-image-count=\"1\"><img decoding=\"async\" src=\"https:\/\/brudylab.net\/publica\/wp-content\/uploads\/sites\/2\/2025\/02\/BYAL_0125-480x480.jpg\" alt=\"BYAL_0125\" class=\"active-image\" \/><\/a> \n\t\t\t\t\n\t\t\t\t\t\t<\/div>\n\t\n\n\t\n\t\t\t\t\t\t\n\t\t<div class=\"product_info\">\n\n\t\t\t\t\t\t\t\t<!-- title-->\n\t\t\t\t<h5 class=\"product-title clean_heading\"><a href=\"https:\/\/brudylab.net\/publica\/pt-pt\/productos\/brudyal-20-mon\/\" title=\"BRUDYAL 20 Mon.\" rel=\"bookmark\">BRUDYAL 20 Mon.<\/a><\/h5>\n\t\t\t\t\n\t\t\t\t<!-- text-->\n\t\t\t\t<p>BRUDYAL \u00e9 uma solu\u00e7\u00e3o hidratante ocular de \u00e1cido hialur\u00f4nico 0,1% est\u00e9ril, de alto peso molecular, sem conservantes, embalada em doses \u00fanicas.<\/p>\t\t<\/div>\n\n\t\t\n\n\t\n<\/div>\n\n<div class=\"product_info_footer clearfix\"><div class=\"action_buttons\"><a href=\"https:\/\/brudylab.net\/publica\/pt-pt\/productos\/brudyal-20-mon\/\" title=\"BRUDYAL 20 Mon.\" class=\"details icon-angle-right\">Details<\/a><\/div><\/div> \t<\/div>\n<div class=\"col col-sm-4 isotope-item  lagrimas-artificiais-pt-pt\">\n\n<div class=\"product_info_holder\">\n\n\t\t\t<!-- product image -->\n\t\t<div class=\"featured_image\"> \n\t\t\t<a href=\"https:\/\/brudylab.net\/publica\/pt-pt\/productos\/brudyal-plus-multi\/\" title=\"BRUDYAL PLUS MULTI\" rel=\"bookmark\" data-image-count=\"1\"><img decoding=\"async\" src=\"https:\/\/brudylab.net\/publica\/wp-content\/uploads\/sites\/2\/2025\/02\/BYALPLUSMULTI_0125-480x480.jpg\" alt=\"BYALPLUSMULTI_0125\" class=\"active-image\" \/><\/a> \n\t\t\t\t\n\t\t\t\t\t\t<\/div>\n\t\n\n\t\n\t\t\t\t\t\t\n\t\t<div class=\"product_info\">\n\n\t\t\t\t\t\t\t\t<!-- title-->\n\t\t\t\t<h5 class=\"product-title clean_heading\"><a href=\"https:\/\/brudylab.net\/publica\/pt-pt\/productos\/brudyal-plus-multi\/\" title=\"BRUDYAL PLUS MULTI\" rel=\"bookmark\">BRUDYAL PLUS MULTI<\/a><\/h5>\n\t\t\t\t\n\t\t\t\t<!-- text-->\n\t\t\t\t<p>\u00c9 uma solu\u00e7\u00e3o hidratante e lubrificante ocular est\u00e9ril com pH fisiol\u00f3gico, \u00e0 base de hialuronato de s\u00f3dio 0,10% e \u00e1gua destilada de cent\u00e1urea azul e camomila, em recipiente multidose, com capacidade nominal de 10ml, sem conservantes.<\/p>\t\t<\/div>\n\n\t\t\n\n\t\n<\/div>\n\n<div class=\"product_info_footer clearfix\"><div class=\"action_buttons\"><a href=\"https:\/\/brudylab.net\/publica\/pt-pt\/productos\/brudyal-plus-multi\/\" title=\"BRUDYAL PLUS MULTI\" class=\"details icon-angle-right\">Details<\/a><\/div><\/div> \t<\/div>\n<div class=\"col col-sm-4 isotope-item  lagrimas-artificiais-pt-pt\">\n\n<div class=\"product_info_holder\">\n\n\t\t\t<!-- product image -->\n\t\t<div class=\"featured_image\"> \n\t\t\t<a href=\"https:\/\/brudylab.net\/publica\/pt-pt\/productos\/vismed-multi\/\" title=\"Vismed Multi\" rel=\"bookmark\" data-image-count=\"1\"><img decoding=\"async\" src=\"https:\/\/brudylab.net\/publica\/wp-content\/uploads\/sites\/2\/2025\/02\/VISMEDMULTI_0125-480x480.jpg\" alt=\"VISMEDMULTI_0125\" class=\"active-image\" \/><\/a> \n\t\t\t\t\n\t\t\t\t\t\t<\/div>\n\t\n\n\t\n\t\t\t\t\t\t\n\t\t<div class=\"product_info\">\n\n\t\t\t\t\t\t\t\t<!-- title-->\n\t\t\t\t<h5 class=\"product-title clean_heading\"><a href=\"https:\/\/brudylab.net\/publica\/pt-pt\/productos\/vismed-multi\/\" title=\"Vismed Multi\" rel=\"bookmark\">Vismed Multi<\/a><\/h5>\n\t\t\t\t\n\t\t\t\t<!-- text-->\n\t\t\t\t<p>Is a preservative free sterile solution of 0,18% hyaluronic acid of high molecular weight, including a close concentration of the ions found in natural tears, in a 10ml multi dose container offering more than 250 drops.<\/p>\t\t<\/div>\n\n\t\t\n\n\t\n<\/div>\n\n<div class=\"product_info_footer clearfix\"><div class=\"action_buttons\"><a href=\"https:\/\/brudylab.net\/publica\/pt-pt\/productos\/vismed-multi\/\" title=\"Vismed Multi\" class=\"details icon-angle-right\">Details<\/a><\/div><\/div> \t<\/div>\n<div class=\"col col-sm-4 isotope-item  lagrimas-artificiais-pt-pt\">\n\n<div class=\"product_info_holder\">\n\n\t\t\t<!-- product image -->\n\t\t<div class=\"featured_image\"> \n\t\t\t<a href=\"https:\/\/brudylab.net\/publica\/pt-pt\/productos\/uso-aplicador\/\" title=\"Uso do aplicador\" rel=\"bookmark\" data-image-count=\"1\"><img decoding=\"async\" src=\"https:\/\/brudylab.net\/publica\/wp-content\/uploads\/sites\/2\/2022\/06\/Brudyal-480x480.jpg\" alt=\"Brudyal\" class=\"active-image\" \/><\/a> \n\t\t\t\t\n\t\t\t\t\t\t<\/div>\n\t\n\n\t\n\t\t\t\t\t\t\n\t\t<div class=\"product_info\">\n\n\t\t\t\t\t\t\t\t<!-- title-->\n\t\t\t\t<h5 class=\"product-title clean_heading\"><a href=\"https:\/\/brudylab.net\/publica\/pt-pt\/productos\/uso-aplicador\/\" title=\"Uso do aplicador\" rel=\"bookmark\">Uso do aplicador<\/a><\/h5>\n\t\t\t\t\n\t\t\t\t<!-- text-->\n\t\t\t\t<p>BRUDYAL es una soluci\u00f3n humectante ocular de \u00e1cido hialur\u00f3nico al 0,1% est\u00e9ril, sin conservantes, de alto peso molecular, envasada en monodosis.<\/p>\t\t<\/div>\n\n\t\t\n\n\t\n<\/div>\n\n<div class=\"product_info_footer clearfix\"><div class=\"action_buttons\"><a href=\"https:\/\/brudylab.net\/publica\/pt-pt\/productos\/uso-aplicador\/\" title=\"Uso do aplicador\" class=\"details icon-angle-right\">Details<\/a><\/div><\/div> \t<\/div>\n<div class=\"col col-sm-4 isotope-item  lagrimas-artificiais-pt-pt\">\n\n<div class=\"product_info_holder\">\n\n\t\t\t<!-- product image -->\n\t\t<div class=\"featured_image\"> \n\t\t\t<a href=\"https:\/\/brudylab.net\/publica\/pt-pt\/productos\/vismed-20-mon\/\" title=\"Vismed 20 Mon.\" rel=\"bookmark\" data-image-count=\"1\"><img decoding=\"async\" src=\"https:\/\/brudylab.net\/publica\/wp-content\/uploads\/sites\/2\/2025\/02\/VISMED_0125-480x480.jpg\" alt=\"VISMED_0125\" class=\"active-image\" \/><\/a> \n\t\t\t\t\n\t\t\t\t\t\t<\/div>\n\t\n\n\t\n\t\t\t\t\t\t\n\t\t<div class=\"product_info\">\n\n\t\t\t\t\t\t\t\t<!-- title-->\n\t\t\t\t<h5 class=\"product-title clean_heading\"><a href=\"https:\/\/brudylab.net\/publica\/pt-pt\/productos\/vismed-20-mon\/\" title=\"Vismed 20 Mon.\" rel=\"bookmark\">Vismed 20 Mon.<\/a><\/h5>\n\t\t\t\t\n\t\t\t\t<!-- text-->\n\t\t\t\t<p>L\u00e1grima artificial como producto sanitario (CE) sin conservantes con elevada viscoelasticidad y mucomimesis para una optima lubrificaci\u00f3n y una prolongada permamencia y recubrimiento de la superficie ocular.<\/p>\t\t<\/div>\n\n\t\t\n\n\t\n<\/div>\n\n<div class=\"product_info_footer clearfix\"><div class=\"action_buttons\"><a href=\"https:\/\/brudylab.net\/publica\/pt-pt\/productos\/vismed-20-mon\/\" title=\"Vismed 20 Mon.\" class=\"details icon-angle-right\">Details<\/a><\/div><\/div> \t<\/div>\n<\/div>\n[vc_empty_space height=&#8221;42px&#8221;][\/vc_column][\/vc_row]\n","protected":false},"excerpt":{"rendered":"<p>[vc_row rt_row_background_width=&#8221;fullwidth&#8221; rt_row_content_width=&#8221;default&#8221; rt_row_style=&#8221;default-style&#8221; rt_row_borders=&#8221;&#8221; rt_row_shadows=&#8221;&#8221; rt_column_view=&#8221;boxed_columns&#8221; rt_row_paddings=&#8221;true&#8221; rt_bg_effect=&#8221;classic&#8221; rt_bg_image_repeat=&#8221;repeat&#8221; rt_bg_size=&#8221;cover&#8221; rt_bg_position=&#8221;right top&#8221; rt_bg_attachment=&#8221;scroll&#8221; rt_bg_video_format=&#8221;self-hosted&#8221;][vc_column rt_column_shadow=&#8221;&#8221; rt_bg_image_repeat=&#8221;repeat&#8221; rt_bg_size=&#8221;auto auto&#8221; rt_bg_attachment=&#8221;scroll&#8221;][vc_column_text]As solu\u00e7\u00f5es de \u00e1cido hialur\u00f4nico s\u00e3o ideais para atenuar o desconforto causado pelos olhos secos, pelos seguintes motivos: Histocompatibilidade absoluta com tecidos humanos, que n\u00e3o gera sensibiliza\u00e7\u00e3o al\u00e9rgica. Uma concentra\u00e7\u00e3o adequada entre 0,10 e 0,30% para &#8230; <a class=\"more-link\" href=\"https:\/\/brudylab.net\/publica\/pt-pt\/productos\/vismed-20-mon\/\">Continue reading<\/a><\/p>\n","protected":false},"author":1,"featured_media":0,"parent":0,"menu_order":0,"comment_status":"closed","ping_status":"closed","template":"","meta":{"inline_featured_image":false,"footnotes":""},"class_list":["post-3828","page","type-page","status-publish","hentry"],"_links":{"self":[{"href":"https:\/\/brudylab.net\/publica\/pt-pt\/wp-json\/wp\/v2\/pages\/3828","targetHints":{"allow":["GET"]}}],"collection":[{"href":"https:\/\/brudylab.net\/publica\/pt-pt\/wp-json\/wp\/v2\/pages"}],"about":[{"href":"https:\/\/brudylab.net\/publica\/pt-pt\/wp-json\/wp\/v2\/types\/page"}],"author":[{"embeddable":true,"href":"https:\/\/brudylab.net\/publica\/pt-pt\/wp-json\/wp\/v2\/users\/1"}],"replies":[{"embeddable":true,"href":"https:\/\/brudylab.net\/publica\/pt-pt\/wp-json\/wp\/v2\/comments?post=3828"}],"version-history":[{"count":7,"href":"https:\/\/brudylab.net\/publica\/pt-pt\/wp-json\/wp\/v2\/pages\/3828\/revisions"}],"predecessor-version":[{"id":4251,"href":"https:\/\/brudylab.net\/publica\/pt-pt\/wp-json\/wp\/v2\/pages\/3828\/revisions\/4251"}],"wp:attachment":[{"href":"https:\/\/brudylab.net\/publica\/pt-pt\/wp-json\/wp\/v2\/media?parent=3828"}],"curies":[{"name":"wp","href":"https:\/\/api.w.org\/{rel}","templated":true}]}}