{"id":6021,"date":"2025-01-20T09:39:48","date_gmt":"2025-01-20T09:39:48","guid":{"rendered":"https:\/\/brudylab.net\/publica\/?page_id=5890"},"modified":"2025-02-18T19:46:48","modified_gmt":"2025-02-18T19:46:48","slug":"cuidado-materno-infantil","status":"publish","type":"page","link":"https:\/\/brudylab.net\/publica\/pt-pt\/cuidado-materno-infantil\/","title":{"rendered":"Cuidado materno infantil"},"content":{"rendered":"[vc_row rt_row_background_width=&#8221;fullwidth&#8221; rt_row_content_width=&#8221;default&#8221; rt_row_style=&#8221;default-style&#8221; rt_row_borders=&#8221;&#8221; rt_row_shadows=&#8221;&#8221; rt_column_view=&#8221;boxed_columns&#8221; rt_row_paddings=&#8221;true&#8221; rt_bg_effect=&#8221;classic&#8221; rt_bg_image_repeat=&#8221;repeat&#8221; rt_bg_size=&#8221;cover&#8221; rt_bg_position=&#8221;right top&#8221; rt_bg_attachment=&#8221;scroll&#8221; rt_bg_video_format=&#8221;self-hosted&#8221;][vc_column rt_column_shadow=&#8221;&#8221; rt_bg_image_repeat=&#8221;repeat&#8221; rt_bg_size=&#8221;auto auto&#8221; rt_bg_attachment=&#8221;scroll&#8221;]\n<div id=\"product-dynamicID-411992\" class=\"product_holder product-showcase clearfix  masonry\" data-column-width=\"3\" itemscope itemtype=\"http:\/\/schema.org\/Product\">\n<div class=\"col col-sm-4 isotope-item  cuidado-materno-infantil-pt-pt\">\n\n<div class=\"product_info_holder\">\n\n\t\t\t<!-- product image -->\n\t\t<div class=\"featured_image\"> \n\t\t\t<a href=\"https:\/\/brudylab.net\/publica\/pt-pt\/productos\/brudyfertil-aox\/\" title=\"BRUDY FERTIL-AOX\" rel=\"bookmark\" data-image-count=\"1\"><img decoding=\"async\" src=\"https:\/\/brudylab.net\/publica\/wp-content\/uploads\/sites\/2\/2025\/02\/BFERTIL90_0125-480x480.jpg\" alt=\"BFERTIL90_0125\" class=\"active-image\" \/><\/a> \n\t\t\t\t\n\t\t\t\t\t\t<\/div>\n\t\n\n\t\n\t\t\t\t\t\t\n\t\t<div class=\"product_info\">\n\n\t\t\t\t\t\t\t\t<!-- title-->\n\t\t\t\t<h5 class=\"product-title clean_heading\"><a href=\"https:\/\/brudylab.net\/publica\/pt-pt\/productos\/brudyfertil-aox\/\" title=\"BRUDY FERTIL-AOX\" rel=\"bookmark\">BRUDY FERTIL-AOX<\/a><\/h5>\n\t\t\t\t\n\t\t\t\t<!-- text-->\n\t\t\t\t<p>O BRUDY FERTIL-AOX\u00ae foi projetado para complementar as necessidades di\u00e1rias de \u00e1cidos gordos essenciais da fam\u00edlia \u00f3mega-3 e incluindo o grupo de vitaminas, minerais, glutati\u00e3o e caroten\u00f3ides.<\/p>\t\t<\/div>\n\n\t\t\n\n\t\n<\/div>\n\n<div class=\"product_info_footer clearfix\"><div class=\"action_buttons\"><a href=\"https:\/\/brudylab.net\/publica\/pt-pt\/productos\/brudyfertil-aox\/\" title=\"BRUDY FERTIL-AOX\" class=\"details icon-angle-right\">Details<\/a><\/div><\/div> \t<\/div>\n<div class=\"col col-sm-4 isotope-item  cuidado-materno-infantil-pt-pt\">\n\n<div class=\"product_info_holder\">\n\n\t\t\t<!-- product image -->\n\t\t<div class=\"featured_image\"> \n\t\t\t<a href=\"https:\/\/brudylab.net\/publica\/pt-pt\/productos\/brudygesta\/\" title=\"BRUDY GESTA\" rel=\"bookmark\" data-image-count=\"1\"><img decoding=\"async\" src=\"https:\/\/brudylab.net\/publica\/wp-content\/uploads\/sites\/2\/2025\/02\/BGESTA60_0125-480x480.jpg\" alt=\"BGESTA60_0125\" class=\"active-image\" \/><\/a> \n\t\t\t\t\n\t\t\t\t\t\t<\/div>\n\t\n\n\t\n\t\t\t\t\t\t\n\t\t<div class=\"product_info\">\n\n\t\t\t\t\t\t\t\t<!-- title-->\n\t\t\t\t<h5 class=\"product-title clean_heading\"><a href=\"https:\/\/brudylab.net\/publica\/pt-pt\/productos\/brudygesta\/\" title=\"BRUDY GESTA\" rel=\"bookmark\">BRUDY GESTA<\/a><\/h5>\n\t\t\t\t\n\t\t\t\t<!-- text-->\n\t\t\t\t<p>BRUDY GESTA foi concebido para cobrir as necessidades nutricionais das mulheres desde a fase pr\u00e9-concep\u00e7\u00e3o at\u00e9 ao parto.<\/p>\t\t<\/div>\n\n\t\t\n\n\t\n<\/div>\n\n<div class=\"product_info_footer clearfix\"><div class=\"action_buttons\"><a href=\"https:\/\/brudylab.net\/publica\/pt-pt\/productos\/brudygesta\/\" title=\"BRUDY GESTA\" class=\"details icon-angle-right\">Details<\/a><\/div><\/div> \t<\/div>\n<div class=\"col col-sm-4 isotope-item  cuidado-materno-infantil-pt-pt\">\n\n<div class=\"product_info_holder\">\n\n\t\t\t<!-- product image -->\n\t\t<div class=\"featured_image\"> \n\t\t\t<a href=\"https:\/\/brudylab.net\/publica\/pt-pt\/productos\/brudylactancia\/\" title=\"BRUDY LACTANCIA\" rel=\"bookmark\" data-image-count=\"1\"><img decoding=\"async\" src=\"https:\/\/brudylab.net\/publica\/wp-content\/uploads\/sites\/2\/2025\/02\/BLACTANCIA60_0125-480x480.jpg\" alt=\"BLACTANCIA60_0125\" class=\"active-image\" \/><\/a> \n\t\t\t\t\n\t\t\t\t\t\t<\/div>\n\t\n\n\t\n\t\t\t\t\t\t\n\t\t<div class=\"product_info\">\n\n\t\t\t\t\t\t\t\t<!-- title-->\n\t\t\t\t<h5 class=\"product-title clean_heading\"><a href=\"https:\/\/brudylab.net\/publica\/pt-pt\/productos\/brudylactancia\/\" title=\"BRUDY LACTANCIA\" rel=\"bookmark\">BRUDY LACTANCIA<\/a><\/h5>\n\t\t\t\t\n\t\t\t\t<!-- text-->\n\t\t\t\t<p>BRUDYLACTANCIA foi concebido para cobrir as necessidades nutricionais das mulheres durante a amamenta\u00e7\u00e3o.<\/p>\t\t<\/div>\n\n\t\t\n\n\t\n<\/div>\n\n<div class=\"product_info_footer clearfix\"><div class=\"action_buttons\"><a href=\"https:\/\/brudylab.net\/publica\/pt-pt\/productos\/brudylactancia\/\" title=\"BRUDY LACTANCIA\" class=\"details icon-angle-right\">Details<\/a><\/div><\/div> \t<\/div>\n<div class=\"col col-sm-4 isotope-item  cuidado-materno-infantil-pt-pt\">\n\n<div class=\"product_info_holder\">\n\n\t\t\t<!-- product image -->\n\t\t<div class=\"featured_image\"> \n\t\t\t<a href=\"https:\/\/brudylab.net\/publica\/pt-pt\/productos\/brudydha-gel-kids\/\" title=\"BRUDY DHA GEL KIDS\" rel=\"bookmark\" data-image-count=\"1\"><img decoding=\"async\" src=\"https:\/\/brudylab.net\/publica\/wp-content\/uploads\/sites\/2\/2025\/02\/BDHA_GELKIDS_0125-480x480.jpg\" alt=\"BDHA_GELKIDS_0125\" class=\"active-image\" \/><\/a> \n\t\t\t\t\n\t\t\t\t\t\t<\/div>\n\t\n\n\t\n\t\t\t\t\t\t\n\t\t<div class=\"product_info\">\n\n\t\t\t\t\t\t\t\t<!-- title-->\n\t\t\t\t<h5 class=\"product-title clean_heading\"><a href=\"https:\/\/brudylab.net\/publica\/pt-pt\/productos\/brudydha-gel-kids\/\" title=\"BRUDY DHA GEL KIDS\" rel=\"bookmark\">BRUDY DHA GEL KIDS<\/a><\/h5>\n\t\t\t\t\n\t\t\t\t<!-- text-->\n\t\t\t\t<p>Para a gest\u00e3o nutricional de situa\u00e7\u00f5es em que \u00e9 necess\u00e1rio um m\u00f3dulo de DHA (Tridocosahexano\u00edna-AOX\u00ae) ou um enriquecimento da dieta com este triglic\u00e9rido<\/p>\t\t<\/div>\n\n\t\t\n\n\t\n<\/div>\n\n<div class=\"product_info_footer clearfix\"><div class=\"action_buttons\"><a href=\"https:\/\/brudylab.net\/publica\/pt-pt\/productos\/brudydha-gel-kids\/\" title=\"BRUDY DHA GEL KIDS\" class=\"details icon-angle-right\">Details<\/a><\/div><\/div> \t<\/div>\n<div class=\"col col-sm-4 isotope-item  cuidado-materno-infantil-pt-pt\">\n\n<div class=\"product_info_holder\">\n\n\t\t\t<!-- product image -->\n\t\t<div class=\"featured_image\"> \n\t\t\t<a href=\"https:\/\/brudylab.net\/publica\/pt-pt\/productos\/brudygyne-dry\/\" title=\"BRUDYGINE DRY\" rel=\"bookmark\" data-image-count=\"1\"><img decoding=\"async\" src=\"https:\/\/brudylab.net\/publica\/wp-content\/uploads\/sites\/2\/2022\/11\/BrudyGyne_Dry-480x480.jpg\" alt=\"BrudyGyne_Dry\" class=\"active-image\" \/><\/a> \n\t\t\t\t\n\t\t\t\t\t\t<\/div>\n\t\n\n\t\n\t\t\t\t\t\t\n\t\t<div class=\"product_info\">\n\n\t\t\t\t\t\t\t\t<!-- title-->\n\t\t\t\t<h5 class=\"product-title clean_heading\"><a href=\"https:\/\/brudylab.net\/publica\/pt-pt\/productos\/brudygyne-dry\/\" title=\"BRUDYGINE DRY\" rel=\"bookmark\">BRUDYGINE DRY<\/a><\/h5>\n\t\t\t\t\n\t\t\t\t<!-- text-->\n\t\t\t\t<p>BRUDYGYNE DRY foi desenvolvido para complementar as necessidades di\u00e1rias de \u00e1cidos gordos essenciais da fam\u00edlia Omega 3 e do grupo inclu\u00eddo de vitaminas, minerais e glutationa.<\/p>\t\t<\/div>\n\n\t\t\n\n\t\n<\/div>\n\n<div class=\"product_info_footer clearfix\">\n\t\t\t<!-- product price -->\n\t\t\t<p class=\"price icon-\">\t\n\t\t\t\t<del><span class=\"amount\">$25<\/span><\/del> <ins><span class=\"amount\">$15<\/span><\/ins>\n\t\t\t<\/p> \n\t\t<div class=\"action_buttons\"><a href=\"https:\/\/brudylab.net\/publica\/pt-pt\/productos\/brudygyne-dry\/\" title=\"BRUDYGINE DRY\" class=\"details icon-angle-right\">Details<\/a><\/div><\/div> \t<\/div>\n<\/div>\n[vc_empty_space height=&#8221;42px&#8221;][\/vc_column][\/vc_row]\n","protected":false},"excerpt":{"rendered":"<p>[vc_row rt_row_background_width=&#8221;fullwidth&#8221; rt_row_content_width=&#8221;default&#8221; rt_row_style=&#8221;default-style&#8221; rt_row_borders=&#8221;&#8221; rt_row_shadows=&#8221;&#8221; rt_column_view=&#8221;boxed_columns&#8221; rt_row_paddings=&#8221;true&#8221; rt_bg_effect=&#8221;classic&#8221; rt_bg_image_repeat=&#8221;repeat&#8221; rt_bg_size=&#8221;cover&#8221; rt_bg_position=&#8221;right top&#8221; rt_bg_attachment=&#8221;scroll&#8221; rt_bg_video_format=&#8221;self-hosted&#8221;][vc_column rt_column_shadow=&#8221;&#8221; rt_bg_image_repeat=&#8221;repeat&#8221; rt_bg_size=&#8221;auto auto&#8221; rt_bg_attachment=&#8221;scroll&#8221;][vc_empty_space height=&#8221;42px&#8221;][\/vc_column][\/vc_row&#8230; <a class=\"more-link\" href=\"https:\/\/brudylab.net\/publica\/pt-pt\/productos\/brudygyne-dry\/\">Continue reading<\/a><\/p>\n","protected":false},"author":2,"featured_media":0,"parent":0,"menu_order":0,"comment_status":"closed","ping_status":"closed","template":"","meta":{"inline_featured_image":false,"footnotes":""},"class_list":["post-6021","page","type-page","status-publish","hentry"],"_links":{"self":[{"href":"https:\/\/brudylab.net\/publica\/pt-pt\/wp-json\/wp\/v2\/pages\/6021","targetHints":{"allow":["GET"]}}],"collection":[{"href":"https:\/\/brudylab.net\/publica\/pt-pt\/wp-json\/wp\/v2\/pages"}],"about":[{"href":"https:\/\/brudylab.net\/publica\/pt-pt\/wp-json\/wp\/v2\/types\/page"}],"author":[{"embeddable":true,"href":"https:\/\/brudylab.net\/publica\/pt-pt\/wp-json\/wp\/v2\/users\/2"}],"replies":[{"embeddable":true,"href":"https:\/\/brudylab.net\/publica\/pt-pt\/wp-json\/wp\/v2\/comments?post=6021"}],"version-history":[{"count":2,"href":"https:\/\/brudylab.net\/publica\/pt-pt\/wp-json\/wp\/v2\/pages\/6021\/revisions"}],"predecessor-version":[{"id":6047,"href":"https:\/\/brudylab.net\/publica\/pt-pt\/wp-json\/wp\/v2\/pages\/6021\/revisions\/6047"}],"wp:attachment":[{"href":"https:\/\/brudylab.net\/publica\/pt-pt\/wp-json\/wp\/v2\/media?parent=6021"}],"curies":[{"name":"wp","href":"https:\/\/api.w.org\/{rel}","templated":true}]}}