{"id":3168,"date":"2022-07-08T21:31:20","date_gmt":"2022-07-08T21:31:20","guid":{"rendered":"https:\/\/brudylab.net\/?page_id=3168"},"modified":"2025-06-11T14:43:01","modified_gmt":"2025-06-11T14:43:01","slug":"politica-de-calidad","status":"publish","type":"page","link":"https:\/\/brudylab.net\/publica\/politica-de-calidad\/","title":{"rendered":"Pol\u00edtica de calidad"},"content":{"rendered":"[vc_row rt_row_background_width=&#8221;fullwidth&#8221; rt_row_content_width=&#8221;default&#8221; rt_row_style=&#8221;default-style&#8221; rt_row_borders=&#8221;&#8221; rt_row_shadows=&#8221;&#8221; rt_row_paddings=&#8221;true&#8221; rt_bg_effect=&#8221;classic&#8221; rt_bg_image_repeat=&#8221;repeat&#8221; rt_bg_size=&#8221;cover&#8221; rt_bg_position=&#8221;right top&#8221; rt_bg_attachment=&#8221;scroll&#8221; rt_bg_video_format=&#8221;self-hosted&#8221; rt_padding_top=&#8221;60&#8243;][vc_column rt_column_shadow=&#8221;&#8221; rt_bg_image_repeat=&#8221;repeat&#8221; rt_bg_size=&#8221;auto auto&#8221; rt_bg_attachment=&#8221;scroll&#8221;][vc_column_text css=&#8221;.vc_custom_1749652883840{margin-bottom: 40px !important;}&#8221;]\n<h3><strong>MISI\u00d3N<\/strong><\/h3>\n<p>Aportamos soluciones innovadoras y adaptadas a las necesidades actuales para complementar el d\u00e9ficit de Omega 3 a nivel mundial con el objetivo de mejorar la calidad de vida de todas las personas y contribuir en el tratamiento de enfermedades asociadas al estr\u00e9s oxidativo y a la inflamaci\u00f3n.<\/p>\n<p>&nbsp;<\/p>\n<h3><strong>VISI\u00d3N<\/strong><\/h3>\n<p>Ser un referente nacional e internacional en el campo de los \u00e1cidos grasos Omega 3, ofreciendo productos en los \u00e1mbitos nutricional, cosm\u00e9tico y tambi\u00e9n productos sanitarios relacionados.<\/p>\n<p>&nbsp;<\/p>\n<h3><strong>VALORES<\/strong><\/h3>\n<ul>\n<li><strong>Innovaci\u00f3n y mejora continua<\/strong> en nuestros procesos y productos, buscando siempre cumplir con los m\u00e1s altos est\u00e1ndares y expectativas de calidad del mercado.<\/li>\n<li><strong>Compromiso con la salud y el bienestar<\/strong> de nuestros clientes y de nuestro personal, ofreciendo productos que satisfacen las necesidades del mercado en nutrici\u00f3n, cosm\u00e9tica y productos sanitarios.<\/li>\n<li><strong>Responsabilidad social y ambiental<\/strong>, promoviendo pr\u00e1cticas sostenibles en todas nuestras actividades, como por ejemplo instaurar medidas para la prevenci\u00f3n y reducci\u00f3n del desperdicio alimentario.<\/li>\n<li><strong>Cumplir con los requisitos legales y reglamentarios<\/strong> aplicables, as\u00ed como con los compromisos adquiridos con nuestros clientes y otras partes interesadas.<\/li>\n<li><strong>Establecer y revisar peri\u00f3dicamente objetivos de calidad<\/strong>, asegurando la mejora continua de nuestros procesos y sistemas de gesti\u00f3n de calidad.<\/li>\n<li><strong>Fomentar la formaci\u00f3n y sensibilizaci\u00f3n<\/strong> de nuestro personal, promoviendo una cultura de calidad y responsabilidad en todas las \u00e1reas de la empresa.<\/li>\n<\/ul>\n[\/vc_column_text][vc_column_text css=&#8221;.vc_custom_1749652979032{margin-bottom: 40px !important;}&#8221;]<em>Texto revisado: Junio 2025<\/em>[\/vc_column_text][\/vc_column][\/vc_row]\n","protected":false},"excerpt":{"rendered":"<p>[vc_row rt_row_background_width=&#8221;fullwidth&#8221; rt_row_content_width=&#8221;default&#8221; rt_row_style=&#8221;default-style&#8221; rt_row_borders=&#8221;&#8221; rt_row_shadows=&#8221;&#8221; rt_row_paddings=&#8221;true&#8221; rt_bg_effect=&#8221;classic&#8221; rt_bg_image_repeat=&#8221;repeat&#8221; rt_bg_size=&#8221;cover&#8221; rt_bg_position=&#8221;right top&#8221; rt_bg_attachment=&#8221;scroll&#8221; rt_bg_video_format=&#8221;self-hosted&#8221; rt_padding_top=&#8221;60&#8243;][vc_column rt_column_shadow=&#8221;&#8221; rt_bg_image_repeat=&#8221;repeat&#8221; rt_bg_size=&#8221;auto auto&#8221; rt_bg_attachment=&#8221;scroll&#8221;][vc_column_text css=&#8221;.vc_custom_1749652883840{margin-bottom: 40px !important;}&#8221;] MISI\u00d3N Aportamos soluciones innovadoras y adaptadas a las necesidades actuales para complementar el d\u00e9ficit de Omega 3 a nivel mundial con el objetivo de mejorar la calidad de vida de todas las &#8230; <a class=\"more-link\" href=\"https:\/\/brudylab.net\/publica\/politica-de-calidad\/\">Continue reading<\/a><\/p>\n","protected":false},"author":1,"featured_media":0,"parent":0,"menu_order":0,"comment_status":"closed","ping_status":"closed","template":"","meta":{"inline_featured_image":false,"footnotes":""},"class_list":["post-3168","page","type-page","status-publish","hentry"],"_links":{"self":[{"href":"https:\/\/brudylab.net\/publica\/wp-json\/wp\/v2\/pages\/3168","targetHints":{"allow":["GET"]}}],"collection":[{"href":"https:\/\/brudylab.net\/publica\/wp-json\/wp\/v2\/pages"}],"about":[{"href":"https:\/\/brudylab.net\/publica\/wp-json\/wp\/v2\/types\/page"}],"author":[{"embeddable":true,"href":"https:\/\/brudylab.net\/publica\/wp-json\/wp\/v2\/users\/1"}],"replies":[{"embeddable":true,"href":"https:\/\/brudylab.net\/publica\/wp-json\/wp\/v2\/comments?post=3168"}],"version-history":[{"count":3,"href":"https:\/\/brudylab.net\/publica\/wp-json\/wp\/v2\/pages\/3168\/revisions"}],"predecessor-version":[{"id":6960,"href":"https:\/\/brudylab.net\/publica\/wp-json\/wp\/v2\/pages\/3168\/revisions\/6960"}],"wp:attachment":[{"href":"https:\/\/brudylab.net\/publica\/wp-json\/wp\/v2\/media?parent=3168"}],"curies":[{"name":"wp","href":"https:\/\/api.w.org\/{rel}","templated":true}]}}