{"id":3176,"date":"2022-07-08T21:40:32","date_gmt":"2022-07-08T21:40:32","guid":{"rendered":"https:\/\/brudylab.net\/?page_id=3176"},"modified":"2022-09-19T08:45:23","modified_gmt":"2022-09-19T08:45:23","slug":"aviso-legal","status":"publish","type":"page","link":"https:\/\/brudylab.net\/publica\/aviso-legal\/","title":{"rendered":"Aviso legal"},"content":{"rendered":"<ol>\n<li>\n<h3><strong> DATOS IDENTIFICATIVOS:<\/strong><\/h3>\n<\/li>\n<\/ol>\n<p>En cumplimiento con el deber de informaci\u00f3n recogido en art\u00edculo 10 de la Ley 34\/2002, de 11 de julio, de Servicios de la Sociedad de la Informaci\u00f3n y del Comercio Electr\u00f3nico, a continuaci\u00f3n se reflejan los siguientes datos: la empresa titular de dominio web es Brudylab S.L.(en adelante Brudylab), con domicilio a estos efectos en calle Riera de Sant Miquel, n\u00ba3 piso 2\u00ba puerta 4\u00aa.<\/p>\n<p>&#8211; Correo electr\u00f3nico de contacto: <a href=\"mailto:info@brudy.com\">info@brudy.com<\/a><\/p>\n<ol start=\"2\">\n<li>\n<h3><strong> USUARIOS:<\/strong><\/h3>\n<\/li>\n<\/ol>\n<p>El acceso y\/o uso de este portal de BRUDYLAB creadora del sitio web atribuye la condici\u00f3n de USUARIO, que acepta, desde dicho acceso y\/o uso, las Condiciones Generales de Uso aqu\u00ed reflejadas. Las citadas condiciones ser\u00e1n de aplicaci\u00f3n independientemente de las condiciones generales de contrataci\u00f3n que en su caso resulten de obligado cumplimiento.<\/p>\n<ol start=\"3\">\n<li>\n<h3><strong> USO DEL PORTAL:<\/strong><\/h3>\n<\/li>\n<\/ol>\n<p>www.brudylab.com y www.brudylab.net proporcionan el acceso a multitud de informaciones, servicios o datos (en adelante, &#8220;los contenidos&#8221;) en Internet pertenecientes a BRUDYLAB creadora del sitio web a los que el USUARIO pueda tener acceso. El USUARIO asume la responsabilidad del uso del portal. El USUARIO se compromete a hacer un uso adecuado de los contenidos y servicios (como por ejemplo estudios e informes) que BRUDYLAB ofrece a trav\u00e9s de su portal y con car\u00e1cter enunciativo, a no emplearlos para (i) incurrir en actividades il\u00edcitas, ilegales o contrarias a la buena fe y al orden p\u00fablico; (ii) difundir contenidos o propaganda de car\u00e1cter racista, xen\u00f3fobo, pornogr\u00e1fico- ilegal, de apolog\u00eda del terrorismo o tentatorio contra los derechos humanos; (iii) provocar da\u00f1os en los sistemas f\u00edsicos y l\u00f3gicos de BRUDYLAB, de sus proveedores o de terceras personas, introducir o difundir en la red virus inform\u00e1ticos o cualesquiera otros sistemas f\u00edsicos o l\u00f3gicos que sean susceptibles de provocar los da\u00f1os anteriormente mencionados.<\/p>\n<ol start=\"4\">\n<li>\n<h3><strong> PROTECCI\u00d3N DE DATOS:<\/strong><\/h3>\n<\/li>\n<\/ol>\n<p>BRUDYLAB cumple con las directrices de la Ley Org\u00e1nica 15\/1999 de 13 de diciembre de Protecci\u00f3n de Datos de Car\u00e1cter Personal, el Real Decreto 1720\/2007 de 21 de diciembre por el que se aprueba el Reglamento de desarrollo de la Ley Org\u00e1nica y dem\u00e1s normativa vigente en\u00a0 cada momento, y vela por garantizar un correcto uso y tratamiento de los datos personales del usuario. Para ello, junto a cada formulario de recabo de datos de car\u00e1cter personal, en los servicios que el usuario pueda solicitar a BRUDYLAB, har\u00e1 saber al usuario de la existencia y aceptaci\u00f3n de las condiciones particulares del tratamiento de sus datos en cada caso, inform\u00e1ndole de la responsabilidad del fichero creado, la direcci\u00f3n del responsable, la posibilidad de ejercer sus derechos de acceso, rectificaci\u00f3n, cancelaci\u00f3n u oposici\u00f3n, la finalidad del tratamiento y las comunicaciones de datos a terceros en su caso.<\/p>\n<p>Asimismo, BRUDYLAB informa que da cumplimiento a la Ley 34\/2002 de 11 de julio, de Servicios de la Sociedad de la Informaci\u00f3n y el Comercio Electr\u00f3nico y le solicitar\u00e1 su consentimiento al tratamiento de su correo electr\u00f3nico con fines comerciales en cada momento.<\/p>\n<ol start=\"5\">\n<li>\n<h3><strong> PROPIEDAD INTELECTUAL E INDUSTRIAL:<\/strong><\/h3>\n<\/li>\n<\/ol>\n<p>BRUDYLAB es titular de todos los derechos de propiedad intelectual e industrial de su p\u00e1gina web, as\u00ed como de los elementos contenidos en la misma (a t\u00edtulo enunciativo, im\u00e1genes, sonido, audio, v\u00eddeo o textos; marcas o logotipos, combinaciones de colores, estructura y dise\u00f1o, elecci\u00f3n\u00a0 de materiales usados, acceso y uso, etc.), titularidad de BRUDYLAB.<\/p>\n<p>Todos los derechos reservados. En virtud de lo dispuesto en los art\u00edculos 8 y 32.1, p\u00e1rrafo segundo, de la Ley de Propiedad Intelectual, quedan\u00a0 expresamente prohibidas la reproducci\u00f3n, la distribuci\u00f3n y la comunicaci\u00f3n p\u00fablica, incluida su modalidad de puesta a disposici\u00f3n, de la totalidad o parte de los contenidos de esta p\u00e1gina\u00a0 web, con fines comerciales, en cualquier soporte y por cualquier medio t\u00e9cnico, sin la autorizaci\u00f3n de BRUDYLAB. El USUARIO se compromete a respetar los derechos de Propiedad Intelectual e Industrial titularidad de<\/p>\n<p>BRUDYLAB. Podr\u00e1 visualizar los elementos del portal e incluso imprimirlos, copiarlos y almacenarlos en el disco duro de su ordenador o en\u00a0 cualquier otro soporte f\u00edsico siempre y cuando sea, \u00fanica y exclusivamente, para su uso personal y privado. El USUARIO deber\u00e1 abstenerse de suprimir, alterar, eludir o manipular cualquier dispositivo de protecci\u00f3n o sistema de seguridad que\u00a0 estuviera instalado en el las p\u00e1ginas de BRUDYLAB.<\/p>\n<ol start=\"6\">\n<li>\n<h3><strong> EXCLUSI\u00d3N DE GARANT\u00cdAS Y RESPONSABILIDAD:<\/strong><\/h3>\n<\/li>\n<\/ol>\n<p>BRUDYLAB no se hace responsable, en ning\u00fan caso, de los da\u00f1os y perjuicios de cualquier naturaleza que pudieran ocasionar, a t\u00edtulo enunciativo: errores u omisiones en los contenidos, falta de disponibilidad del portal o la transmisi\u00f3n de virus o programas maliciosos o lesivos en los contenidos, a pesar de haber adoptado todas las medidas tecnol\u00f3gicas necesarias para evitarlo.<\/p>\n<ol start=\"7\">\n<li>\n<h3><strong> MODIFICACIONES:<\/strong><\/h3>\n<\/li>\n<\/ol>\n<p>BRUDYLAB se reserva el derecho de efectuar sin previo aviso las modificaciones que considere oportunas en su portal, pudiendo cambiar,\u00a0 suprimir o a\u00f1adir tanto los contenidos y servicios que se presten a trav\u00e9s de la misma como la forma en la que \u00e9stos aparezcan presentados o localizados en su portal.<\/p>\n<ol start=\"8\">\n<li>\n<h3><strong> ENLACES:<\/strong><\/h3>\n<\/li>\n<\/ol>\n<p>En el caso de que en nombre del dominio se dispusiesen enlaces o hiperv\u00ednculos hac\u00eda otros sitios de Internet, BRUDYLAB no ejercer\u00e1 ning\u00fan tipo de control sobre dichos sitios y contenidos. En ning\u00fan caso BRUDYLAB asumir\u00e1 responsabilidad alguna por los contenidos de alg\u00fan enlace perteneciente a un sitio web ajeno, ni garantizar\u00e1 la disponibilidad t\u00e9cnica, calidad, fiabilidad, exactitud, amplitud, veracidad, validez y constitucionalidad de cualquier material o informaci\u00f3n contenida en ninguno de dichos hiperv\u00ednculos u otros sitios de Internet. Igualmente la\u00a0 inclusi\u00f3n de estas conexiones externas no implicar\u00e1 ning\u00fan tipo de asociaci\u00f3n, fusi\u00f3n o participaci\u00f3n con las entidades conectadas.<\/p>\n<ol start=\"9\">\n<li>\n<h3><strong> DERECHO DE EXCLUSI\u00d3N:<\/strong><\/h3>\n<\/li>\n<\/ol>\n<p>BRUDYLAB se reserva el derecho a denegar o retirar el acceso a portal y\/o los servicios ofrecidos sin necesidad de preaviso, a instancia propia\u00a0 o de un tercero, a aquellos usuarios que incumplan las presentes Condiciones Generales de Uso.<\/p>\n<ol start=\"10\">\n<li>\n<h3><strong> GENERALIDADES:<\/strong><\/h3>\n<\/li>\n<\/ol>\n<p>BRUDYLAB perseguir\u00e1 el incumplimiento de las presentes condiciones as\u00ed como cualquier utilizaci\u00f3n indebida de su portal ejerciendo todas las acciones civiles y penales que le puedan corresponder en derecho.<\/p>\n<ol start=\"11\">\n<li>\n<h3><strong> MODIFICACI\u00d3N DE LAS PRESENTES CONDICIONES Y DURACI\u00d3N:<\/strong><\/h3>\n<\/li>\n<\/ol>\n<p>BRUDYLAB podr\u00e1 modificar en cualquier momento las condiciones aqu\u00ed determinadas, siendo debidamente publicadas como aqu\u00ed aparecen.<\/p>\n<p>La vigencia de las citadas condiciones ir\u00e1 en funci\u00f3n de su exposici\u00f3n y estar\u00e1n vigentes hasta que sean modificadas por otras debidamente publicadas.<\/p>\n<ol start=\"12\">\n<li>\n<h3><strong> LEGISLACI\u00d3N APLICABLE Y JURISDICCI\u00d3N:<\/strong><\/h3>\n<\/li>\n<\/ol>\n<p>La relaci\u00f3n entre BRUDYLAB y el USUARIO se regir\u00e1 por la normativa espa\u00f1ola vigente y cualquier controversia se someter\u00e1 a los Juzgados y\u00a0 tribunales de la ciudad de Madrid.<\/p>\n","protected":false},"excerpt":{"rendered":"<p>DATOS IDENTIFICATIVOS: En cumplimiento con el deber de informaci\u00f3n recogido en art\u00edculo 10 de la Ley 34\/2002, de 11 de julio, de Servicios de la Sociedad de la Informaci\u00f3n y del Comercio Electr\u00f3nico, a continuaci\u00f3n se reflejan los siguientes datos: la empresa titular de dominio web es Brudylab S.L.(en adelante Brudylab), con domicilio a estos &#8230; <a class=\"more-link\" href=\"https:\/\/brudylab.net\/publica\/aviso-legal\/\">Continue reading<\/a><\/p>\n","protected":false},"author":1,"featured_media":0,"parent":0,"menu_order":0,"comment_status":"closed","ping_status":"closed","template":"","meta":{"inline_featured_image":false,"footnotes":""},"class_list":["post-3176","page","type-page","status-publish","hentry"],"_links":{"self":[{"href":"https:\/\/brudylab.net\/publica\/wp-json\/wp\/v2\/pages\/3176","targetHints":{"allow":["GET"]}}],"collection":[{"href":"https:\/\/brudylab.net\/publica\/wp-json\/wp\/v2\/pages"}],"about":[{"href":"https:\/\/brudylab.net\/publica\/wp-json\/wp\/v2\/types\/page"}],"author":[{"embeddable":true,"href":"https:\/\/brudylab.net\/publica\/wp-json\/wp\/v2\/users\/1"}],"replies":[{"embeddable":true,"href":"https:\/\/brudylab.net\/publica\/wp-json\/wp\/v2\/comments?post=3176"}],"version-history":[{"count":2,"href":"https:\/\/brudylab.net\/publica\/wp-json\/wp\/v2\/pages\/3176\/revisions"}],"predecessor-version":[{"id":4168,"href":"https:\/\/brudylab.net\/publica\/wp-json\/wp\/v2\/pages\/3176\/revisions\/4168"}],"wp:attachment":[{"href":"https:\/\/brudylab.net\/publica\/wp-json\/wp\/v2\/media?parent=3176"}],"curies":[{"name":"wp","href":"https:\/\/api.w.org\/{rel}","templated":true}]}}