{"id":4804,"date":"2024-04-23T11:43:50","date_gmt":"2024-04-23T11:43:50","guid":{"rendered":"https:\/\/brudylab.net\/publica\/?page_id=4804"},"modified":"2025-04-16T10:22:33","modified_gmt":"2025-04-16T10:22:33","slug":"herramientas_utiles","status":"publish","type":"page","link":"https:\/\/brudylab.net\/publica\/herramientas_utiles\/","title":{"rendered":"Herramientas \u00fatiles"},"content":{"rendered":"[vc_row rt_row_background_width=&#8221;fullwidth&#8221; rt_row_content_width=&#8221;default&#8221; rt_row_style=&#8221;default-style&#8221; rt_row_borders=&#8221;&#8221; rt_row_shadows=&#8221;&#8221; rt_row_paddings=&#8221;true&#8221; rt_bg_effect=&#8221;classic&#8221; rt_bg_image_repeat=&#8221;repeat&#8221; rt_bg_size=&#8221;cover&#8221; rt_bg_position=&#8221;right top&#8221; rt_bg_attachment=&#8221;scroll&#8221; rt_bg_video_format=&#8221;self-hosted&#8221;][vc_column width=&#8221;6\/12&#8243; rt_column_shadow=&#8221;&#8221; rt_bg_image_repeat=&#8221;repeat&#8221; rt_bg_size=&#8221;auto auto&#8221; rt_bg_attachment=&#8221;scroll&#8221;][vc_empty_space height=&#8221;40px&#8221;][vc_column_text]\n<h3><strong><span style=\"color: #0083c6;\">Test de la rejilla de Amsler<\/span><\/strong><\/h3>\n<ul>\n<li>Desc\u00e1rguese la rejilla de Amsler blanca o negra (la elecci\u00f3n del color es indiferente para el resultado del test). Puede imprimirla o visualizarla en la pantalla de un ordenador al 100% del tama\u00f1o.<\/li>\n<li>Sit\u00faese a una distancia de 30-40 cm de la rejilla.<\/li>\n<li>No debe quitarse las gafas o lentillas si las usa normalmente.<\/li>\n<li>C\u00fabrase un ojo y mire fijamente el punto central de la cuadr\u00edcula.<\/li>\n<li>Si las l\u00edneas alrededor del punto aparecen onduladas, deformadas o borrosas en alg\u00fan punto, usted puede tener afectada la m\u00e1cula y no debe posponer la visita a su oftalm\u00f3logo.<\/li>\n<li>Repita el mismo proceso con el ojo contrario.<\/li>\n<\/ul>\n[\/vc_column_text][\/vc_column][vc_column width=&#8221;3\/12&#8243; rt_column_shadow=&#8221;&#8221; rt_bg_image_repeat=&#8221;repeat&#8221; rt_bg_size=&#8221;auto auto&#8221; rt_bg_attachment=&#8221;scroll&#8221;][vc_empty_space height=&#8221;60&#8243;][vc_single_image image=&#8221;4814&#8243; img_size=&#8221;full&#8221; alignment=&#8221;right&#8221; style=&#8221;vc_box_border&#8221; onclick=&#8221;custom_link&#8221; img_link_target=&#8221;_blank&#8221; link=&#8221;https:\/\/brudylab.net\/publica\/wp-content\/uploads\/sites\/2\/2024\/04\/Rejilla_Amsler_blanca.pdf&#8221; css=&#8221;.vc_custom_1717597017375{padding-bottom: 20px !important;}&#8221;][vc_btn title=&#8221;Rejilla Amsler blanca&#8221; color=&#8221;primary&#8221; align=&#8221;center&#8221; i_type=&#8221;typicons&#8221; i_icon_typicons=&#8221;typcn typcn-document-text&#8221; button_block=&#8221;true&#8221; add_icon=&#8221;true&#8221; link=&#8221;url:https%3A%2F%2Fbrudylab.net%2Fpublica%2Fwp-content%2Fuploads%2Fsites%2F2%2F2024%2F04%2FRejilla_Amsler_blanca.pdf|target:_blank&#8221;][vc_empty_space height=&#8221;20&#8243;][\/vc_column][vc_column width=&#8221;3\/12&#8243; rt_column_shadow=&#8221;&#8221; rt_bg_image_repeat=&#8221;repeat&#8221; rt_bg_size=&#8221;auto auto&#8221; rt_bg_attachment=&#8221;scroll&#8221;][vc_empty_space height=&#8221;60&#8243;][vc_single_image image=&#8221;4817&#8243; img_size=&#8221;full&#8221; alignment=&#8221;right&#8221; style=&#8221;vc_box_border&#8221; onclick=&#8221;custom_link&#8221; img_link_target=&#8221;_blank&#8221; link=&#8221;https:\/\/brudylab.net\/publica\/wp-content\/uploads\/sites\/2\/2024\/04\/Rejilla_Amsler_negra.pdf&#8221; css=&#8221;.vc_custom_1717597023565{padding-bottom: 20px !important;}&#8221;][vc_btn title=&#8221;Rejilla Amsler negra&#8221; color=&#8221;primary&#8221; align=&#8221;center&#8221; i_type=&#8221;typicons&#8221; i_icon_typicons=&#8221;typcn typcn-document-text&#8221; button_block=&#8221;true&#8221; add_icon=&#8221;true&#8221; link=&#8221;url:https%3A%2F%2Fbrudylab.net%2Fpublica%2Fwp-content%2Fuploads%2Fsites%2F2%2F2024%2F04%2FRejilla_Amsler_negra.pdf|target:_blank&#8221;][vc_empty_space height=&#8221;20&#8243;][\/vc_column][\/vc_row][vc_row rt_row_background_width=&#8221;fullwidth&#8221; rt_row_content_width=&#8221;default&#8221; rt_row_style=&#8221;default-style&#8221; rt_row_borders=&#8221;top&#8221; rt_row_shadows=&#8221;&#8221; rt_row_paddings=&#8221;true&#8221; rt_bg_effect=&#8221;classic&#8221; rt_bg_image_repeat=&#8221;repeat&#8221; rt_bg_size=&#8221;cover&#8221; rt_bg_position=&#8221;right top&#8221; rt_bg_attachment=&#8221;scroll&#8221; rt_bg_video_format=&#8221;self-hosted&#8221; rt_padding_top=&#8221;60&#8243;][vc_column width=&#8221;3\/4&#8243; rt_column_shadow=&#8221;&#8221; rt_bg_image_repeat=&#8221;repeat&#8221; rt_bg_size=&#8221;auto auto&#8221; rt_bg_attachment=&#8221;scroll&#8221; css=&#8221;.vc_custom_1741939867802{padding-right: 60px !important;}&#8221; rt_bg_color=&#8221;&#8221; rt_bg_overlay_color=&#8221;&#8221;][vc_column_text]\n<h3 id=\"osdi\"><strong><span style=\"color: #0083c6;\">Test OSDI &#8211; Ojo Seco<\/span><\/strong><\/h3>\n<p>El Test de OSDI (Ocular Surface Disease Index\u00ae) es una prueba de diagn\u00f3stico<br \/>\nque ayuda a medir la gravedad y clasificar del s\u00edndrome de ojo seco a partir de su sintomatolog\u00eda.<\/p>\n<ul>\n<li>Desc\u00e1rguese e imprima el Test OSDI en pdf.<\/li>\n<li>Conteste a las siguientes preguntas seleccionando la casilla con la puntuaci\u00f3n que mejor define la frecuencia de los s\u00edntomas.<\/li>\n<li>Sume y anote el resultado de cada bloque de preguntas (1, 2 y 3).<\/li>\n<li>Sume el resultado y an\u00f3telo en la casilla \u201cTotal\u201d.<\/li>\n<li>Anote el n\u00famero total de respuestas que ha contestado (sin contar las que ha marcado \u201cNo lo s\u00e9\u201d).<\/li>\n<li>La f\u00f3rmula para calcular el OSDI es \u201cTotal x 25 \/ N\u00famero total respuestas\u201d.<\/li>\n<\/ul>\n<p><strong>Tenga en cuenta que, si se presentan s\u00edntomas de ojo seco, se recomienda la consulta y revisi\u00f3n por un oftalm\u00f3logo.<\/strong>[\/vc_column_text][vc_empty_space height=&#8221;40px&#8221;][\/vc_column][vc_column width=&#8221;1\/4&#8243; rt_column_shadow=&#8221;&#8221; rt_bg_image_repeat=&#8221;repeat&#8221; rt_bg_size=&#8221;auto auto&#8221; rt_bg_attachment=&#8221;scroll&#8221;][vc_empty_space height=&#8221;20&#8243;][vc_btn title=&#8221;Test OSDI online&#8221; color=&#8221;primary&#8221; align=&#8221;left&#8221; i_type=&#8221;typicons&#8221; i_icon_typicons=&#8221;typcn typcn-eye&#8221; button_block=&#8221;true&#8221; add_icon=&#8221;true&#8221; link=&#8221;url:https%3A%2F%2Fbrudylab.net%2Fpublica%2Ftest%2F|title:Test%20OSDI|target:_blank&#8221;][vc_btn title=&#8221;Descargar Test OSDI&#8221; color=&#8221;primary&#8221; align=&#8221;left&#8221; i_type=&#8221;typicons&#8221; i_icon_typicons=&#8221;typcn typcn-document-text&#8221; button_block=&#8221;true&#8221; add_icon=&#8221;true&#8221; link=&#8221;url:https%3A%2F%2Fbrudylab.net%2Fpublica%2Fwp-content%2Fuploads%2Fsites%2F2%2F2024%2F06%2FTest-OSDI.pdf|target:_blank&#8221;][\/vc_column][\/vc_row][vc_row rt_row_background_width=&#8221;fullwidth&#8221; rt_row_content_width=&#8221;default&#8221; rt_row_style=&#8221;default-style&#8221; rt_row_borders=&#8221;top&#8221; rt_row_shadows=&#8221;&#8221; rt_row_paddings=&#8221;true&#8221; rt_bg_effect=&#8221;classic&#8221; rt_bg_image_repeat=&#8221;repeat&#8221; rt_bg_size=&#8221;cover&#8221; rt_bg_position=&#8221;right top&#8221; rt_bg_attachment=&#8221;scroll&#8221; rt_bg_video_format=&#8221;self-hosted&#8221; rt_padding_top=&#8221;60&#8243;][vc_column width=&#8221;3\/4&#8243; rt_column_shadow=&#8221;&#8221; rt_bg_image_repeat=&#8221;repeat&#8221; rt_bg_size=&#8221;auto auto&#8221; rt_bg_attachment=&#8221;scroll&#8221; css=&#8221;.vc_custom_1741939890459{padding-right: 60px !important;}&#8221; rt_bg_color=&#8221;&#8221; rt_bg_overlay_color=&#8221;&#8221;][vc_column_text]\n<h3 id=\"osdi\"><strong><span style=\"color: #0083c6;\">9 Consejos que te ayudar\u00e1n a aliviar los s\u00edntomas de sequedad ocular<\/span><\/strong><\/h3>\n[\/vc_column_text][vc_empty_space height=&#8221;40px&#8221;][\/vc_column][vc_column width=&#8221;1\/4&#8243; rt_column_shadow=&#8221;&#8221; rt_bg_image_repeat=&#8221;repeat&#8221; rt_bg_size=&#8221;auto auto&#8221; rt_bg_attachment=&#8221;scroll&#8221;][vc_empty_space height=&#8221;10&#8243;][vc_btn title=&#8221;Consejos sequedad ocular&#8221; color=&#8221;primary&#8221; align=&#8221;left&#8221; i_type=&#8221;typicons&#8221; i_icon_typicons=&#8221;typcn typcn-document-text&#8221; button_block=&#8221;true&#8221; add_icon=&#8221;true&#8221; link=&#8221;url:https%3A%2F%2Fbrudylab.net%2Fpublica%2Fwp-content%2Fuploads%2Fsites%2F2%2F2025%2F03%2FConsejos_sequedad_ocular.pdf|title:Consejos%20sequedad%20ocular|target:_blank&#8221;][\/vc_column][\/vc_row][vc_row rt_row_background_width=&#8221;fullwidth&#8221; rt_row_content_width=&#8221;default&#8221; rt_row_style=&#8221;default-style&#8221; rt_row_borders=&#8221;top&#8221; rt_row_shadows=&#8221;&#8221; rt_row_paddings=&#8221;true&#8221; rt_bg_effect=&#8221;classic&#8221; rt_bg_image_repeat=&#8221;repeat&#8221; rt_bg_size=&#8221;cover&#8221; rt_bg_position=&#8221;right top&#8221; rt_bg_attachment=&#8221;scroll&#8221; rt_bg_video_format=&#8221;self-hosted&#8221; rt_padding_top=&#8221;60&#8243;][vc_column width=&#8221;3\/4&#8243; rt_column_shadow=&#8221;&#8221; rt_bg_image_repeat=&#8221;repeat&#8221; rt_bg_size=&#8221;auto auto&#8221; rt_bg_attachment=&#8221;scroll&#8221; css=&#8221;.vc_custom_1741939914392{padding-right: 60px !important;}&#8221; rt_bg_color=&#8221;&#8221; rt_bg_overlay_color=&#8221;&#8221;][vc_column_text]\n<h3 id=\"osdi\"><strong><span style=\"color: #0083c6;\">Gu\u00eda de Primeros Auxilios para problemas oculares<\/span><\/strong><\/h3>\n[\/vc_column_text][vc_empty_space height=&#8221;40px&#8221;][\/vc_column][vc_column width=&#8221;1\/4&#8243; rt_column_shadow=&#8221;&#8221; rt_bg_image_repeat=&#8221;repeat&#8221; rt_bg_size=&#8221;auto auto&#8221; rt_bg_attachment=&#8221;scroll&#8221;][vc_empty_space height=&#8221;10&#8243;][vc_btn title=&#8221;Primeros auxilios&#8221; color=&#8221;primary&#8221; align=&#8221;left&#8221; i_type=&#8221;typicons&#8221; i_icon_typicons=&#8221;typcn typcn-document-text&#8221; button_block=&#8221;true&#8221; add_icon=&#8221;true&#8221; link=&#8221;url:https%3A%2F%2Fbrudylab.net%2Fpublica%2Fwp-content%2Fuploads%2Fsites%2F2%2F2025%2F03%2FPrimeros_auxilios.pdf|title:Primeros%20auxilios|target:_blank&#8221;][\/vc_column][\/vc_row][vc_row rt_row_background_width=&#8221;fullwidth&#8221; rt_row_content_width=&#8221;default&#8221; rt_row_style=&#8221;default-style&#8221; rt_row_borders=&#8221;top&#8221; rt_row_shadows=&#8221;&#8221; rt_row_paddings=&#8221;true&#8221; rt_bg_effect=&#8221;classic&#8221; rt_bg_image_repeat=&#8221;repeat&#8221; rt_bg_size=&#8221;cover&#8221; rt_bg_position=&#8221;right top&#8221; rt_bg_attachment=&#8221;scroll&#8221; rt_bg_video_format=&#8221;self-hosted&#8221; rt_padding_top=&#8221;60&#8243;][vc_column width=&#8221;3\/4&#8243; rt_column_shadow=&#8221;&#8221; rt_bg_image_repeat=&#8221;repeat&#8221; rt_bg_size=&#8221;auto auto&#8221; rt_bg_attachment=&#8221;scroll&#8221; css=&#8221;.vc_custom_1741939914392{padding-right: 60px !important;}&#8221; rt_bg_color=&#8221;&#8221; rt_bg_overlay_color=&#8221;&#8221;][vc_column_text]\n<h3 id=\"osdi\"><strong><span style=\"color: #0083c6;\">Test de Ishihara para el Daltonismo<\/span><\/strong><\/h3>\n<p>El Test de Ishihara, creado por el Dr. Shinobu Ishihara en 1917, es una prueba esencial para diagnosticar el daltonismo. Utiliza im\u00e1genes con patrones de puntos de colores que forman n\u00fameros visibles solo para personas con visi\u00f3n normal. Es una herramienta simple pero efectiva para identificar defectos visuales.<\/p>\n<p><strong>La realizaci\u00f3n de este test de daltonismo es meramente aproximativa y no excluye, de ning\u00fan modo, la revisi\u00f3n por parte de un oftalm\u00f3logo. <\/strong>[\/vc_column_text][vc_empty_space height=&#8221;40px&#8221;][\/vc_column][vc_column width=&#8221;1\/4&#8243; rt_column_shadow=&#8221;&#8221; rt_bg_image_repeat=&#8221;repeat&#8221; rt_bg_size=&#8221;auto auto&#8221; rt_bg_attachment=&#8221;scroll&#8221;][vc_empty_space height=&#8221;10&#8243;][vc_single_image image=&#8221;6791&#8243; img_size=&#8221;full&#8221; alignment=&#8221;right&#8221; style=&#8221;vc_box_border&#8221; onclick=&#8221;custom_link&#8221; img_link_target=&#8221;_blank&#8221; link=&#8221;https:\/\/brudylab.net\/publica\/wp-content\/uploads\/sites\/2\/2025\/04\/Test-Ishihara.pdf&#8221; css=&#8221;.vc_custom_1744798938084{padding-bottom: 20px !important;}&#8221;][vc_btn title=&#8221;Descargar Test de Ishihara&#8221; color=&#8221;primary&#8221; align=&#8221;left&#8221; i_type=&#8221;typicons&#8221; i_icon_typicons=&#8221;typcn typcn-document-text&#8221; button_block=&#8221;true&#8221; add_icon=&#8221;true&#8221; link=&#8221;url:https%3A%2F%2Fbrudylab.net%2Fpublica%2Fwp-content%2Fuploads%2Fsites%2F2%2F2025%2F04%2FTest-Ishihara.pdf|title:Test%20Ishihara|target:_blank&#8221;][vc_empty_space height=&#8221;20&#8243;][\/vc_column][\/vc_row][vc_row rt_row_background_width=&#8221;fullwidth&#8221; rt_row_content_width=&#8221;default&#8221; rt_row_style=&#8221;default-style&#8221; rt_row_borders=&#8221;top&#8221; rt_row_shadows=&#8221;&#8221; rt_row_paddings=&#8221;true&#8221; rt_bg_effect=&#8221;classic&#8221; rt_bg_image_repeat=&#8221;repeat&#8221; rt_bg_size=&#8221;cover&#8221; rt_bg_position=&#8221;right top&#8221; rt_bg_attachment=&#8221;scroll&#8221; rt_bg_video_format=&#8221;self-hosted&#8221; rt_padding_top=&#8221;60&#8243;][vc_column width=&#8221;1\/3&#8243; rt_column_shadow=&#8221;&#8221; rt_bg_image_repeat=&#8221;repeat&#8221; rt_bg_size=&#8221;auto auto&#8221; rt_bg_attachment=&#8221;scroll&#8221; css=&#8221;.vc_custom_1741939914392{padding-right: 60px !important;}&#8221; rt_bg_color=&#8221;&#8221; rt_bg_overlay_color=&#8221;&#8221;][vc_column_text]\n<h3 id=\"osdi\"><strong><span style=\"color: #0083c6;\">Descarga a nuestra mascota BRU para que la coloreen los m\u00e1s peque\u00f1os<\/span><\/strong><\/h3>\n[\/vc_column_text][vc_empty_space height=&#8221;40px&#8221;][\/vc_column][vc_column width=&#8221;1\/3&#8243; rt_column_shadow=&#8221;&#8221; rt_bg_image_repeat=&#8221;repeat&#8221; rt_bg_size=&#8221;auto auto&#8221; rt_bg_attachment=&#8221;scroll&#8221;][vc_single_image image=&#8221;6767&#8243; img_size=&#8221;300&#215;300&#8243; alignment=&#8221;right&#8221; style=&#8221;vc_box_border&#8221; onclick=&#8221;custom_link&#8221; img_link_target=&#8221;_blank&#8221; link=&#8221;https:\/\/brudylab.net\/publica\/wp-content\/uploads\/sites\/2\/2025\/04\/Colorea_BRU_A4.pdf&#8221; css=&#8221;.vc_custom_1744292186606{padding-bottom: 20px !important;}&#8221;][\/vc_column][vc_column width=&#8221;1\/3&#8243; rt_column_shadow=&#8221;&#8221; rt_bg_image_repeat=&#8221;repeat&#8221; rt_bg_size=&#8221;auto auto&#8221; rt_bg_attachment=&#8221;scroll&#8221;][vc_btn title=&#8221;Descarga a BRU&#8221; color=&#8221;primary&#8221; align=&#8221;left&#8221; i_type=&#8221;typicons&#8221; i_icon_typicons=&#8221;typcn typcn-document-text&#8221; add_icon=&#8221;true&#8221; link=&#8221;url:https%3A%2F%2Fbrudylab.net%2Fpublica%2Fwp-content%2Fuploads%2Fsites%2F2%2F2025%2F04%2FColorea_BRU_A4.pdf|title:Primeros%20auxilios|target:_blank&#8221; css=&#8221;.vc_custom_1744293210971{padding-left: 20px !important;}&#8221;][\/vc_column][\/vc_row][vc_row rt_row_background_width=&#8221;fullwidth&#8221; rt_row_content_width=&#8221;default&#8221; rt_row_style=&#8221;default-style&#8221; rt_row_borders=&#8221;&#8221; rt_row_shadows=&#8221;&#8221; rt_row_paddings=&#8221;true&#8221; rt_bg_effect=&#8221;classic&#8221; rt_bg_image_repeat=&#8221;repeat&#8221; rt_bg_size=&#8221;cover&#8221; rt_bg_position=&#8221;right top&#8221; rt_bg_attachment=&#8221;scroll&#8221; rt_bg_video_format=&#8221;self-hosted&#8221;][vc_column rt_column_shadow=&#8221;&#8221; rt_bg_image_repeat=&#8221;repeat&#8221; rt_bg_size=&#8221;auto auto&#8221; rt_bg_attachment=&#8221;scroll&#8221;][vc_empty_space height=&#8221;20&#8243;][\/vc_column][\/vc_row]\n","protected":false},"excerpt":{"rendered":"<p>[vc_row rt_row_background_width=&#8221;fullwidth&#8221; rt_row_content_width=&#8221;default&#8221; rt_row_style=&#8221;default-style&#8221; rt_row_borders=&#8221;&#8221; rt_row_shadows=&#8221;&#8221; rt_row_paddings=&#8221;true&#8221; rt_bg_effect=&#8221;classic&#8221; rt_bg_image_repeat=&#8221;repeat&#8221; rt_bg_size=&#8221;cover&#8221; rt_bg_position=&#8221;right top&#8221; rt_bg_attachment=&#8221;scroll&#8221; rt_bg_video_format=&#8221;self-hosted&#8221;][vc_column width=&#8221;6\/12&#8243; rt_column_shadow=&#8221;&#8221; rt_bg_image_repeat=&#8221;repeat&#8221; rt_bg_size=&#8221;auto auto&#8221; rt_bg_attachment=&#8221;scroll&#8221;][vc_empty_space height=&#8221;40px&#8221;][vc_column_text] Test de la rejilla de Amsler Desc\u00e1rguese la rejilla de Amsler blanca o negra (la elecci\u00f3n del color es indiferente para el resultado del test). Puede imprimirla o visualizarla en la pantalla de un &#8230; <a class=\"more-link\" href=\"https:\/\/brudylab.net\/publica\/herramientas_utiles\/\">Continue reading<\/a><\/p>\n","protected":false},"author":2,"featured_media":0,"parent":0,"menu_order":0,"comment_status":"closed","ping_status":"closed","template":"","meta":{"inline_featured_image":false,"footnotes":""},"class_list":["post-4804","page","type-page","status-publish","hentry"],"_links":{"self":[{"href":"https:\/\/brudylab.net\/publica\/wp-json\/wp\/v2\/pages\/4804","targetHints":{"allow":["GET"]}}],"collection":[{"href":"https:\/\/brudylab.net\/publica\/wp-json\/wp\/v2\/pages"}],"about":[{"href":"https:\/\/brudylab.net\/publica\/wp-json\/wp\/v2\/types\/page"}],"author":[{"embeddable":true,"href":"https:\/\/brudylab.net\/publica\/wp-json\/wp\/v2\/users\/2"}],"replies":[{"embeddable":true,"href":"https:\/\/brudylab.net\/publica\/wp-json\/wp\/v2\/comments?post=4804"}],"version-history":[{"count":3,"href":"https:\/\/brudylab.net\/publica\/wp-json\/wp\/v2\/pages\/4804\/revisions"}],"predecessor-version":[{"id":6796,"href":"https:\/\/brudylab.net\/publica\/wp-json\/wp\/v2\/pages\/4804\/revisions\/6796"}],"wp:attachment":[{"href":"https:\/\/brudylab.net\/publica\/wp-json\/wp\/v2\/media?parent=4804"}],"curies":[{"name":"wp","href":"https:\/\/api.w.org\/{rel}","templated":true}]}}