{"id":5234,"date":"2024-06-06T10:35:11","date_gmt":"2024-06-06T10:35:11","guid":{"rendered":"https:\/\/brudylab.net\/publica\/register\/"},"modified":"2024-06-06T10:35:11","modified_gmt":"2024-06-06T10:35:11","slug":"register","status":"publish","type":"page","link":"https:\/\/brudylab.net\/publica\/register\/","title":{"rendered":"Registro"},"content":{"rendered":"\n<div class=\"um um-register um-4911\">\n\t<div class=\"um-form\" data-mode=\"register\">\n\t\t<form method=\"post\" action=\"\">\n\t\t\t<div class=\"um-row _um_row_1 \" style=\"margin: 0 0 30px 0;\"><div class=\"um-col-121\"><div  id=\"um_field_4911_user_email\" class=\"um-field um-field-text  um-field-user_email um-field-text um-field-type_text\" data-key=\"user_email\"><div class=\"um-field-label\"><label for=\"user_email-4911\">Direcci\u00f3n de correo electr\u00f3nico<span class=\"um-req\" title=\"Obligatorio\">*<\/span><\/label><div class=\"um-clear\"><\/div><\/div><div class=\"um-field-area\"><input  autocomplete=\"off\" class=\"um-form-field valid \" type=\"text\" name=\"user_email-4911\" id=\"user_email-4911\" value=\"\" placeholder=\"\" data-validate=\"unique_email\" data-key=\"user_email\"  aria-invalid=\"false\" \/>\n\n\t\t\t\t\t\t<\/div><\/div><div  id=\"um_field_4911_password_r\" class=\"um-field um-field-password  um-field-password_r um-field-password um-field-type_password\" data-key=\"password_r\"><div class=\"um-field-label\"><label for=\"password_r-4911\">Contrase\u00f1a<span class=\"um-req\" title=\"Obligatorio\">*<\/span><\/label><div class=\"um-clear\"><\/div><\/div><div class=\"um-field-area\"><input class=\"um-form-field valid \" type=\"password\" name=\"password_r-4911\" id=\"password_r-4911\" value=\"\" placeholder=\"\" data-validate=\"\" data-key=\"password_r\"  aria-invalid=\"false\" \/>\n\n\t\t\t\t\t\t\t<\/div><\/div><div  id=\"um_field_4911_confirm_password_r\" class=\"um-field um-field-password  um-field-password_r um-field-password um-field-type_password\" data-key=\"confirm_password_r\"><div class=\"um-field-label\"><label for=\"confirm_password_r-4911\">Confirmar Contrase\u00f1a<span class=\"um-req\" title=\"Obligatorio\">*<\/span><\/label><div class=\"um-clear\"><\/div><\/div><div class=\"um-field-area\"><input class=\"um-form-field valid \" type=\"password\" name=\"confirm_password_r-4911\" id=\"confirm_password_r-4911\" value=\"\" placeholder=\"Confirmar Contrase\u00f1a\" data-validate=\"\" data-key=\"confirm_password_r\"  aria-invalid=\"false\" \/><\/div><\/div><div  id=\"um_field_4911_ejercicio_profesional_r\" class=\"um-field um-field-select  um-field-ejercicio_profesional_r um-field-select um-field-type_select\" data-key=\"ejercicio_profesional_r\"><div class=\"um-field-label\"><label for=\"ejercicio_profesional_r-4911\">Ejercicio profesional<span class=\"um-req\" title=\"Obligatorio\">*<\/span><\/label><div class=\"um-clear\"><\/div><\/div><div class=\"um-field-area  \"><select data-default=\"\"     name=\"ejercicio_profesional_r\" id=\"ejercicio_profesional_r\" data-validate=\"\" data-key=\"ejercicio_profesional_r\" class=\"um-form-field valid um-s1 \" style=\"width: 100%\" data-placeholder=\"\"   aria-invalid=\"false\" ><option value=\"\"><\/option><option value=\"Medicina\" >Medicina<\/option><option value=\"Farmacia\" >Farmacia<\/option><option value=\"Enfermer\u00eda\" >Enfermer\u00eda<\/option><option value=\"Fisioterapia\" >Fisioterapia<\/option><option value=\"Terapia ocupacional\" >Terapia ocupacional<\/option><option value=\"\u00d3ptico o optometrista\" >\u00d3ptico o optometrista<\/option><option value=\"Nutricionista o dietista\" >Nutricionista o dietista<\/option><option value=\"Investigador\" >Investigador<\/option><option value=\"Otros\" >Otros<\/option><\/select><\/div><\/div><div  id=\"um_field_4911_recibir_noticias_r\" class=\"um-field um-field-checkbox  um-field-recibir_noticias_r um-field-checkbox um-field-type_checkbox\" data-key=\"recibir_noticias_r\"  aria-invalid=\"false\" ><div class=\"um-field-label\"><label for=\"recibir_noticias_r-4911\">Recibir noticias de Brudylab<\/label><div class=\"um-clear\"><\/div><\/div><div class=\"um-field-area\"><label class=\"um-field-checkbox  um-field-half \"><input   type=\"checkbox\" name=\"recibir_noticias_r[]\" value=\"Acepto recibir noticias de Brudylab mediante correo electr\u00f3nico.\"  \/><span class=\"um-field-checkbox-state\"><i class=\"um-icon-android-checkbox-outline-blank\"><\/i><\/span><span class=\"um-field-checkbox-option\">Acepto recibir noticias de Brudylab mediante correo electr\u00f3nico.<\/span><\/label><div class=\"um-clear\"><\/div><\/div><\/div><\/div><div class=\"um-col-122\"><div  id=\"um_field_4911_nombre_r\" class=\"um-field um-field-text  um-field-nombre_r um-field-text um-field-type_text\" data-key=\"nombre_r\"><div class=\"um-field-label\"><label for=\"nombre_r-4911\">Nombre<span class=\"um-req\" title=\"Obligatorio\">*<\/span><\/label><div class=\"um-clear\"><\/div><\/div><div class=\"um-field-area\"><input  autocomplete=\"off\" class=\"um-form-field valid \" type=\"text\" name=\"nombre_r-4911\" id=\"nombre_r-4911\" value=\"\" placeholder=\"\" data-validate=\"\" data-key=\"nombre_r\"  aria-invalid=\"false\" \/>\n\n\t\t\t\t\t\t<\/div><\/div><div  id=\"um_field_4911_nombre_r_8\" class=\"um-field um-field-text  um-field-nombre_r_8 um-field-text um-field-type_text\" data-key=\"nombre_r_8\"><div class=\"um-field-label\"><label for=\"nombre_r_8-4911\">Apellidos<span class=\"um-req\" title=\"Obligatorio\">*<\/span><\/label><div class=\"um-clear\"><\/div><\/div><div class=\"um-field-area\"><input  autocomplete=\"off\" class=\"um-form-field valid \" type=\"text\" name=\"nombre_r_8-4911\" id=\"nombre_r_8-4911\" value=\"\" placeholder=\"\" data-validate=\"\" data-key=\"nombre_r_8\"  aria-invalid=\"false\" \/>\n\n\t\t\t\t\t\t<\/div><\/div><div  id=\"um_field_4911_especialidad_r\" class=\"um-field um-field-select  um-field-especialidad_r um-field-select um-field-type_select\" data-key=\"especialidad_r\"><div class=\"um-field-label\"><label for=\"especialidad_r-4911\">Especialidad<span class=\"um-req\" title=\"Obligatorio\">*<\/span><\/label><div class=\"um-clear\"><\/div><\/div><div class=\"um-field-area  \"><select data-default=\"\"     name=\"especialidad_r\" id=\"especialidad_r\" data-validate=\"\" data-key=\"especialidad_r\" class=\"um-form-field valid um-s1 \" style=\"width: 100%\" data-placeholder=\"\"   aria-invalid=\"false\" ><option value=\"\"><\/option><option value=\"Alergolog\u00eda\" >Alergolog\u00eda<\/option><option value=\"Cardiolog\u00eda\" >Cardiolog\u00eda<\/option><option value=\"Endocrinolog\u00eda o nutrici\u00f3n\" >Endocrinolog\u00eda o nutrici\u00f3n<\/option><option value=\"Gastroenterolog\u00eda\" >Gastroenterolog\u00eda<\/option><option value=\"Ginecolog\u00eda\" >Ginecolog\u00eda<\/option><option value=\"Hematolog\u00eda\" >Hematolog\u00eda<\/option><option value=\"Medicina general\" >Medicina general<\/option><option value=\"Nefrolog\u00eda\" >Nefrolog\u00eda<\/option><option value=\"Neumolog\u00eda\" >Neumolog\u00eda<\/option><option value=\"Neurolog\u00eda\" >Neurolog\u00eda<\/option><option value=\"Oftalmolog\u00eda\" >Oftalmolog\u00eda<\/option><option value=\"Oncolog\u00eda\" >Oncolog\u00eda<\/option><option value=\"Otorrinolaringolog\u00eda\" >Otorrinolaringolog\u00eda<\/option><option value=\"Reumatolog\u00eda\" >Reumatolog\u00eda<\/option><option value=\"Salud de la mujer\" >Salud de la mujer<\/option><option value=\"Pediatr\u00eda o neonatolog\u00eda\" >Pediatr\u00eda o neonatolog\u00eda<\/option><option value=\"Psiquiatr\u00eda\" >Psiquiatr\u00eda<\/option><option value=\"Urolog\u00eda\" >Urolog\u00eda<\/option><option value=\"Otros\" >Otros<\/option><\/select><\/div><\/div><div  id=\"um_field_4911_ciudad_r\" class=\"um-field um-field-text  um-field-ciudad_r um-field-text um-field-type_text\" data-key=\"ciudad_r\"><div class=\"um-field-label\"><label for=\"ciudad_r-4911\">Ciudad<span class=\"um-req\" title=\"Obligatorio\">*<\/span><\/label><div class=\"um-clear\"><\/div><\/div><div class=\"um-field-area\"><input  autocomplete=\"off\" class=\"um-form-field valid \" type=\"text\" name=\"ciudad_r-4911\" id=\"ciudad_r-4911\" value=\"\" placeholder=\"\" data-validate=\"\" data-key=\"ciudad_r\"  aria-invalid=\"false\" \/>\n\n\t\t\t\t\t\t<\/div><\/div><\/div><div class=\"um-clear\"><\/div><\/div>\n<!-- This file should primarily consist of HTML with a little bit of PHP. -->\n<div class=\"um-field um-field-type_terms_conditions\" data-key=\"use_terms_conditions_agreement\" style=\"display:block;padding:0;\">\n\t<div class=\"um-field-area\">\n\t\t<div class=\"um-gdpr-content\" style=\"display:none;\">\n\t\t\t<p>Cookie es un fichero que se descarga en su ordenador al acceder a determinadas p\u00e1ginas web. Las cookies permiten a una p\u00e1gina web, entre otras cosas, almacenar y recuperar informaci\u00f3n sobre los h\u00e1bitos de navegaci\u00f3n de un usuario o de su equipo y, dependiendo de la informaci\u00f3n que contengan y de la forma en que utilice su equipo, pueden utilizarse para reconocer al usuario.. El navegador del usuario memoriza cookies en el disco duro solamente durante la sesi\u00f3n actual ocupando un espacio de memoria m\u00ednimo y no perjudicando al ordenador. Las cookies no contienen ninguna clase de informaci\u00f3n personal espec\u00edfica, y la mayor\u00eda de las mismas se borran del disco duro al finalizar la sesi\u00f3n de navegador (las denominadas cookies de sesi\u00f3n).<\/p>\n<p>La mayor\u00eda de los navegadores aceptan como est\u00e1ndar a las cookies y, con independencia de las mismas, permiten o impiden en los ajustes de seguridad las cookies temporales o memorizadas.<\/p>\n<h3>\u00bfQu\u00e9 tipos de cookies utiliza esta p\u00e1gina web?<\/h3>\n<p><strong>Cookies t\u00e9cnicas<\/strong>: Son aqu\u00e9llas que permiten al usuario la navegaci\u00f3n a trav\u00e9s de una p\u00e1gina web, plataforma o aplicaci\u00f3n y la utilizaci\u00f3n de las diferentes opciones o servicios que en ella existan como, por ejemplo, controlar el tr\u00e1fico y la comunicaci\u00f3n de datos, identificar la sesi\u00f3n, acceder a partes de acceso restringido, recordar los elementos que integran un pedido, realizar el proceso de compra de un pedido, realizar la solicitud de inscripci\u00f3n o participaci\u00f3n en un evento, utilizar elementos de seguridad durante la navegaci\u00f3n, almacenar contenidos para la difusi\u00f3n de videos o sonido o compartir contenidos a trav\u00e9s de redes sociales.<\/p>\n<p><strong>Cookies de personalizaci\u00f3n<\/strong>: Son aqu\u00e9llas que permiten al usuario acceder al servicio con algunas caracter\u00edsticas de car\u00e1cter general predefinidas en funci\u00f3n de una serie de criterios en el terminal del usuario como por ejemplo serian el idioma, el tipo de navegador a trav\u00e9s del cual accede al servicio, la configuraci\u00f3n regional desde donde accede al servicio, etc.<\/p>\n<p><strong>Cookies de an\u00e1lisis<\/strong>: Son aqu\u00e9llas que bien tratadas por nosotros o por terceros, nos permiten cuantificar el n\u00famero de usuarios y as\u00ed realizar la medici\u00f3n y an\u00e1lisis estad\u00edstico de la utilizaci\u00f3n que hacen los usuarios del servicio ofertado. Para ello se analiza su navegaci\u00f3n en nuestra p\u00e1gina web con el fin de mejorar la oferta de productos o servicios que le ofrecemos.<\/p>\n<p><strong>Cookies de publicidad comportamental<\/strong>: Son aqu\u00e9llas que permiten la gesti\u00f3n, de la forma m\u00e1s eficaz posible, de los espacios publicitarios que, en su caso, el editor haya incluido en una p\u00e1gina web, aplicaci\u00f3n o plataforma desde la que presta el servicio solicitado. Estas cookies almacenan informaci\u00f3n del comportamiento de los usuarios obtenida a trav\u00e9s de la observaci\u00f3n continuada de sus h\u00e1bitos de navegaci\u00f3n, lo que permite desarrollar un perfil espec\u00edfico para mostrar publicidad en funci\u00f3n del mismo.<\/p>\n<p><strong>Cookies de terceros<\/strong>: La web de Brudylab puede utilizar servicios de terceros que, por cuenta de Brudylab, recopilaran informaci\u00f3n con fines estad\u00edsticos, de uso del Site por parte del usuario y para la prestaci\u00f3n de otros servicios relacionados con la actividad del website y otros servicios de Internet.<\/p>\n<p>El Usuario acepta expresamente, por la utilizaci\u00f3n de este site, el tratamiento de la informaci\u00f3n recabada en la forma y con los fines anteriormente mencionados. Y asimismo reconoce conocer la posibilidad de rechazar el tratamiento de tales datos o informaci\u00f3n rechazando el uso de Cookies mediante la selecci\u00f3n de la configuraci\u00f3n apropiada a tal fin en su navegador. Si bien esta opci\u00f3n de bloqueo de cookies en su navegador puede no permitirle el uso pleno de todas las funcionalidades del website.<\/p>\n\t\t<\/div>\n\t\t<a href=\"javascript:void(0);\" class=\"um-toggle-gdpr\" data-toggle-state=\"hidden\"\n\t\t\tdata-toggle-show=\"Mostrar la pol\u00edtica de privacidad\"\n\t\t\tdata-toggle-hide=\"Ocultar la pol\u00edtica de privacidad\">\n\t\t\tMostrar la pol\u00edtica de privacidad\t\t<\/a>\n\t<\/div>\n\t<div class=\"um-field-area\">\n\t\t<label class=\"um-field-checkbox\">\n\t\t\t<input type=\"checkbox\" name=\"use_gdpr_agreement\" value=\"1\">\n\t\t\t<span class=\"um-field-checkbox-state\"><i class=\"um-icon-android-checkbox-outline-blank\"><\/i><\/span>\n\t\t\t<span class=\"um-field-checkbox-option\">Por favor, confirma que est\u00e1s de acuerdo con nuestra pol\u00edtica de privacidad<\/span>\n\t\t<\/label>\n\t\t<div class=\"um-clear\"><\/div>\n\t\t\t\t<div class=\"um-clear\"><\/div>\n\t<\/div>\n<\/div>\n\t<input type=\"hidden\" name=\"form_id\" id=\"form_id_4911\" value=\"4911\" \/>\n\t\t<p class=\"um_request_name\">\n\t\t<label for=\"um_request_4911\">Only fill in if you are not human<\/label>\n\t\t<input type=\"hidden\" name=\"um_request\" id=\"um_request_4911\" class=\"input\" value=\"\" size=\"25\" autocomplete=\"off\" \/>\n\t<\/p>\n\t<input type=\"hidden\" id=\"_wpnonce\" name=\"_wpnonce\" value=\"145d106cb3\" \/><input type=\"hidden\" name=\"_wp_http_referer\" value=\"\/publica\/wp-json\/wp\/v2\/pages\/5234\" \/>\n<div class=\"g-recaptcha\" id=\"um-4911\" data-mode=\"register\"><\/div>\n\n\n\t<div class=\"um-col-alt\">\n\n\t\t\n\t\t\t<div class=\"um-center\">\n\t\t\t\t<input type=\"submit\" value=\"Registro\" class=\"um-button\" id=\"um-submit-btn\" \/>\n\t\t\t<\/div>\n\n\t\t\n\t\t<div class=\"um-clear\"><\/div>\n\n\t<\/div>\n\n\t\t\t<\/form>\n\t<\/div>\n<\/div>\n<style>\n\t\t\t.um-4911.um {\n\t\t\tmax-width: 980px;\n\t\t}\n\t\t<\/style>\n\n","protected":false},"excerpt":{"rendered":"<p>&#8230; <a class=\"more-link\" href=\"https:\/\/brudylab.net\/publica\/register\/\">Continue reading<\/a><\/p>\n","protected":false},"author":1,"featured_media":0,"parent":0,"menu_order":0,"comment_status":"closed","ping_status":"closed","template":"","meta":{"inline_featured_image":false,"footnotes":""},"class_list":["post-5234","page","type-page","status-publish","hentry"],"_links":{"self":[{"href":"https:\/\/brudylab.net\/publica\/wp-json\/wp\/v2\/pages\/5234","targetHints":{"allow":["GET"]}}],"collection":[{"href":"https:\/\/brudylab.net\/publica\/wp-json\/wp\/v2\/pages"}],"about":[{"href":"https:\/\/brudylab.net\/publica\/wp-json\/wp\/v2\/types\/page"}],"author":[{"embeddable":true,"href":"https:\/\/brudylab.net\/publica\/wp-json\/wp\/v2\/users\/1"}],"replies":[{"embeddable":true,"href":"https:\/\/brudylab.net\/publica\/wp-json\/wp\/v2\/comments?post=5234"}],"version-history":[{"count":0,"href":"https:\/\/brudylab.net\/publica\/wp-json\/wp\/v2\/pages\/5234\/revisions"}],"wp:attachment":[{"href":"https:\/\/brudylab.net\/publica\/wp-json\/wp\/v2\/media?parent=5234"}],"curies":[{"name":"wp","href":"https:\/\/api.w.org\/{rel}","templated":true}]}}