{"id":6019,"date":"2025-01-20T09:39:32","date_gmt":"2025-01-20T09:39:32","guid":{"rendered":"https:\/\/brudylab.net\/publica\/?page_id=5887"},"modified":"2025-02-18T16:06:28","modified_gmt":"2025-02-18T16:06:28","slug":"cuidado-materno-infantil","status":"publish","type":"page","link":"https:\/\/brudylab.net\/publica\/cuidado-materno-infantil\/","title":{"rendered":"Cuidado Materno Infantil"},"content":{"rendered":"[vc_row rt_row_background_width=&#8221;fullwidth&#8221; rt_row_content_width=&#8221;default&#8221; rt_row_style=&#8221;default-style&#8221; rt_row_borders=&#8221;&#8221; rt_row_shadows=&#8221;&#8221; rt_column_view=&#8221;boxed_columns&#8221; rt_row_paddings=&#8221;true&#8221; rt_bg_effect=&#8221;classic&#8221; rt_bg_image_repeat=&#8221;repeat&#8221; rt_bg_size=&#8221;cover&#8221; rt_bg_position=&#8221;right top&#8221; rt_bg_attachment=&#8221;scroll&#8221; rt_bg_video_format=&#8221;self-hosted&#8221;][vc_column rt_column_shadow=&#8221;&#8221; rt_bg_image_repeat=&#8221;repeat&#8221; rt_bg_size=&#8221;auto auto&#8221; rt_bg_attachment=&#8221;scroll&#8221;]\n<div id=\"product-dynamicID-591072\" class=\"product_holder product-showcase clearfix  masonry\" data-column-width=\"3\" itemscope itemtype=\"http:\/\/schema.org\/Product\">\n<div class=\"col col-sm-4 isotope-item  cuidado-materno-infantil\">\n\n<div class=\"product_info_holder\">\n\n\t\t\t<!-- product image -->\n\t\t<div class=\"featured_image\"> \n\t\t\t<a href=\"https:\/\/brudylab.net\/publica\/productos\/brudyfertil-aox\/\" title=\"BRUDY FERTIL-AOX\" rel=\"bookmark\" data-image-count=\"1\"><img decoding=\"async\" src=\"https:\/\/brudylab.net\/publica\/wp-content\/uploads\/sites\/2\/2025\/02\/BFERTIL90_0125-480x480.jpg\" alt=\"BFERTIL90_0125\" class=\"active-image\" \/><\/a> \n\t\t\t\t\n\t\t\t\t\t\t<\/div>\n\t\n\n\t\n\t\t\t\t\t\t\n\t\t<div class=\"product_info\">\n\n\t\t\t\t\t\t\t\t<!-- title-->\n\t\t\t\t<h5 class=\"product-title clean_heading\"><a href=\"https:\/\/brudylab.net\/publica\/productos\/brudyfertil-aox\/\" title=\"BRUDY FERTIL-AOX\" rel=\"bookmark\">BRUDY FERTIL-AOX<\/a><\/h5>\n\t\t\t\t\n\t\t\t\t<!-- text-->\n\t\t\t\t<p>BRUDY FERTIL-AOX\u00ae ha sido ideado para complementar las necesidades diarias de \u00e1cidos grasos esenciales de la familia omega-3 y del grupo incluido de vitaminas, minerales, glutati\u00f3n y carotenoides.<\/p>\t\t<\/div>\n\n\t\t\n\n\t\n<\/div>\n\n<div class=\"product_info_footer clearfix\">\n\t\t\t<!-- product price -->\n\t\t\t<p class=\"price icon-\">\t\n\t\t\t\t<del><span class=\"amount\">$25<\/span><\/del> <ins><span class=\"amount\">$15<\/span><\/ins>\n\t\t\t<\/p> \n\t\t<div class=\"action_buttons\"><a href=\"https:\/\/brudylab.net\/publica\/productos\/brudyfertil-aox\/\" title=\"BRUDY FERTIL-AOX\" class=\"details icon-angle-right\">Details<\/a><\/div><\/div> \t<\/div>\n<div class=\"col col-sm-4 isotope-item  cuidado-materno-infantil\">\n\n<div class=\"product_info_holder\">\n\n\t\t\t<!-- product image -->\n\t\t<div class=\"featured_image\"> \n\t\t\t<a href=\"https:\/\/brudylab.net\/publica\/productos\/brudygesta\/\" title=\"BRUDY GESTA\" rel=\"bookmark\" data-image-count=\"1\"><img decoding=\"async\" src=\"https:\/\/brudylab.net\/publica\/wp-content\/uploads\/sites\/2\/2025\/02\/BGESTA60_0125-480x480.jpg\" alt=\"BGESTA60_0125\" class=\"active-image\" \/><\/a> \n\t\t\t\t\n\t\t\t\t\t\t<\/div>\n\t\n\n\t\n\t\t\t\t\t\t\n\t\t<div class=\"product_info\">\n\n\t\t\t\t\t\t\t\t<!-- title-->\n\t\t\t\t<h5 class=\"product-title clean_heading\"><a href=\"https:\/\/brudylab.net\/publica\/productos\/brudygesta\/\" title=\"BRUDY GESTA\" rel=\"bookmark\">BRUDY GESTA<\/a><\/h5>\n\t\t\t\t\n\t\t\t\t<!-- text-->\n\t\t\t\t<p>BRUDY GESTA ha sido ideado para complementar las necesidades diarias de \u00e1cidos grasos esenciales de la familia Omega 3 y del grupo incluido de vitaminas y minerales, tanto durante el per\u00edodo previo al embarazo en el que se est\u00e1 buscando la concepci\u00f3n, como durante el embarazo efectivo.<\/p>\t\t<\/div>\n\n\t\t\n\n\t\n<\/div>\n\n<div class=\"product_info_footer clearfix\">\n\t\t\t<!-- product price -->\n\t\t\t<p class=\"price icon-\">\t\n\t\t\t\t<del><span class=\"amount\">$25<\/span><\/del> <ins><span class=\"amount\">$15<\/span><\/ins>\n\t\t\t<\/p> \n\t\t<div class=\"action_buttons\"><a href=\"https:\/\/brudylab.net\/publica\/productos\/brudygesta\/\" title=\"BRUDY GESTA\" class=\"details icon-angle-right\">Details<\/a><\/div><\/div> \t<\/div>\n<div class=\"col col-sm-4 isotope-item  cuidado-materno-infantil\">\n\n<div class=\"product_info_holder\">\n\n\t\t\t<!-- product image -->\n\t\t<div class=\"featured_image\"> \n\t\t\t<a href=\"https:\/\/brudylab.net\/publica\/productos\/brudylactancia\/\" title=\"BRUDY LACTANCIA\" rel=\"bookmark\" data-image-count=\"1\"><img decoding=\"async\" src=\"https:\/\/brudylab.net\/publica\/wp-content\/uploads\/sites\/2\/2025\/02\/BLACTANCIA60_0125-480x480.jpg\" alt=\"BLACTANCIA60_0125\" class=\"active-image\" \/><\/a> \n\t\t\t\t\n\t\t\t\t\t\t<\/div>\n\t\n\n\t\n\t\t\t\t\t\t\n\t\t<div class=\"product_info\">\n\n\t\t\t\t\t\t\t\t<!-- title-->\n\t\t\t\t<h5 class=\"product-title clean_heading\"><a href=\"https:\/\/brudylab.net\/publica\/productos\/brudylactancia\/\" title=\"BRUDY LACTANCIA\" rel=\"bookmark\">BRUDY LACTANCIA<\/a><\/h5>\n\t\t\t\t\n\t\t\t\t<!-- text-->\n\t\t\t\t<p>BRUDYLACTANCIA ha sido ideado para complementar las necesidades diarias, de \u00e1cidos grasos esenciales de la familia omega-3 y del grupo incluido de vitaminas y minerales durante el per\u00edodo de lactancia materna, situaci\u00f3n en la que las necesidades de \u00e9stos nutrientes se encuentran aumentadas.<\/p>\t\t<\/div>\n\n\t\t\n\n\t\n<\/div>\n\n<div class=\"product_info_footer clearfix\">\n\t\t\t<!-- product price -->\n\t\t\t<p class=\"price icon-\">\t\n\t\t\t\t<del><span class=\"amount\">$25<\/span><\/del> <ins><span class=\"amount\">$15<\/span><\/ins>\n\t\t\t<\/p> \n\t\t<div class=\"action_buttons\"><a href=\"https:\/\/brudylab.net\/publica\/productos\/brudylactancia\/\" title=\"BRUDY LACTANCIA\" class=\"details icon-angle-right\">Details<\/a><\/div><\/div> \t<\/div>\n<div class=\"col col-sm-4 isotope-item  cuidado-materno-infantil\">\n\n<div class=\"product_info_holder\">\n\n\t\t\t<!-- product image -->\n\t\t<div class=\"featured_image\"> \n\t\t\t<a href=\"https:\/\/brudylab.net\/publica\/productos\/brudydha-gel-kids\/\" title=\"BRUDY DHA GEL KIDS\" rel=\"bookmark\" data-image-count=\"1\"><img decoding=\"async\" src=\"https:\/\/brudylab.net\/publica\/wp-content\/uploads\/sites\/2\/2025\/02\/BDHA_GELKIDS_0125-480x480.jpg\" alt=\"BDHA_GELKIDS_0125\" class=\"active-image\" \/><\/a> \n\t\t\t\t\n\t\t\t\t\t\t<\/div>\n\t\n\n\t\n\t\t\t\t\t\t\n\t\t<div class=\"product_info\">\n\n\t\t\t\t\t\t\t\t<!-- title-->\n\t\t\t\t<h5 class=\"product-title clean_heading\"><a href=\"https:\/\/brudylab.net\/publica\/productos\/brudydha-gel-kids\/\" title=\"BRUDY DHA GEL KIDS\" rel=\"bookmark\">BRUDY DHA GEL KIDS<\/a><\/h5>\n\t\t\t\t\n\t\t\t\t<!-- text-->\n\t\t\t\t<p>BRUDY DHA GEL KIDS. Alimento para Usos M\u00e9dicos Especiales. El DHA (\u00e1cido docosahexaenoico) es un \u00e1cido graso de la familia Omega-3 esencial durante la infancia, ya que contribuye al desarrollo visual normal de los ni\u00f1os hasta los 12 meses de edad.<\/p>\t\t<\/div>\n\n\t\t\n\n\t\n<\/div>\n\n<div class=\"product_info_footer clearfix\">\n\t\t\t<!-- product price -->\n\t\t\t<p class=\"price icon-\">\t\n\t\t\t\t<del><span class=\"amount\">$25<\/span><\/del> <ins><span class=\"amount\">$15<\/span><\/ins>\n\t\t\t<\/p> \n\t\t<div class=\"action_buttons\"><a href=\"https:\/\/brudylab.net\/publica\/productos\/brudydha-gel-kids\/\" title=\"BRUDY DHA GEL KIDS\" class=\"details icon-angle-right\">Details<\/a><\/div><\/div> \t<\/div>\n<div class=\"col col-sm-4 isotope-item  cuidado-materno-infantil\">\n\n<div class=\"product_info_holder\">\n\n\t\t\t<!-- product image -->\n\t\t<div class=\"featured_image\"> \n\t\t\t<a href=\"https:\/\/brudylab.net\/publica\/productos\/brudygyne-dry\/\" title=\"BRUDYGYNE DRY\" rel=\"bookmark\" data-image-count=\"1\"><img decoding=\"async\" src=\"https:\/\/brudylab.net\/publica\/wp-content\/uploads\/sites\/2\/2022\/11\/BrudyGyne_Dry-480x480.jpg\" alt=\"BrudyGyne_Dry\" class=\"active-image\" \/><\/a> \n\t\t\t\t\n\t\t\t\t\t\t<\/div>\n\t\n\n\t\n\t\t\t\t\t\t\n\t\t<div class=\"product_info\">\n\n\t\t\t\t\t\t\t\t<!-- title-->\n\t\t\t\t<h5 class=\"product-title clean_heading\"><a href=\"https:\/\/brudylab.net\/publica\/productos\/brudygyne-dry\/\" title=\"BRUDYGYNE DRY\" rel=\"bookmark\">BRUDYGYNE DRY<\/a><\/h5>\n\t\t\t\t\n\t\t\t\t<!-- text-->\n\t\t\t\t<p>BRUDYGYNE DRY ha sido ideado para complementar las necesidades diarias de \u00e1cidos grasos esenciales de la familia Omega 3, y del grupo incluido de vitaminas, minerales y glutati\u00f3n.<\/p>\t\t<\/div>\n\n\t\t\n\n\t\n<\/div>\n\n<div class=\"product_info_footer clearfix\">\n\t\t\t<!-- product price -->\n\t\t\t<p class=\"price icon-\">\t\n\t\t\t\t<del><span class=\"amount\">$25<\/span><\/del> <ins><span class=\"amount\">$15<\/span><\/ins>\n\t\t\t<\/p> \n\t\t<div class=\"action_buttons\"><a href=\"https:\/\/brudylab.net\/publica\/productos\/brudygyne-dry\/\" title=\"BRUDYGYNE DRY\" class=\"details icon-angle-right\">Details<\/a><\/div><\/div> \t<\/div>\n<div class=\"col col-sm-4 isotope-item  cuidado-materno-infantil\">\n\n<div class=\"product_info_holder\">\n\n\t\t\t<!-- product image -->\n\t\t<div class=\"featured_image\"> \n\t\t\t<a href=\"https:\/\/brudylab.net\/publica\/productos\/brudyneo\/\" title=\"BRUDY NEO\" rel=\"bookmark\" data-image-count=\"1\"><img decoding=\"async\" src=\"https:\/\/brudylab.net\/publica\/wp-content\/uploads\/sites\/2\/2025\/02\/BNEO_0125-480x480.jpg\" alt=\"BNEO_0125\" class=\"active-image\" \/><\/a> \n\t\t\t\t\n\t\t\t\t\t\t<\/div>\n\t\n\n\t\n\t\t\t\t\t\t\n\t\t<div class=\"product_info\">\n\n\t\t\t\t\t\t\t\t<!-- title-->\n\t\t\t\t<h5 class=\"product-title clean_heading\"><a href=\"https:\/\/brudylab.net\/publica\/productos\/brudyneo\/\" title=\"BRUDY NEO\" rel=\"bookmark\">BRUDY NEO<\/a><\/h5>\n\t\t\t\t\n\t\t\t\t<!-- text-->\n\t\t\t\t<p>BRUDYNEO Alimento Para Usos M\u00e9dicos Especiales - M\u00f3dulo de Triglic\u00e9ridos de cadena muy larga Omega-3 (DHA) y Omega-6 (ARA)<\/p>\t\t<\/div>\n\n\t\t\n\n\t\n<\/div>\n\n<div class=\"product_info_footer clearfix\">\n\t\t\t<!-- product price -->\n\t\t\t<p class=\"price icon-\">\t\n\t\t\t\t<del><span class=\"amount\">$25<\/span><\/del> <ins><span class=\"amount\">$15<\/span><\/ins>\n\t\t\t<\/p> \n\t\t<div class=\"action_buttons\"><a href=\"https:\/\/brudylab.net\/publica\/productos\/brudyneo\/\" title=\"BRUDY NEO\" class=\"details icon-angle-right\">Details<\/a><\/div><\/div> \t<\/div>\n<\/div>\n<button href=\"#\" class=\"load_more button_ medium color aligncenter\" autocomplete=\"off\" data-atts=\"id%2Aproduct-dynamicID-591072%7Clist_layout%2A1%2F3%7Clayout_style%2Amasonry%7Cpagination%2Atrue%7Cajax_pagination%2Atrue%7Cfeatured_image_resize%2Atrue%7Cfeatured_image_max_width%2A0%7Cfeatured_image_max_height%2A0%7Cfeatured_image_crop%2Afalse%7Clist_orderby%2Adate%7Clist_order%2AASC%7Citem_per_page%2A6%7Ccategories%2A113%7Cajax%2Afalse%7Cpaged%2A0%7Cwpml_lang%2A%7Cdisplay_descriptions%2Atrue%7Cdisplay_titles%2Atrue%7Cdisplay_price%2Atrue%7Cids%2A%7Cpurpose%2Aproducts\" data-page_count=\"2\" data-current_page=\"1\" data-listid=\"product-dynamicID-591072\"><span class=\"icon-angle-double-down\"><\/span>LOAD MORE<\/button>[vc_empty_space height=&#8221;42px&#8221;][\/vc_column][\/vc_row]\n","protected":false},"excerpt":{"rendered":"<p>[vc_row rt_row_background_width=&#8221;fullwidth&#8221; rt_row_content_width=&#8221;default&#8221; rt_row_style=&#8221;default-style&#8221; rt_row_borders=&#8221;&#8221; rt_row_shadows=&#8221;&#8221; rt_column_view=&#8221;boxed_columns&#8221; rt_row_paddings=&#8221;true&#8221; rt_bg_effect=&#8221;classic&#8221; rt_bg_image_repeat=&#8221;repeat&#8221; rt_bg_size=&#8221;cover&#8221; rt_bg_position=&#8221;right top&#8221; rt_bg_attachment=&#8221;scroll&#8221; rt_bg_video_format=&#8221;self-hosted&#8221;][vc_column rt_column_shadow=&#8221;&#8221; rt_bg_image_repeat=&#8221;repeat&#8221; rt_bg_size=&#8221;auto auto&#8221; rt_bg_attachment=&#8221;scroll&#8221;][vc_empty_space height=&#8221;42px&#8221;][\/vc_column][\/vc_row&#8230; <a class=\"more-link\" href=\"https:\/\/brudylab.net\/publica\/productos\/brudyneo\/\">Continue reading<\/a><\/p>\n","protected":false},"author":2,"featured_media":0,"parent":0,"menu_order":0,"comment_status":"closed","ping_status":"closed","template":"","meta":{"inline_featured_image":false,"footnotes":""},"class_list":["post-6019","page","type-page","status-publish","hentry"],"_links":{"self":[{"href":"https:\/\/brudylab.net\/publica\/wp-json\/wp\/v2\/pages\/6019","targetHints":{"allow":["GET"]}}],"collection":[{"href":"https:\/\/brudylab.net\/publica\/wp-json\/wp\/v2\/pages"}],"about":[{"href":"https:\/\/brudylab.net\/publica\/wp-json\/wp\/v2\/types\/page"}],"author":[{"embeddable":true,"href":"https:\/\/brudylab.net\/publica\/wp-json\/wp\/v2\/users\/2"}],"replies":[{"embeddable":true,"href":"https:\/\/brudylab.net\/publica\/wp-json\/wp\/v2\/comments?post=6019"}],"version-history":[{"count":2,"href":"https:\/\/brudylab.net\/publica\/wp-json\/wp\/v2\/pages\/6019\/revisions"}],"predecessor-version":[{"id":6045,"href":"https:\/\/brudylab.net\/publica\/wp-json\/wp\/v2\/pages\/6019\/revisions\/6045"}],"wp:attachment":[{"href":"https:\/\/brudylab.net\/publica\/wp-json\/wp\/v2\/media?parent=6019"}],"curies":[{"name":"wp","href":"https:\/\/api.w.org\/{rel}","templated":true}]}}